{"id":7964,"date":"2024-02-27T16:04:24","date_gmt":"2024-02-27T15:04:24","guid":{"rendered":"https:\/\/www.alliancefrancaise.cz\/plzen\/poukaz\/"},"modified":"2024-11-27T16:17:34","modified_gmt":"2024-11-27T15:17:34","slug":"bon-cadeau","status":"publish","type":"page","link":"https:\/\/www.alliancefrancaise.cz\/plzen\/fr\/bon-cadeau\/","title":{"rendered":"Bon cadeau"},"content":{"rendered":"\n<div class=\"wp-block-group alignfull\"><div class=\"wp-block-group__inner-container is-layout-flow wp-block-group-is-layout-flow\">\n<div class=\"wp-block-columns is-layout-flex wp-container-core-columns-is-layout-9d6595d7 wp-block-columns-is-layout-flex\">\n<div class=\"wp-block-column is-vertically-aligned-top is-layout-flow wp-block-column-is-layout-flow\"><div class=\"wp-block-image\">\n<figure class=\"aligncenter size-full is-resized\"><img loading=\"lazy\" decoding=\"async\" width=\"1417\" height=\"1000\" src=\"https:\/\/www.alliancefrancaise.cz\/plzen\/wp-content\/uploads\/2024\/02\/arton1792-d3dab-e1708093164557.jpg\" alt=\"\" class=\"wp-image-7146\" style=\"width:472px;height:auto\" srcset=\"https:\/\/www.alliancefrancaise.cz\/plzen\/wp-content\/uploads\/2024\/02\/arton1792-d3dab-e1708093164557.jpg 1417w, https:\/\/www.alliancefrancaise.cz\/plzen\/wp-content\/uploads\/2024\/02\/arton1792-d3dab-e1708093164557-460x325.jpg 460w, https:\/\/www.alliancefrancaise.cz\/plzen\/wp-content\/uploads\/2024\/02\/arton1792-d3dab-e1708093164557-1360x960.jpg 1360w, https:\/\/www.alliancefrancaise.cz\/plzen\/wp-content\/uploads\/2024\/02\/arton1792-d3dab-e1708093164557-768x542.jpg 768w\" sizes=\"auto, (max-width: 1417px) 100vw, 1417px\" \/><\/figure>\n<\/div><\/div>\n\n\n\n<div class=\"wp-block-column is-vertically-aligned-center is-layout-flow wp-block-column-is-layout-flow\">\n<p>Nous vous offrons la possibilit\u00e9 d&rsquo;<strong>offrir un bon cadeau \u00e0 vos proches pour un cours de fran\u00e7ais (collectif ou individuel, montant de votre choix).<\/strong> Vous pouvez venir demander un bon cadeau pendant les heures d&rsquo;ouverture ou bien nous \u00e9crire \u00e0 <a href=\"mailto:direction.plzen@alliancefrancaise.cz\">cours.plzen@alliancefrancaise.cz<\/a> si vous ne pouvez pas vous d\u00e9placer.<\/p>\n<\/div>\n<\/div>\n<\/div><\/div>\n","protected":false},"excerpt":{"rendered":"<p>Nous vous offrons la possibilit\u00e9 d&rsquo;offrir un bon cadeau \u00e0 vos proches pour un cours de fran\u00e7ais (collectif ou individuel, montant de votre choix). Vous pouvez venir demander&#8230;<\/p>\n","protected":false},"author":4,"featured_media":0,"parent":0,"menu_order":0,"comment_status":"closed","ping_status":"closed","template":"","meta":{"_acf_changed":false,"footnotes":""},"class_list":["post-7964","page","type-page","status-publish","hentry"],"acf":[],"_links":{"self":[{"href":"https:\/\/www.alliancefrancaise.cz\/plzen\/fr\/wp-json\/wp\/v2\/pages\/7964","targetHints":{"allow":["GET"]}}],"collection":[{"href":"https:\/\/www.alliancefrancaise.cz\/plzen\/fr\/wp-json\/wp\/v2\/pages"}],"about":[{"href":"https:\/\/www.alliancefrancaise.cz\/plzen\/fr\/wp-json\/wp\/v2\/types\/page"}],"author":[{"embeddable":true,"href":"https:\/\/www.alliancefrancaise.cz\/plzen\/fr\/wp-json\/wp\/v2\/users\/4"}],"replies":[{"embeddable":true,"href":"https:\/\/www.alliancefrancaise.cz\/plzen\/fr\/wp-json\/wp\/v2\/comments?post=7964"}],"version-history":[{"count":3,"href":"https:\/\/www.alliancefrancaise.cz\/plzen\/fr\/wp-json\/wp\/v2\/pages\/7964\/revisions"}],"predecessor-version":[{"id":15098,"href":"https:\/\/www.alliancefrancaise.cz\/plzen\/fr\/wp-json\/wp\/v2\/pages\/7964\/revisions\/15098"}],"wp:attachment":[{"href":"https:\/\/www.alliancefrancaise.cz\/plzen\/fr\/wp-json\/wp\/v2\/media?parent=7964"}],"curies":[{"name":"wp","href":"https:\/\/api.w.org\/{rel}","templated":true}]}}