{"id":7967,"date":"2023-06-26T10:30:53","date_gmt":"2023-06-26T08:30:53","guid":{"rendered":"https:\/\/www.alliancefrancaise.cz\/plzen\/kdo-jsme\/"},"modified":"2024-03-14T13:11:48","modified_gmt":"2024-03-14T12:11:48","slug":"histoire-association","status":"publish","type":"page","link":"https:\/\/www.alliancefrancaise.cz\/plzen\/fr\/histoire-association\/","title":{"rendered":"Histoire de l&rsquo;association"},"content":{"rendered":"\n<div class=\"wp-block-group alignfull has-background\" style=\"background:linear-gradient(135deg,rgb(243,243,243) 0%,rgb(243,243,243) 100%)\"><div class=\"wp-block-group__inner-container is-layout-flow wp-block-group-is-layout-flow\">\n<div style=\"height:30px\" aria-hidden=\"true\" class=\"wp-block-spacer\"><\/div>\n\n\n\n<div class=\"wp-block-columns are-vertically-aligned-center is-layout-flex wp-container-core-columns-is-layout-9d6595d7 wp-block-columns-is-layout-flex\">\n<div class=\"wp-block-column is-layout-flow wp-block-column-is-layout-flow\" style=\"flex-basis:60%\">\n<h2 class=\"wp-block-heading has-text-color\" style=\"color:#000000\"><strong><mark style=\"background-color:rgba(0, 0, 0, 0)\" class=\"has-inline-color has-red-color\">Alliance Fran\u00e7aise de Plze\u0148<\/mark><\/strong><\/h2>\n\n\n\n<p><em>L\u2019Alliance fran\u00e7aise de Plze\u0148 est une association de droit local, \u00e0 but non lucratif. Cr\u00e9\u00e9e en 1990 par des Tch\u00e8ques d\u00e9sireux de cr\u00e9er un pont entre leur culture et la culture fran\u00e7aise, elle est r\u00e9gie par un Conseil d\u2019administration compos\u00e9 de b\u00e9n\u00e9voles. Elle fait partie d\u2019un r\u00e9seau historique de plus de 800 associations \u00e0 travers le monde.<\/em><\/p>\n<\/div>\n\n\n\n<div class=\"wp-block-column is-layout-flow wp-block-column-is-layout-flow\" style=\"flex-basis:40%\">\n<hr class=\"wp-block-separator has-text-color has-css-opacity has-background is-style-wide\" style=\"background-color:#000000;color:#000000\"\/>\n<\/div>\n<\/div>\n\n\n\n<div class=\"wp-block-columns is-layout-flex wp-container-core-columns-is-layout-9d6595d7 wp-block-columns-is-layout-flex\">\n<div class=\"wp-block-column is-vertically-aligned-top is-layout-flow wp-block-column-is-layout-flow\">\n<figure class=\"wp-block-image size-full\"><img loading=\"lazy\" decoding=\"async\" width=\"640\" height=\"480\" src=\"https:\/\/www.alliancefrancaise.cz\/plzen\/wp-content\/uploads\/2024\/02\/BatimentAF.jpg\" alt=\"\" class=\"wp-image-7191\" srcset=\"https:\/\/www.alliancefrancaise.cz\/plzen\/wp-content\/uploads\/2024\/02\/BatimentAF.jpg 640w, https:\/\/www.alliancefrancaise.cz\/plzen\/wp-content\/uploads\/2024\/02\/BatimentAF-460x345.jpg 460w\" sizes=\"auto, (max-width: 640px) 100vw, 640px\" \/><\/figure>\n<\/div>\n\n\n\n<div class=\"wp-block-column is-layout-flow wp-block-column-is-layout-flow\">\n<p><strong><strong>Les missions de l\u2019Alliance fran\u00e7aise de Plze\u0148<\/strong><\/strong> :<\/p>\n\n\n\n<ul class=\"wp-block-list\">\n<li>diffuser la langue fran\u00e7aise en Boh\u00eame de l\u2019Ouest, gr\u00e2ce \u00e0 l\u2019enseignement de qualit\u00e9 et de nombreuses manifestations culturelles ouvertes \u00e0 tous<\/li>\n\n\n\n<li>regrouper tous ceux qui d\u00e9sirent approfondir leurs connaissances dans le domaine de la langue, de la pens\u00e9e et de la culture fran\u00e7aises<\/li>\n\n\n\n<li>d\u00e9velopper les \u00e9changes linguistiques et culturels favorisant un rapprochement entre la France et la R\u00e9publique tch\u00e8que \u00e0 tous les niveaux, notamment dans les domaines universitaires, scolaires et artistiques.<\/li>\n<\/ul>\n<\/div>\n\n\n\n<div class=\"wp-block-column is-layout-flow wp-block-column-is-layout-flow\">\n<p><strong><strong>L\u2019Alliance fran\u00e7aise de Plze\u0148 vous propose\u00a0:<\/strong><\/strong><\/p>\n\n\n\n<ul class=\"wp-block-list\">\n<li>Des cours de fran\u00e7ais reconnus pour leur qualit\u00e9, octroy\u00e9s par des professeurs tch\u00e8ques et natifs form\u00e9s et dipl\u00f4m\u00e9s<\/li>\n\n\n\n<li>La pr\u00e9paration aux examens et dipl\u00f4mes de fran\u00e7ais (DELF\/DALF),<\/li>\n\n\n\n<li>Des ressources \u00e0 la port\u00e9e de tous (nombreux livres tous niveaux, pour les enfants comme pour les adultes), dans notre m\u00e9diath\u00e8que<\/li>\n\n\n\n<li>L\u2019organisation de manifestations culturelles et \u00e9ducatives tout au long de l\u2019ann\u00e9e<\/li>\n\n\n\n<li>Des clubs de discussion, organis\u00e9s toutes les semaines et anim\u00e9s par un fran\u00e7ais, pour s\u2019exercer librement et gratuitement<\/li>\n\n\n\n<li>Un programme de mobilit\u00e9 lyc\u00e9enne, en coop\u00e9ration avec la r\u00e9gion de Plze\u0148, qui permet, chaque ann\u00e9e, \u00e0 une dizaine de lyc\u00e9ens de Plze\u0148 et de sa r\u00e9gion d\u2019effectuer un an de leur scolarit\u00e9 en France.<\/li>\n<\/ul>\n<\/div>\n<\/div>\n\n\n\n<div style=\"height:30px\" aria-hidden=\"true\" class=\"wp-block-spacer\"><\/div>\n<\/div><\/div>\n\n\n\n<div class=\"wp-block-group alignfull\"><div class=\"wp-block-group__inner-container is-layout-constrained wp-block-group-is-layout-constrained\">\n<div class=\"wp-block-columns is-layout-flex wp-container-core-columns-is-layout-9d6595d7 wp-block-columns-is-layout-flex\">\n<div class=\"wp-block-column is-layout-flow wp-block-column-is-layout-flow\" style=\"flex-basis:66.66%\">\n<h2 class=\"wp-block-heading\">La Fondation des Alliances fran\u00e7aise<\/h2>\n\n\n\n<p>Toutes les Alliances fran\u00e7aises, quelque soit leur implantation dans le monde, sont li\u00e9es \u00e0 la Fondation des Alliances fran\u00e7aises fond\u00e9e en 2007 et situ\u00e9e \u00e0 Paris.<\/p>\n\n\n\n<p>La Fondation des Alliances fran\u00e7aises reprend la mission historique de l\u2019Alliance fran\u00e7aise de Paris et assure la coordination de ce r\u00e9seau associatif mondial. Li\u00e9e au Minist\u00e8re des Affaires \u00e9trang\u00e8res et europ\u00e9enne par une convention annuelle, elle participe activement \u00e0 la politique de coop\u00e9ration linguistique et culturelle de la France aux c\u00f4t\u00e9s des Instituts fran\u00e7ais implant\u00e9s \u00e0 l\u2019\u00e9tranger.<\/p>\n\n\n\n<p>Les projets d\u2019implantation sont pr\u00e9sent\u00e9s \u00e0 la Fondation qui accorde le label \u00ab\u00a0Alliance fran\u00e7aise\u00a0\u00bb apr\u00e8s avoir approuv\u00e9 les statuts de l\u2019association. Chaque repr\u00e9sentation est ensuite enregistr\u00e9e dans le pays d\u2019accueil conform\u00e9ment \u00e0 ses lois.<\/p>\n<\/div>\n\n\n\n<div class=\"wp-block-column is-vertically-aligned-center is-layout-flow wp-block-column-is-layout-flow\" style=\"flex-basis:33.33%\">\n<figure class=\"wp-block-image size-full\"><img loading=\"lazy\" decoding=\"async\" width=\"651\" height=\"253\" src=\"https:\/\/www.alliancefrancaise.cz\/plzen\/wp-content\/uploads\/2023\/06\/logo1.png\" alt=\"\" class=\"wp-image-6100\" srcset=\"https:\/\/www.alliancefrancaise.cz\/plzen\/wp-content\/uploads\/2023\/06\/logo1.png 651w, https:\/\/www.alliancefrancaise.cz\/plzen\/wp-content\/uploads\/2023\/06\/logo1-460x179.png 460w\" sizes=\"auto, (max-width: 651px) 100vw, 651px\" \/><\/figure>\n<\/div>\n<\/div>\n<\/div><\/div>\n","protected":false},"excerpt":{"rendered":"<p>Alliance Fran\u00e7aise de Plze\u0148 L\u2019Alliance fran\u00e7aise de Plze\u0148 est une association de droit local, \u00e0 but non lucratif. Cr\u00e9\u00e9e en 1990 par des Tch\u00e8ques d\u00e9sireux de cr\u00e9er un&#8230;<\/p>\n","protected":false},"author":4,"featured_media":7192,"parent":0,"menu_order":0,"comment_status":"closed","ping_status":"closed","template":"","meta":{"_acf_changed":false,"footnotes":""},"class_list":["post-7967","page","type-page","status-publish","has-post-thumbnail","hentry"],"acf":[],"_links":{"self":[{"href":"https:\/\/www.alliancefrancaise.cz\/plzen\/fr\/wp-json\/wp\/v2\/pages\/7967","targetHints":{"allow":["GET"]}}],"collection":[{"href":"https:\/\/www.alliancefrancaise.cz\/plzen\/fr\/wp-json\/wp\/v2\/pages"}],"about":[{"href":"https:\/\/www.alliancefrancaise.cz\/plzen\/fr\/wp-json\/wp\/v2\/types\/page"}],"author":[{"embeddable":true,"href":"https:\/\/www.alliancefrancaise.cz\/plzen\/fr\/wp-json\/wp\/v2\/users\/4"}],"replies":[{"embeddable":true,"href":"https:\/\/www.alliancefrancaise.cz\/plzen\/fr\/wp-json\/wp\/v2\/comments?post=7967"}],"version-history":[{"count":1,"href":"https:\/\/www.alliancefrancaise.cz\/plzen\/fr\/wp-json\/wp\/v2\/pages\/7967\/revisions"}],"predecessor-version":[{"id":7969,"href":"https:\/\/www.alliancefrancaise.cz\/plzen\/fr\/wp-json\/wp\/v2\/pages\/7967\/revisions\/7969"}],"wp:featuredmedia":[{"embeddable":true,"href":"https:\/\/www.alliancefrancaise.cz\/plzen\/fr\/wp-json\/wp\/v2\/media\/7192"}],"wp:attachment":[{"href":"https:\/\/www.alliancefrancaise.cz\/plzen\/fr\/wp-json\/wp\/v2\/media?parent=7967"}],"curies":[{"name":"wp","href":"https:\/\/api.w.org\/{rel}","templated":true}]}}