{"id":7971,"date":"2023-06-26T10:32:59","date_gmt":"2023-06-26T08:32:59","guid":{"rendered":"https:\/\/www.alliancefrancaise.cz\/plzen\/nas-tym\/"},"modified":"2025-11-18T07:57:17","modified_gmt":"2025-11-18T06:57:17","slug":"notre-equipe","status":"publish","type":"page","link":"https:\/\/www.alliancefrancaise.cz\/plzen\/fr\/notre-equipe\/","title":{"rendered":"Notre \u00e9quipe"},"content":{"rendered":"\n<div class=\"wp-block-group alignfull has-background\" style=\"background:linear-gradient(135deg,rgb(243,243,243) 0%,rgb(243,243,243) 100%)\"><div class=\"wp-block-group__inner-container is-layout-constrained wp-block-group-is-layout-constrained\">\n<div style=\"height:30px\" aria-hidden=\"true\" class=\"wp-block-spacer\"><\/div>\n\n\n\n<div class=\"wp-block-columns is-layout-flex wp-container-core-columns-is-layout-9d6595d7 wp-block-columns-is-layout-flex\">\n<div class=\"wp-block-column is-layout-flow wp-block-column-is-layout-flow\" style=\"flex-basis:33%\">\n<h3 class=\"wp-block-heading\">Pr\u00e9sident<\/h3>\n\n\n\n<p>Le pr\u00e9sident de l\u2019Alliance Fran\u00e7aise de Plze\u0148 est Monsieur&nbsp;<strong>Pierre Hecquet<\/strong>&nbsp;depuis octobre 2025.<\/p>\n\n\n\n<p>Le pr\u00e9sident est \u00e9lu \u00e0 la t\u00eate du Comit\u00e9 de l\u2019Alliance qui est compos\u00e9 de 6 membres. Ce Comit\u00e9 est directement impliqu\u00e9 dans le fonctionnement de l\u2019Alliance.<\/p>\n<\/div>\n\n\n\n<div class=\"wp-block-column is-layout-flow wp-block-column-is-layout-flow\" style=\"flex-basis:33%\">\n<h3 class=\"wp-block-heading\">Comit\u00e9<\/h3>\n\n\n\n<p>Les vice-pr\u00e9sidents du comit\u00e9 sont Mme\u00a0<strong>Jana Komi\u0161ov\u00e1<\/strong> et Mme <strong>Pavla Kocourkov\u00e1<\/strong>.<\/p>\n\n\n\n<p><br>Les autres membres du comit\u00e9 sont\u00a0: M. <strong>Jind\u0159ich Rykovsk\u00fd<\/strong>, M. <strong>R\u00e9my Fournier<\/strong>, Mme <strong>Veronika Jilichov\u00e1 Nov\u00e1<\/strong> et M.\u00a0<strong>Zbyn\u011bk Ka\u0161par<\/strong>.<\/p>\n<\/div>\n\n\n\n<div class=\"wp-block-column is-layout-flow wp-block-column-is-layout-flow\" style=\"flex-basis:33%\">\n<h3 class=\"wp-block-heading\">Directrice<\/h3>\n\n\n\n<p>Le poste de directrice de l\u2019Alliance est actuellement occup\u00e9 par Mme&nbsp;<strong>Jana Kozlov\u00e1<\/strong>, qui a donc \u00e0 sa charge la gestion et le fonctionnement administratif de l\u2019Alliance, ainsi que l\u2019organisation de projets culturels.<\/p>\n<\/div>\n<\/div>\n\n\n\n<div style=\"height:30px\" aria-hidden=\"true\" class=\"wp-block-spacer\"><\/div>\n<\/div><\/div>\n\n\n\n<div class=\"wp-block-group alignfull\"><div class=\"wp-block-group__inner-container is-layout-constrained wp-block-group-is-layout-constrained\">\n<h3 class=\"wp-block-heading\"><mark style=\"background-color:rgba(0, 0, 0, 0)\" class=\"has-inline-color has-red-color\">\u00c9quipe p\u00e9dagogique<\/mark><\/h3>\n\n\n<div id=\"kontaktniOsoby-block_c2a34399e2e1cc655c017dcd085ead69\" class=\"kontaktyOsoby justify-content-center\">\n        <div class=\"osoba row mb-4 animTop \">\n        <div class=\"col-md-3 text-center order-md-2\">\n\n\n            <div class=\"ratio ratio-1x1 my-3\"><img loading=\"lazy\" decoding=\"async\" width=\"276\" height=\"305\" src=\"https:\/\/www.alliancefrancaise.cz\/plzen\/wp-content\/uploads\/2024\/03\/2024-03-13_100306.png\" class=\"imgOsoby mb-2\" alt=\"Fanny P.\" \/><\/div><div class=\"jmeno h5 mb-0 text-black\">Fanny Poirier &#8211; Moravcov\u00e1<\/div><div class=\"pozice mb-3\">Enseignante<\/div>\n        <\/div>\n        <div class=\"col-md-9 order-md-3\">\n            <div class=\"obalTextuOsoby text-black\"><p><b>Qu&rsquo;est que ce que vous aimez dans le fran\u00e7ais ?<\/b><\/p>\n<p><span style=\"font-weight: 400;\">C\u2019est la langue que j\u2019ai entendue le jour de ma naissance et elle m\u2019a tout de suite plu.<\/span><\/p>\n<p><b>Quelle est votre mission \u00e0 l&rsquo;AF de Plze\u0148 ?<\/b><\/p>\n<p><span style=\"font-weight: 400;\">J\u2019anime des s\u00e9ances de conversation. Je suis l\u00e0 pour vous donner la r\u00e9plique et passer un bon moment avec vous. Je vous remercie de me donner l&rsquo;occasion de converser dans ma langue natale, de la parler et surtout de vous l\u2019entendre parler.<\/span><\/p>\n<p><b>Quel est votre chanteur (chanteuse) pr\u00e9f\u00e9r\u00e9.e ?\u00a0<\/b><\/p>\n<p><span style=\"font-weight: 400;\">Bernard Lavilliers<\/span><\/p>\n<\/div>        <\/div>\n    <\/div>\n        <div class=\"osoba row mb-4 animTop \">\n        <div class=\"col-md-3 text-center order-md-3\">\n\n\n            <div class=\"ratio ratio-1x1 my-3\"><img loading=\"lazy\" decoding=\"async\" width=\"298\" height=\"329\" src=\"https:\/\/www.alliancefrancaise.cz\/plzen\/wp-content\/uploads\/2024\/03\/2024-03-13_100344.png\" class=\"imgOsoby mb-2\" alt=\"Jana S.\" \/><\/div><div class=\"jmeno h5 mb-0 text-black\">Jana \u0160irajchov\u00e1<\/div><div class=\"pozice mb-3\">Enseignante<\/div>\n        <\/div>\n        <div class=\"col-md-9 order-md-1 opacnaSipka\">\n            <div class=\"obalTextuOsoby text-black\"><p><b>Qu&rsquo;est que ce que vous aimez dans le fran\u00e7ais ?<\/b><\/p>\n<p><span style=\"font-weight: 400;\">Je consid\u00e8re le fran\u00e7ais comme la langue la plus agr\u00e9able \u00e0 entendre, c\u2019est probablement la langue la plus po\u00e9tique du monde. J\u2019aime beaucoup sa fluidit\u00e9 et sa m\u00e9lodie &#8211; c\u2019est la raison pour laquelle j\u2019ai d\u00e9cid\u00e9 de l\u2019apprendre et plus tard de l\u2019enseigner.<\/span><\/p>\n<p><b>Quelle est votre mission \u00e0 l&rsquo;AF de Plze\u0148 ?<\/b><\/p>\n<p><span style=\"font-weight: 400;\">Je suis membre de l&rsquo;\u00e9quipe de l\u2019AF de Plze\u0148 depuis 11 ans. J\u2019y enseigne le fran\u00e7ais et le tch\u00e8que pour les \u00e9trangers. En plus, je suis l\u2019une des animatrices de l\u2019Heure du conte &#8211; nous partageons de beaux moments avec des enfants en leur lisant des histoires dr\u00f4les et palpitantes.<\/span><\/p>\n<p><b>Quel est votre livre francophone pr\u00e9f\u00e9r\u00e9 ?<\/b><\/p>\n<p><span style=\"font-weight: 400;\">Nadja &#8211; Andr\u00e9 Breton<\/span><\/p>\n<\/div>        <\/div>\n    <\/div>\n        <div class=\"osoba row mb-4 animTop \">\n        <div class=\"col-md-3 text-center order-md-2\">\n\n\n            <div class=\"ratio ratio-1x1 my-3\"><img loading=\"lazy\" decoding=\"async\" width=\"251\" height=\"275\" src=\"https:\/\/www.alliancefrancaise.cz\/plzen\/wp-content\/uploads\/2024\/03\/2024-03-13_100210.png\" class=\"imgOsoby mb-2\" alt=\"Katka K.\" \/><\/div><div class=\"jmeno h5 mb-0 text-black\">Kate\u0159ina Kaderov\u00e1<\/div><div class=\"pozice mb-3\">Enseignante<\/div>\n        <\/div>\n        <div class=\"col-md-9 order-md-3\">\n            <div class=\"obalTextuOsoby text-black\"><p><b>Pourquoi apprendre le fran\u00e7ais ?<\/b><\/p>\n<p><span style=\"font-weight: 400;\">Presque chacun sait parler anglais. Alors c\u2019est la connaissance d\u2019une autre langue qui fait la diff\u00e9rence. En plus, le fran\u00e7ais, ce n\u2019est pas seulement une belle langue, mais aussi une langue utilis\u00e9e dans le monde entier.<\/span><\/p>\n<p><b>Quelle est votre mission \u00e0 l&rsquo;AF de Plze\u0148 ?<\/b><\/p>\n<p><span style=\"font-weight: 400;\">Actuellement, j\u2019ai deux cours de s\u00e9niors et aussi quelques le\u00e7ons individuelles.<\/span><\/p>\n<p><b>Quel est votre chanteur (chanteuse) pr\u00e9f\u00e9r\u00e9.e ?\u00a0<\/b><\/p>\n<p><span style=\"font-weight: 400;\">J\u2019aime bien Zaz et ses chansons pleines d\u2019\u00e9nergie.<\/span><\/p>\n<\/div>        <\/div>\n    <\/div>\n        <div class=\"osoba row mb-4 animTop \">\n        <div class=\"col-md-3 text-center order-md-3\">\n\n\n            <div class=\"ratio ratio-1x1 my-3\"><img loading=\"lazy\" decoding=\"async\" width=\"326\" height=\"354\" src=\"https:\/\/www.alliancefrancaise.cz\/plzen\/wp-content\/uploads\/2024\/03\/2024-03-13_100351.png\" class=\"imgOsoby mb-2\" alt=\"Bara S.\" \/><\/div><div class=\"jmeno h5 mb-0 text-black\">Barbora \u0160neberkov\u00e1<\/div><div class=\"pozice mb-3\">Enseignante<\/div>\n        <\/div>\n        <div class=\"col-md-9 order-md-1 opacnaSipka\">\n            <div class=\"obalTextuOsoby text-black\"><p><b>Qu&rsquo;est que ce que vous aimez dans le fran\u00e7ais ?<\/b><\/p>\n<p><span style=\"font-weight: 400;\">Sa beaut\u00e9 et sa pr\u00e9cision<\/span><\/p>\n<p><b>Quelle est votre mission \u00e0 l&rsquo;AF de Plze\u0148 ?<\/b><\/p>\n<p><span style=\"font-weight: 400;\">Cours de fran\u00e7ais g\u00e9n\u00e9ral. Niveau d\u00e9butants &#8211; avanc\u00e9s.<\/span><\/p>\n<p><b>Quel est votre auteur francophone pr\u00e9f\u00e9r\u00e9.e ?<\/b><\/p>\n<p><span style=\"font-weight: 400;\">Robert Merle<\/span><\/p>\n<\/div>        <\/div>\n    <\/div>\n        <div class=\"osoba row mb-4 animTop \">\n        <div class=\"col-md-3 text-center order-md-2\">\n\n\n            <div class=\"ratio ratio-1x1 my-3\"><img loading=\"lazy\" decoding=\"async\" width=\"310\" height=\"334\" src=\"https:\/\/www.alliancefrancaise.cz\/plzen\/wp-content\/uploads\/2024\/03\/2024-03-13_095844.png\" class=\"imgOsoby mb-2\" alt=\"Katka C.\" \/><\/div><div class=\"jmeno h5 mb-0 text-black\">Kate\u0159ina C\u00edzlov\u00e1<\/div><div class=\"pozice mb-3\">Enseignante<\/div>\n        <\/div>\n        <div class=\"col-md-9 order-md-3\">\n            <div class=\"obalTextuOsoby text-black\"><p><b>Pourquoi apprendre le fran\u00e7ais ?<\/b><\/p>\n<p><span style=\"font-weight: 400;\">Parce qu\u2019on vous dit \u201cTu parles fran\u00e7ais ? Wow\u2026 Dis quelque chose, \u00e7a sonne si bien !\u201d<\/span><\/p>\n<p><b>Quelle est votre mission \u00e0 l&rsquo;AF de Plze\u0148 ?<\/b><\/p>\n<p>Je donne un cours B2 avanc\u00e9. Auparavant, j&rsquo;ai \u00e9galement particip\u00e9 aux rencontres \u00ab\u00a0Le petit rendez-vous\u00a0\u00bb pour les parents et les enfants.<\/p>\n<p><b>Quel est votre livre francophone pr\u00e9f\u00e9r\u00e9 ?<\/b><\/p>\n<p><span style=\"font-weight: 400;\">Le Petit Prince et le Petit Nicolas.<\/span><\/p>\n<\/div>        <\/div>\n    <\/div>\n        <div class=\"osoba row mb-4 animTop \">\n        <div class=\"col-md-3 text-center order-md-3\">\n\n\n            <div class=\"ratio ratio-1x1 my-3\"><img loading=\"lazy\" decoding=\"async\" width=\"308\" height=\"331\" src=\"https:\/\/www.alliancefrancaise.cz\/plzen\/wp-content\/uploads\/2024\/03\/2024-03-13_100155.png\" class=\"imgOsoby mb-2\" alt=\"Jitka H.\" \/><\/div><div class=\"jmeno h5 mb-0 text-black\">Jitka He\u0159manov\u00e1<\/div><div class=\"pozice mb-3\">Enseignante<\/div>\n        <\/div>\n        <div class=\"col-md-9 order-md-1 opacnaSipka\">\n            <div class=\"obalTextuOsoby text-black\"><p><b>Pourquoi apprendre le fran\u00e7ais ?<\/b><\/p>\n<p><span style=\"font-weight: 400;\">Pour moi, le fran\u00e7ais est la porte d\u2019entr\u00e9e en France et j\u2019adore son magnifique caract\u00e8re onomatop\u00e9ique.<\/span><\/p>\n<p><b>Quelle est votre mission \u00e0 l&rsquo;AF de Plze\u0148 ?<\/b><\/p>\n<p><span style=\"font-weight: 400;\">Depuis de nombreuses ann\u00e9es, j\u2019enseigne des cours de fran\u00e7ais g\u00e9n\u00e9ral \u00e0 diff\u00e9rents niveaux et \u00e7a me fait toujours plaisir.<\/span><\/p>\n<p><b>Quel est votre livre francophone pr\u00e9f\u00e9r\u00e9 ?<\/b><\/p>\n<p><span style=\"font-weight: 400;\">J\u2019aime les auteurs fran\u00e7ais classiques comme Honor\u00e9 de Balzac, Guy de Maupassant\u2026 et j\u2019aime aussi les po\u00e8tes maudits. Je ne peux pas oublier les compositeurs fran\u00e7ais tels que Claude Debussy, Jacques Offenbach\u2026 dont je joue les \u0153uvres au piano avec toujours autant de plaisir.<\/span><\/p>\n<\/div>        <\/div>\n    <\/div>\n        <div class=\"osoba row mb-4 animTop \">\n        <div class=\"col-md-3 text-center order-md-2\">\n\n\n            <div class=\"ratio ratio-1x1 my-3\"><img loading=\"lazy\" decoding=\"async\" width=\"301\" height=\"460\" src=\"https:\/\/www.alliancefrancaise.cz\/plzen\/wp-content\/uploads\/2024\/04\/annePougnard-1-301x460.jpg\" class=\"imgOsoby mb-2\" alt=\"Anne Pougnard\" srcset=\"https:\/\/www.alliancefrancaise.cz\/plzen\/wp-content\/uploads\/2024\/04\/annePougnard-1-301x460.jpg 301w, https:\/\/www.alliancefrancaise.cz\/plzen\/wp-content\/uploads\/2024\/04\/annePougnard-1.jpg 509w\" sizes=\"auto, (max-width: 301px) 100vw, 301px\" \/><\/div><div class=\"jmeno h5 mb-0 text-black\">Anne Pougnard<\/div><div class=\"pozice mb-3\">Enseignante<\/div>\n        <\/div>\n        <div class=\"col-md-9 order-md-3\">\n            <div class=\"obalTextuOsoby text-black\"><p><b>Qu&rsquo;est que ce que vous aimez dans le fran\u00e7ais ?<\/b><\/p>\n<p><span style=\"font-weight: 400;\">C\u2019est ma langue maternelle, c\u2019est intime, naturel, ma racine.<\/span><\/p>\n<p><b>Quelle est votre mission \u00e0 l&rsquo;AF de Plze\u0148 ?<\/b><\/p>\n<p><span style=\"font-weight: 400;\">J\u2019ai plaisir \u00e0 transmettre et partager mon go\u00fbt pour la langue, pour la culture fran\u00e7aise, j\u2019aime donner l\u2019envie de les d\u00e9couvrir. Cet \u00e9change est un v\u00e9ritable enrichissement pour moi.<\/span><\/p>\n<p><b>Quel est votre film francophone pr\u00e9f\u00e9r\u00e9 ?<\/b><\/p>\n<p><span style=\"font-weight: 400;\">Le film \u201cA bout de souffle\u201d de Jean-Luc Godart<\/span><\/p>\n<\/div>        <\/div>\n    <\/div>\n        <div class=\"osoba row mb-4 animTop \">\n        <div class=\"col-md-3 text-center order-md-3\">\n\n\n            <div class=\"ratio ratio-1x1 my-3\"><img loading=\"lazy\" decoding=\"async\" width=\"330\" height=\"400\" src=\"https:\/\/www.alliancefrancaise.cz\/plzen\/wp-content\/uploads\/2024\/04\/photo_jean-gallo.jpg\" class=\"imgOsoby mb-2\" alt=\"\" \/><\/div><div class=\"jmeno h5 mb-0 text-black\">Jean Gallo<\/div><div class=\"pozice mb-3\">Enseignant<\/div>\n        <\/div>\n        <div class=\"col-md-9 order-md-1 opacnaSipka\">\n            <div class=\"obalTextuOsoby text-black\"><p><b>Qu\u2019est que ce que vous aimez dans le fran\u00e7ais ?<\/b><\/p>\n<p><span style=\"font-weight: 400;\">J\u2018aime la polys\u00e9mie, et particuli\u00e8rement les mots \u00e0 sens contradictoires, comme le mot personne, qui signifie \u00e0 la fois la pr\u00e9sence et l\u2018absence.<\/span><\/p>\n<p><b>Quelle est votre mission \u00e0 l\u2019AF de Plze\u0148 ?<\/b><\/p>\n<p><span style=\"font-weight: 400;\">Je voudrais aider les \u00e9l\u00e8ves \u00e0 utiliser la langue \u00e9trang\u00e8re pour parler autrement, et pas seulement une autre langue.<\/span><\/p>\n<p><b>Quel est votre chanteur (chanteuse) pr\u00e9f\u00e9r\u00e9.e ?<\/b><\/p>\n<p><span style=\"font-weight: 400;\">Mon chanteur francophone pr\u00e9f\u00e9r\u00e9 est le belge Dick Annegarn.<\/span><\/p>\n<\/div>        <\/div>\n    <\/div>\n    <\/div>\n<\/div><\/div>\n","protected":false},"excerpt":{"rendered":"<p>Pr\u00e9sident Le pr\u00e9sident de l\u2019Alliance Fran\u00e7aise de Plze\u0148 est Monsieur&nbsp;Pierre Hecquet&nbsp;depuis octobre 2025. Le pr\u00e9sident est \u00e9lu \u00e0 la t\u00eate du Comit\u00e9 de l\u2019Alliance qui est compos\u00e9 de&#8230;<\/p>\n","protected":false},"author":1,"featured_media":0,"parent":0,"menu_order":0,"comment_status":"closed","ping_status":"closed","template":"","meta":{"_acf_changed":false,"footnotes":""},"class_list":["post-7971","page","type-page","status-publish","hentry"],"acf":[],"_links":{"self":[{"href":"https:\/\/www.alliancefrancaise.cz\/plzen\/fr\/wp-json\/wp\/v2\/pages\/7971","targetHints":{"allow":["GET"]}}],"collection":[{"href":"https:\/\/www.alliancefrancaise.cz\/plzen\/fr\/wp-json\/wp\/v2\/pages"}],"about":[{"href":"https:\/\/www.alliancefrancaise.cz\/plzen\/fr\/wp-json\/wp\/v2\/types\/page"}],"author":[{"embeddable":true,"href":"https:\/\/www.alliancefrancaise.cz\/plzen\/fr\/wp-json\/wp\/v2\/users\/1"}],"replies":[{"embeddable":true,"href":"https:\/\/www.alliancefrancaise.cz\/plzen\/fr\/wp-json\/wp\/v2\/comments?post=7971"}],"version-history":[{"count":15,"href":"https:\/\/www.alliancefrancaise.cz\/plzen\/fr\/wp-json\/wp\/v2\/pages\/7971\/revisions"}],"predecessor-version":[{"id":16073,"href":"https:\/\/www.alliancefrancaise.cz\/plzen\/fr\/wp-json\/wp\/v2\/pages\/7971\/revisions\/16073"}],"wp:attachment":[{"href":"https:\/\/www.alliancefrancaise.cz\/plzen\/fr\/wp-json\/wp\/v2\/media?parent=7971"}],"curies":[{"name":"wp","href":"https:\/\/api.w.org\/{rel}","templated":true}]}}