{"id":7981,"date":"2018-08-05T10:21:42","date_gmt":"2018-08-05T08:21:42","guid":{"rendered":"https:\/\/www.alliancefrancaise.cz\/plzen\/kontakt\/"},"modified":"2026-03-13T08:46:13","modified_gmt":"2026-03-13T07:46:13","slug":"contact","status":"publish","type":"page","link":"https:\/\/www.alliancefrancaise.cz\/plzen\/fr\/contact\/","title":{"rendered":"Contact"},"content":{"rendered":"\n<div class=\"wp-block-group\"><div class=\"wp-block-group__inner-container is-layout-constrained wp-block-group-is-layout-constrained\">\n<div class=\"wp-block-columns is-layout-flex wp-container-core-columns-is-layout-9d6595d7 wp-block-columns-is-layout-flex\">\n<div class=\"wp-block-column is-layout-flow wp-block-column-is-layout-flow\">\n<h2 class=\"wp-block-heading h3\">Coordonn\u00e9es<\/h2>\n\n\n<ul id=\"kontakty-block_760a0f7c3e50d1fbd03b6e72b774bc45\" class=\"kontakty\">\n        <li class=\"mb-4\">\n        <img loading=\"lazy\" decoding=\"async\" width=\"1\" height=\"1\" src=\"https:\/\/www.alliancefrancaise.cz\/plzen\/wp-content\/uploads\/2023\/06\/pin.svg\" class=\"ikonaKontaktu\" alt=\"pin picto\" \/>        <div class=\"textkontaktu\"><p>Alliance Fran\u00e7aise de Plze\u0148<br class=\"autobr\" \/>n\u00e1m\u011bst\u00ed Republiky 12<br class=\"autobr\" \/>301 00 Plze\u0148<\/p>\n<\/div>\n    <\/li>\n    <\/ul>\n\n\n\n<h2 class=\"wp-block-heading h3\">Directrice<\/h2>\n\n\n<ul id=\"kontakty-block_a26c328c88312d8809e9fb4ed7a99f23\" class=\"kontakty\">\n        <li class=\"mb-4\">\n        <img loading=\"lazy\" decoding=\"async\" width=\"1\" height=\"1\" src=\"https:\/\/www.alliancefrancaise.cz\/plzen\/wp-content\/uploads\/2023\/06\/email.svg\" class=\"ikonaKontaktu\" alt=\"email picto\" \/>        <div class=\"textkontaktu\"><p><strong>Jana Kozlov\u00e1<\/strong><\/p>\n<p><a href=\"mailto:direction.plzen@alliancefrancaise.cz\" target=\"_blank\" rel=\"noopener\">direction.plzen@alliancefrancaise.cz<\/a><\/p>\n<\/div>\n    <\/li>\n    <\/ul>\n\n\n\n<h2 class=\"wp-block-heading h3\">Heure d\u2019ouverture de la r\u00e9ception<\/h2>\n\n\n\n<p><\/p>\n\n\n<ul id=\"kontakty-block_4c03a318d9b007855d85b9ec5fa34395\" class=\"kontakty\">\n        <li class=\"\">\n        <img loading=\"lazy\" decoding=\"async\" width=\"1\" height=\"1\" src=\"https:\/\/www.alliancefrancaise.cz\/plzen\/wp-content\/uploads\/2023\/06\/telefon.svg\" class=\"ikonaKontaktu\" alt=\"telefon picto\" \/>        <div class=\"textkontaktu\"><p>+420 377 237 358<\/p>\n<\/div>\n    <\/li>\n    <\/ul>\n\n\n\n<figure class=\"wp-block-table is-style-stripes\" style=\"font-size:15px\"><table><tbody><tr><td><strong><strong><mark style=\"background-color:rgba(0, 0, 0, 0)\" class=\"has-inline-color has-red-color\">LUNDI<\/mark><\/strong><\/strong><\/td><td class=\"has-text-align-center\" data-align=\"center\"><strong>15h30 &#8211; 18h00<\/strong><\/td><\/tr><tr><td><strong><strong><mark style=\"background-color:rgba(0, 0, 0, 0)\" class=\"has-inline-color has-red-color\">MARDI<\/mark><\/strong><\/strong><\/td><td class=\"has-text-align-center\" data-align=\"center\"><strong><strong>15h30 &#8211; 18h00<\/strong><\/strong><\/td><\/tr><tr><td><strong><strong><mark style=\"background-color:rgba(0, 0, 0, 0)\" class=\"has-inline-color has-red-color\">MERCREDI<\/mark><\/strong><\/strong><\/td><td class=\"has-text-align-center\" data-align=\"center\"><strong>15h50 &#8211; 19h00<\/strong><\/td><\/tr><tr><td><strong><strong><mark style=\"background-color:rgba(0, 0, 0, 0)\" class=\"has-inline-color has-red-color\">JEUDI<\/mark><\/strong><\/strong><\/td><td class=\"has-text-align-center\" data-align=\"center\"><strong>15h50 &#8211; 19h00<\/strong><\/td><\/tr><tr><td><strong><mark style=\"background-color:rgba(0, 0, 0, 0)\" class=\"has-inline-color has-red-color\">VENDREDI<\/mark><\/strong><\/td><td class=\"has-text-align-center\" data-align=\"center\"><strong>ferm\u00e9<\/strong><\/td><\/tr><\/tbody><\/table><\/figure>\n\n\n\n<div style=\"height:30px\" aria-hidden=\"true\" class=\"wp-block-spacer\"><\/div>\n\n\n\n<div class=\"wp-block-columns is-layout-flex wp-container-core-columns-is-layout-9d6595d7 wp-block-columns-is-layout-flex\">\n<div class=\"wp-block-column is-layout-flow wp-block-column-is-layout-flow\">\n<div class=\"wp-block-group\"><div class=\"wp-block-group__inner-container is-layout-constrained wp-block-group-is-layout-constrained\">\n<h2 class=\"wp-block-heading\">Informations de facturation<\/h2>\n\n\n<ul id=\"kontakty-block_1b93ceedb586aeb2a7e3b6b31daf21e9\" class=\"kontakty\">\n        <li class=\"mb-4\">\n                <div class=\"textkontaktu\"><p><strong>Alliance Fran\u00e7aise de Plze\u0148, z. s.<\/strong><br \/>\nn\u00e1m\u011bst\u00ed Republiky 105\/12, Vnit\u0159n\u00ed M\u011bsto, 301 00 Plze\u0148<\/p>\n<p>&nbsp;<\/p>\n<p><strong>I\u010cO :<\/strong> 00520012<br \/>\n<strong>DI\u010c :<\/strong> CZ00520012<br \/>\n<strong>Nous ne payons pas la TVA.<\/strong><\/p>\n<\/div>\n    <\/li>\n    <\/ul>\n<\/div><\/div>\n<\/div>\n\n\n\n<div class=\"wp-block-column is-layout-flow wp-block-column-is-layout-flow\">\n<div class=\"wp-block-group\"><div class=\"wp-block-group__inner-container is-layout-constrained wp-block-group-is-layout-constrained\">\n<h2 class=\"wp-block-heading h3\">Coordonn\u00e9es bancaires<\/h2>\n\n\n<ul id=\"kontakty-block_8747ff0b3334abdd251dd7a64767a233\" class=\"kontakty\">\n        <li class=\"mb-4\">\n                <div class=\"textkontaktu\"><p><strong>Num\u00e9ro de compte :<\/strong> 4934361\/0100<br \/>\n<strong>Banque :<\/strong> Komer\u010dn\u00ed banka<br \/>\n<strong>IBAN:<\/strong> CZ1101000000000004934361<br \/>\n<strong>BIC\/SWIFT:<\/strong> KOMBCZPPXXX<\/p>\n<\/div>\n    <\/li>\n    <\/ul>\n<\/div><\/div>\n<\/div>\n<\/div>\n\n\n\n<iframe src=\"https:\/\/www.google.com\/maps\/embed?pb=!1m14!1m8!1m3!1d10312.332437131445!2d13.3786142!3d49.74688!3m2!1i1024!2i768!4f13.1!3m3!1m2!1s0x0%3A0x64fabae2a380847a!2sAlliance%20fran%C3%A7aise%20de%20Plzen!5e0!3m2!1scs!2scz!4v1658312415598!5m2!1scs!2scz\" width=\"100%\" height=\"450\" style=\"border:0;\" allowfullscreen=\"\" loading=\"lazy\" referrerpolicy=\"no-referrer-when-downgrade\"><\/iframe>\n\n\n\n<div style=\"height:30px\" aria-hidden=\"true\" class=\"wp-block-spacer\"><\/div>\n\n\n\n<div id=\"newsletter-contact\" class=\"wp-block-group\"><div class=\"wp-block-group__inner-container is-layout-constrained wp-block-group-is-layout-constrained\">\n<h2 class=\"wp-block-heading h3\">Newsletter<\/h2>\n\n\n\n<p>Si vous souhaitez recevoir notre newsletter mensuelle, veuillez remplir le formulaire ci-dessous !<\/p>\n\n\n\n<div id=\"mc_embed_shell\">\n      <link href=\"\/\/cdn-images.mailchimp.com\/embedcode\/classic-061523.css\" rel=\"stylesheet\" type=\"text\/css\">\n  <style type=\"text\/css\">\n        #mc_embed_signup{background:#fff; false;clear:left; font:14px Helvetica,Arial,sans-serif; width: 100%;}\n        \/* Add your own Mailchimp form style overrides in your site stylesheet or in this style block.\n           We recommend moving this block and the preceding CSS link to the HEAD of your HTML file. *\/\n<\/style>\n<div id=\"mc_embed_signup\">\n    <form action=\"https:\/\/alliancefrancaise.us20.list-manage.com\/subscribe\/post?u=2709918f8e3710f56258da961&amp;id=542c20adb2&amp;f_id=00d87ceaf0\" method=\"post\" id=\"mc-embedded-subscribe-form\" name=\"mc-embedded-subscribe-form\" class=\"validate\" target=\"_blank\">\n        <div id=\"mc_embed_signup_scroll\"><h2>Recevez notre newsletter !<\/h2>\n            <div class=\"indicates-required\"><span class=\"asterisk\">*<\/span> requis<\/div>\n            <div class=\"mc-field-group\"><label for=\"mce-EMAIL\">E-mail<span class=\"asterisk\">*<\/span><\/label><input type=\"email\" name=\"EMAIL\" class=\"required email\" id=\"mce-EMAIL\" required=\"\" value=\"\"><\/div><div class=\"mc-field-group\"><label for=\"mce-FNAME\">Pr\u00e9nom<\/label><input type=\"text\" name=\"FNAME\" class=\" text\" id=\"mce-FNAME\" value=\"\"><\/div><div class=\"mc-field-group\"><label for=\"mce-LNAME\">Nom<\/label><input type=\"text\" name=\"LNAME\" class=\" text\" id=\"mce-LNAME\" value=\"\"><\/div>\n<div hidden=\"\"><input type=\"hidden\" name=\"tags\" value=\"3502819\"><\/div>\n        <div id=\"mce-responses\" class=\"clear foot\">\n            <div class=\"response\" id=\"mce-error-response\" style=\"display: none;\"><\/div>\n            <div class=\"response\" id=\"mce-success-response\" style=\"display: none;\"><\/div>\n        <\/div>\n    <div aria-hidden=\"true\" style=\"position: absolute; left: -5000px;\">\n        \/* real people should not fill this in and expect good things &#8211; do not remove this or risk form bot signups *\/\n        <input type=\"text\" name=\"b_2709918f8e3710f56258da961_542c20adb2\" tabindex=\"-1\" value=\"\">\n    <\/div>\n        <div class=\"optionalParent\">\n            <div class=\"clear foot\">\n                <input type=\"submit\" name=\"subscribe\" id=\"mc-embedded-subscribe\" class=\"button\" value=\"Confirmer\">\n                <p style=\"margin: 0px auto;\"><a href=\"http:\/\/eepurl.com\/iK5zaA\" title=\"Avec Mailchimp, les campagnes de marketing par e-mail sont un jeu d&#039;enfant\" target=\"_blank\" rel=\"noopener\"><span style=\"display: inline-block; background-color: transparent; border-radius: 4px;\"><img decoding=\"async\" class=\"refferal_badge\" src=\"https:\/\/digitalasset.intuit.com\/render\/content\/dam\/intuit\/mc-fe\/en_us\/images\/intuit-mc-rewards-text-dark.svg\" alt=\"Intuit&nbsp;Mailchimp\" style=\"width: 220px; height: 40px; display: flex; padding: 2px 0px; justify-content: center; align-items: center;\"><\/span><\/a><\/p>\n            <\/div>\n        <\/div>\n    <\/div>\n<\/form>\n<\/div>\n<script type=\"text\/javascript\" src=\"\/\/s3.amazonaws.com\/downloads.mailchimp.com\/js\/mc-validate.js\"><\/script><script type=\"text\/javascript\">(function($) {window.fnames = new Array(); window.ftypes = new Array();fnames[0]='EMAIL';ftypes[0]='email';fnames[1]='FNAME';ftypes[1]='text';fnames[2]='LNAME';ftypes[2]='text';fnames[3]='ADDRESS';ftypes[3]='address';fnames[4]='PHONE';ftypes[4]='phone';fnames[5]='BIRTHDAY';ftypes[5]='birthday';}(jQuery));var $mcj = jQuery.noConflict(true);<\/script><\/div>\n<\/div><\/div>\n<\/div>\n<\/div>\n<\/div><\/div>\n","protected":false},"excerpt":{"rendered":"<p>Coordonn\u00e9es Directrice Heure d\u2019ouverture de la r\u00e9ception LUNDI 15h30 &#8211; 18h00 MARDI 15h30 &#8211; 18h00 MERCREDI 15h50 &#8211; 19h00 JEUDI 15h50 &#8211; 19h00 VENDREDI ferm\u00e9 Informations de facturation&#8230;<\/p>\n","protected":false},"author":1,"featured_media":0,"parent":0,"menu_order":0,"comment_status":"closed","ping_status":"closed","template":"","meta":{"_acf_changed":false,"footnotes":""},"class_list":["post-7981","page","type-page","status-publish","hentry"],"acf":[],"_links":{"self":[{"href":"https:\/\/www.alliancefrancaise.cz\/plzen\/fr\/wp-json\/wp\/v2\/pages\/7981","targetHints":{"allow":["GET"]}}],"collection":[{"href":"https:\/\/www.alliancefrancaise.cz\/plzen\/fr\/wp-json\/wp\/v2\/pages"}],"about":[{"href":"https:\/\/www.alliancefrancaise.cz\/plzen\/fr\/wp-json\/wp\/v2\/types\/page"}],"author":[{"embeddable":true,"href":"https:\/\/www.alliancefrancaise.cz\/plzen\/fr\/wp-json\/wp\/v2\/users\/1"}],"replies":[{"embeddable":true,"href":"https:\/\/www.alliancefrancaise.cz\/plzen\/fr\/wp-json\/wp\/v2\/comments?post=7981"}],"version-history":[{"count":20,"href":"https:\/\/www.alliancefrancaise.cz\/plzen\/fr\/wp-json\/wp\/v2\/pages\/7981\/revisions"}],"predecessor-version":[{"id":16503,"href":"https:\/\/www.alliancefrancaise.cz\/plzen\/fr\/wp-json\/wp\/v2\/pages\/7981\/revisions\/16503"}],"wp:attachment":[{"href":"https:\/\/www.alliancefrancaise.cz\/plzen\/fr\/wp-json\/wp\/v2\/media?parent=7981"}],"curies":[{"name":"wp","href":"https:\/\/api.w.org\/{rel}","templated":true}]}}