{"id":8043,"date":"2024-03-12T16:23:40","date_gmt":"2024-03-12T15:23:40","guid":{"rendered":"https:\/\/www.alliancefrancaise.cz\/plzen\/jazykove-urovne\/"},"modified":"2024-03-20T15:30:54","modified_gmt":"2024-03-20T14:30:54","slug":"niveaux-langue","status":"publish","type":"page","link":"https:\/\/www.alliancefrancaise.cz\/plzen\/fr\/niveaux-langue\/","title":{"rendered":"Niveaux de langue"},"content":{"rendered":"\n<div class=\"wp-block-group alignfull has-background\" style=\"background:linear-gradient(135deg,rgb(243,243,243) 0%,rgb(243,243,243) 100%)\"><div class=\"wp-block-group__inner-container is-layout-constrained wp-block-group-is-layout-constrained\">\n<div style=\"height:30px\" aria-hidden=\"true\" class=\"wp-block-spacer\"><\/div>\n\n\n\n<h2 class=\"wp-block-heading\"><strong>Kurzy \u00farovn\u011b A1<\/strong><\/h2>\n\n\n\n<p>u\u010debnice: Edito A1<br><a href=\"https:\/\/www.megabooks.cz\/p\/6576747\/edito-a1-elve-cd-dvd\" rel=\"noreferrer noopener\" target=\"_blank\">https:\/\/www.megabooks.cz\/p\/6576747\/edito-a1-elve-cd-dvd<\/a><br>1 x t\u00fddn\u011b 90 minut<\/p>\n\n\n\n<p>U\u017eivatel z\u00e1kladn\u00ed \u00farovn\u011b rozum\u00ed z\u00e1kladn\u00edm fr\u00e1z\u00edm, kter\u00e9 se t\u00fdkaj\u00ed jeho osoby, rodiny a bezprost\u0159edn\u00edho okol\u00ed. Um\u00ed se velmi jednoduch\u00fdm zp\u016fsobem domluvit, pokud je jeho partner ochotn\u00fd zopakovat pomaleji svoji v\u00fdpov\u011b\u010f nebo ji p\u0159eformulovat. Zvl\u00e1dne kl\u00e1st jednoduch\u00e9 ot\u00e1zky a na podobn\u00e9 ot\u00e1zky odpov\u00eddat. Samostatn\u011b pop\u00ed\u0161e jednoduch\u00fdmi fr\u00e1zemi m\u00edsto, kde \u017eije, a lidi, kter\u00e9 zn\u00e1. V r\u00e1mci psan\u00e9ho projevu nap\u00ed\u0161e jednoduch\u00fd text na pohlednici, vypln\u00ed formul\u00e1\u0159e obsahuj\u00edc\u00ed osobn\u00ed \u00fadaje. Rozum\u00ed zn\u00e1m\u00fdm slov\u016fm a jednoduch\u00fdm v\u011bt\u00e1m na v\u00fdv\u011bsk\u00e1ch, plak\u00e1tech nebo v kataloz\u00edch.<br>V r\u00e1mci \u00farovn\u011b A1 nab\u00edz\u00edme n\u00e1sleduj\u00edc\u00ed kurzy:<\/p>\n\n\n\n<ul class=\"wp-block-list\">\n<li><mark style=\"background-color:rgba(0, 0, 0, 0)\" class=\"has-inline-color has-red-color\">\u00a0<strong>A1.0 (\u00fapln\u00ed za\u010d\u00e1te\u010dn\u00edci)<\/strong><\/mark><\/li>\n<\/ul>\n\n\n\n<p>U\u017eivatel nem\u00e1 \u017e\u00e1dnou p\u0159edchoz\u00ed zku\u0161enost s jazykem, m\u016f\u017ee rozum\u011bt n\u011bkter\u00fdm slov\u016fm a fr\u00e1z\u00edm, ale nedok\u00e1\u017ee na n\u011b adekv\u00e1tn\u00edm zp\u016fsobem reagovat. Obvykle se jedn\u00e1 o v\u00fdrazy, kter\u00e9 maj\u00ed mezin\u00e1rodn\u00ed charakter nebo jsou p\u0159\u00edbuzn\u00e9 v\u00fdraz\u016fm v jeho\/jej\u00ed mate\u0159\u0161tin\u011b.<br><strong>gramatika<\/strong><br>slovesa avoir, s\u00b4appeler, \u00eatre a \u010dasov\u00e1n\u00ed sloves 1. t\u0159\u00eddy (-er); z\u00e1por; \u010dlen ur\u010dit\u00fd a neur\u010dit\u00fd; p\u0159edlo\u017eky p\u0159ed m\u011bsty a st\u00e1ty; rod p\u0159\u00eddavn\u00fdch a podstatn\u00fdch jmen; slovesa aller, faire;<br><strong>slovn\u00ed z\u00e1soba<\/strong><br>zem\u011b a n\u00e1rodnosti; voln\u00fd \u010das; \u010d\u00edsla 0-100; profese; dopravn\u00ed prost\u0159edky; obchody; j\u00eddlo a pit\u00ed;<br><strong>komunikace<\/strong><br>p\u0159edstavov\u00e1n\u00ed; popis cesty; vyu\u017e\u00edv\u00e1n\u00ed MHD; nakupov\u00e1n\u00ed; objedn\u00e1vka v restauraci\/kav\u00e1rn\u011b;<\/p>\n\n\n\n<ul class=\"wp-block-list\">\n<li><mark style=\"background-color:rgba(0, 0, 0, 0)\" class=\"has-inline-color has-red-color\">\u00a0<strong>A1.1 (za\u010d\u00e1te\u010dn\u00edci 1)<\/strong><\/mark><\/li>\n<\/ul>\n\n\n\n<p><strong>gramatika<\/strong><br>rod a \u010d\u00edslo adjektiv; budouc\u00ed \u010das (futur proche); ukazovac\u00ed z\u00e1jmena; zvratn\u00e1 slovesa; p\u0159\u00edslovce frekvence; rozkazovac\u00ed zp\u016fsob; mod\u00e1ln\u00ed slovesa (pouvoir, vouloir); p\u0159ivlast\u0148ovac\u00ed z\u00e1jmena; minul\u00fd \u010das (pass\u00e9 compos\u00e9);<br><strong>slovn\u00ed z\u00e1soba<\/strong><br>oble\u010den\u00ed, materi\u00e1ly, barvy; po\u010das\u00ed; dom\u00e1c\u00ed pr\u00e1ce; ka\u017edodenn\u00ed aktivity; voln\u00fd \u010das; rodina; popis osoby;<br><strong>komunikace<\/strong><br>pochv\u00e1lit n\u011bkoho; mluvit o po\u010das\u00ed; popis p\u0159edm\u011btu; zeptat se na cenu; popsat sv\u016fj den; zeptat se, kolik je hodin; domluvit si sch\u016fzku; p\u0159edstavit svoji rodinu; poblahop\u0159\u00e1t k r\u016fzn\u00fdm \u017eivotn\u00edm ud\u00e1lostem;<\/p>\n\n\n\n<ul class=\"wp-block-list\">\n<li><mark style=\"background-color:rgba(0, 0, 0, 0)\" class=\"has-inline-color has-red-color\">\u00a0<strong>A1.2 (za\u010d\u00e1te\u010dn\u00edci 2)<\/strong><\/mark><\/li>\n<\/ul>\n\n\n\n<p><strong>gramatika<\/strong><br>osobn\u00ed z\u00e1jmena (p\u0159\u00edm\u00fd p\u0159edm\u011bt COD, nep\u0159\u00edm\u00fd p\u0159edm\u011bt COI); rozkaz, z\u00e1kaz; z\u00e1jmenn\u00e9 p\u0159\u00edslovce y; srovn\u00e1v\u00e1n\u00ed adjektiv a adverbi\u00ed; \u010dasov\u00e1n\u00ed sloves 2. skupiny (skupina -ir); minul\u00fd \u010das (pass\u00e9 compos\u00e9 s pomocn\u00fdm slovesem \u00eatre, minul\u00fd \u010das zvratn\u00fdch sloves);<br><strong>slovn\u00ed z\u00e1soba<\/strong><br>bydlen\u00ed; ubytov\u00e1n\u00ed; cestov\u00e1n\u00ed; leti\u0161t\u011b; negativn\u00ed emoce; \u010d\u00e1sti t\u011bla; nemoci;<br><strong>komunikace<\/strong><br>informovat se na ubytov\u00e1n\u00ed; \u0159e\u0161it probl\u00e9my v dom\u00e1cnosti; psan\u00ed pohledu; vyj\u00e1d\u0159en\u00ed emoc\u00ed; st\u011b\u017eovat si; rozhovor u l\u00e9ka\u0159e;<\/p>\n\n\n\n<ul class=\"wp-block-list\">\n<li><mark style=\"background-color:rgba(0, 0, 0, 0)\" class=\"has-inline-color has-red-color\">\u00a0<strong>A2.0 (za\u010d\u00e1te\u010dn\u00edci 3)<\/strong><\/mark><\/li>\n<\/ul>\n\n\n\n<p><strong>gramatika<\/strong><br>podmi\u0148ovac\u00ed zp\u016fsob; vzta\u017en\u00e1 z\u00e1jmena; srovn\u00e1v\u00e1n\u00ed sloves a podstatn\u00fdch jmen; p\u0159\u00edm\u00fd a nep\u0159\u00edm\u00fd p\u0159edm\u011bt (COD, COI); minul\u00e9 \u010dasy;<br><strong>slovn\u00ed z\u00e1soba<\/strong><br>m\u011bsto a vesnice; p\u0159\u00edroda; m\u00e9dia; studium, univerzita; zam\u011bstn\u00e1n\u00ed;<br><strong>komunikace<\/strong><br>popsat svoje zku\u0161enosti; vyj\u00e1d\u0159en\u00ed \u00fa\u010delu, p\u0159\u00e1n\u00ed, profesn\u00edho projektu; porozum\u011bn\u00ed komiksu; popsat sv\u016fj zp\u016fsob \u017eivota; vyj\u00e1d\u0159en\u00ed souhlasu a nesouhlasu; povzbudit a ujistit n\u011bkoho; porozum\u011bt horoskopu;<\/p>\n\n\n\n<div style=\"height:30px\" aria-hidden=\"true\" class=\"wp-block-spacer\"><\/div>\n<\/div><\/div>\n\n\n\n<div class=\"wp-block-group alignfull\"><div class=\"wp-block-group__inner-container is-layout-constrained wp-block-group-is-layout-constrained\">\n<h2 class=\"wp-block-heading\"><strong>Kurzy \u00farovn\u011b A2<\/strong><\/h2>\n\n\n\n<p>u\u010debnice Edito A2<br><a href=\"https:\/\/www.megabooks.cz\/p\/6576746\/edito-a2-elve-cd-dvd\" rel=\"noreferrer noopener\" target=\"_blank\">https:\/\/www.megabooks.cz\/p\/6576746\/edito-a2-elve-cd-dvd<\/a><br>1 x t\u00fddn\u011b 90 minut<\/p>\n\n\n\n<p>U\u017eivatel dok\u00e1\u017ee pochopit smysl kr\u00e1tk\u00fdch zpr\u00e1v a hl\u00e1\u0161en\u00ed, ovl\u00e1d\u00e1 slovn\u00ed z\u00e1sobu vztahuj\u00edc\u00ed se k oblastem, kter\u00e9 se ho bezprost\u0159edn\u011b t\u00fdkaj\u00ed. Vyhled\u00e1v\u00e1 konkr\u00e9ktn\u00ed informace v ka\u017edodenn\u00edch materi\u00e1lech (inzer\u00e1tech, prospektech, j\u00eddeln\u00edm l\u00edstku a j\u00edzdn\u00edm \u0159\u00e1du). Rozum\u00ed kr\u00e1tk\u00fdm osobn\u00edm dopis\u016fm. Komunikuje v b\u011b\u017en\u00fdch situac\u00edch a zvl\u00e1dne velmi kr\u00e1tkou spole\u010denskou konverzaci. Pou\u017e\u00edv\u00e1 \u0159adu fr\u00e1z\u00ed, aby jednoduch\u00fdm zp\u016fsobem popsal vlastn\u00ed rodinu a dal\u0161\u00ed lidi, \u017eivotn\u00ed podm\u00ednky, dosa\u017een\u00e9 vzd\u011bl\u00e1n\u00ed a sv\u00e9 zam\u011bstn\u00e1n\u00ed. Um\u00ed napsat velmi jednoduch\u00fd osobn\u00ed dopis.<br>V r\u00e1mci \u00farovn\u011b A2 nab\u00edz\u00edme n\u00e1sleduj\u00edc\u00ed kurzy:<\/p>\n\n\n\n<ul class=\"wp-block-list\">\n<li><mark style=\"background-color:rgba(0, 0, 0, 0)\" class=\"has-inline-color has-red-color\">\u00a0<strong>A2.1 (m\u00edrn\u011b pokro\u010dil\u00ed 1)<\/strong><\/mark><\/li>\n<\/ul>\n\n\n\n<p><strong>gramatika<\/strong><br>minul\u00fd \u010das (pass\u00e9 compos\u00e9); z\u00e1por; \u010dasov\u00e1 p\u0159\u00edslovce; minul\u00fd \u010das (imparfait); z\u00e1jmenn\u00e1 p\u0159\u00edslovce en a y; vzta\u017en\u00e1 z\u00e1jmena; srovn\u00e1v\u00e1n\u00ed; p\u0159ivlast\u0148ovac\u00ed z\u00e1jmena samostatn\u00e1;<br><strong>slovn\u00ed z\u00e1soba<\/strong><br>osobn\u00ed a profesn\u00ed \u017eivot; voln\u00fd \u010das; vzpom\u00ednky; po\u010das\u00ed a typy krajiny; typy bydlen\u00ed a ubytov\u00e1n\u00ed; vybaven\u00ed domu; inzer\u00e1ty;<br><strong>komunikace<\/strong><br>mluvit o sv\u00fdch z\u00e1lib\u00e1ch; navrhnout aktivitu, domluvit sch\u016fzku; vypr\u00e1v\u011bn\u00ed z\u00e1\u017eitk\u016f; porozum\u011bn\u00ed text\u016fm v pr\u016fvodci; psan\u00ed pohledu\/koment\u00e1\u0159e; porozum\u011bn\u00ed inzer\u00e1t\u016fm; popis m\u00edsta; zajistit si ubytov\u00e1n\u00ed;<\/p>\n\n\n\n<ul class=\"wp-block-list\">\n<li><mark style=\"background-color:rgba(0, 0, 0, 0)\" class=\"has-inline-color has-red-color\">\u00a0<strong>A2.2 (m\u00edrn\u011b pokro\u010dil\u00ed 2)<\/strong><\/mark><\/li>\n<\/ul>\n\n\n\n<p><strong>gramatika<\/strong><br>budouc\u00ed \u010das (futur simple); podm\u00ednkov\u00e1 souv\u011bt\u00ed; z\u00e1kazy a p\u0159\u00edkazy; konjunktiv p\u0159\u00edtomn\u00fd; vyj\u00e1d\u0159en\u00ed nutnosti; vyj\u00e1d\u0159en\u00ed kvantity; superlativ; z\u00e1jmenn\u00e9 p\u0159\u00edslovce en ;<br><strong>slovn\u00ed z\u00e1soba<\/strong><br>v\u011bda a technika; nov\u00e9 technologie; zdrav\u00ed a nemoci; \u010d\u00e1sti t\u011bla; l\u00e9ky; j\u00eddlo a pit\u00ed; restaurace; speciality;<br><strong>komunikace<\/strong><br>mluvit o sv\u00fdch pl\u00e1nech do budoucna; p\u0159ipomenout n\u011bco n\u011bkomu; probl\u00e9my se zdrav\u00edm; n\u00e1v\u0161t\u011bva l\u00e9ka\u0159e; rozhovor v l\u00e9k\u00e1rn\u011b; objedn\u00e1vka v restauraci; vyj\u00e1d\u0159en\u00ed nespokojenosti;<\/p>\n\n\n\n<ul class=\"wp-block-list\">\n<li><mark style=\"background-color:rgba(0, 0, 0, 0)\" class=\"has-inline-color has-red-color\">\u00a0<strong>A2.3 (m\u00edrn\u011b pokro\u010dil\u00ed 3)<\/strong><\/mark><\/li>\n<\/ul>\n\n\n\n<p><strong>gramatika<\/strong><br>t\u00e1zac\u00ed z\u00e1jmena; neur\u010dit\u00e1 z\u00e1jmena; p\u0159\u00ed\u010dina a n\u00e1sledek; postaven\u00ed z\u00e1jmen (COD, COI) ve v\u011bt\u011b; rozkaz a zvratn\u00e1 z\u00e1jmena; podmi\u0148ovac\u00ed zp\u016fsob; gerundium;<br><strong>slovn\u00ed z\u00e1soba<\/strong><br>kladn\u00e9 a z\u00e1porn\u00e9 vlastnosti; popis osoby; tisk a m\u00e9dia; konzumn\u00ed spole\u010dnost; voln\u00fd \u010das a manu\u00e1ln\u00ed pr\u00e1ce;<br><strong>komunikace<\/strong><br>charakteristika osoby; mluvit o sv\u00fdch emoc\u00edch; pozitivn\u00ed a negativn\u00ed kritika; vyt\u00fdkat n\u011bco n\u011bkomu; odpov\u011bd\u011bt na inzer\u00e1t; vyj\u00e1d\u0159en\u00ed p\u0159\u00e1n\u00ed;<\/p>\n\n\n\n<ul class=\"wp-block-list\">\n<li><mark style=\"background-color:rgba(0, 0, 0, 0)\" class=\"has-inline-color has-red-color\">\u00a0<strong>B1.0 (m\u00edrn\u011b pokro\u010dil\u00ed 4)<\/strong><\/mark><\/li>\n<\/ul>\n\n\n\n<p><strong>gramatika<\/strong><br>rozli\u0161en\u00ed minul\u00fdch \u010das\u016f ve vypr\u00e1v\u011bn\u00ed; shoda p\u0159\u00ed\u010dest\u00ed minul\u00e9ho u p\u0159\u00edm\u00e9ho p\u0159edm\u011btu COD; ukazovac\u00ed z\u00e1jmena samostatn\u00e1; nep\u0159\u00edm\u00e1 \u0159e\u010d; vyj\u00e1d\u0159en\u00ed \u00fa\u010delu; trpn\u00fd rod;<br><strong>slovn\u00ed z\u00e1soba<\/strong><br>cestov\u00e1n\u00ed a turismus, francouzsk\u00e9 regiony; \u0161koln\u00ed syst\u00e9m; profesn\u00ed \u017eivot, CV; geografie a \u017eivotn\u00ed prost\u0159ed\u00ed, zv\u00ed\u0159ata;<br><strong>komunikace<\/strong><br>rezervace pobytu; informovat se o turistick\u00fdch oblastech; mluvit o sv\u00fdch profesn\u00edch pl\u00e1nech; napsat form\u00e1ln\u00ed dopis; p\u0159edstaven\u00ed ud\u00e1losti; vyj\u00e1d\u0159en\u00ed neklidu;<\/p>\n<\/div><\/div>\n\n\n\n<div class=\"wp-block-group alignfull has-background\" style=\"background:linear-gradient(135deg,rgb(243,243,243) 0%,rgb(243,243,243) 100%)\"><div class=\"wp-block-group__inner-container is-layout-constrained wp-block-group-is-layout-constrained\">\n<div style=\"height:30px\" aria-hidden=\"true\" class=\"wp-block-spacer\"><\/div>\n\n\n\n<h2 class=\"wp-block-heading\"><strong>Kurzy \u00farovn\u011b B1<\/strong><\/h2>\n\n\n\n<p>u\u010debnice Le Nouvel Edito B1<br><a href=\"https:\/\/www.megabooks.cz\/p\/6576781\/le-nouvel-edito-b1-livre-delve-cd-dvd\" target=\"_blank\" rel=\"noreferrer noopener\">https:\/\/www.megabooks.cz\/p\/6576781\/le-nouvel-edito-b1-livre-delve-cd-dvd<\/a><br>1 x t\u00fddn\u011b 90 minut<\/p>\n\n\n\n<p>U\u017eivatel si dok\u00e1\u017ee poradit ve v\u011bt\u0161in\u011b situac\u00ed, kter\u00e9 mohou nastat p\u0159i cestov\u00e1n\u00ed. Zapoj\u00ed se do hovoru o t\u00e9matech, kter\u00e1 zn\u00e1 a kter\u00e9 se t\u00fdkaj\u00ed ka\u017edodenn\u00edho \u017eivota. Rozum\u00ed smyslu mnoha rozhlasov\u00fdch a televizn\u00edch program\u016f, kter\u00e9 se t\u00fdkaj\u00ed jeho z\u00e1jm\u016f \u010di pr\u00e1ce, pokud jsou vysloveny z\u0159eteln\u011b. Rozum\u00ed text\u016fm se slovn\u00ed z\u00e1sobou pou\u017e\u00edvanou v ka\u017edodenn\u00edm \u017eivot\u011b. Um\u00ed spojovat fr\u00e1ze, aby popsal sv\u00e9 z\u00e1\u017eitky, sny a c\u00edle. Stru\u010dn\u011b od\u016fvodn\u00ed sv\u00e9 n\u00e1zory. Vypr\u00e1v\u00ed p\u0159\u00edb\u011bh knihy nebo filmu. Nap\u00ed\u0161e jednoduch\u00e9 souvisl\u00e9 texty na t\u00e9mata, kter\u00e1 dob\u0159e zn\u00e1 a kter\u00e9 ho zaj\u00edmaj\u00ed.<br>V r\u00e1mci \u00farovn\u011b B1 nab\u00edz\u00edme n\u00e1sleduj\u00edc\u00ed kurzy:<\/p>\n\n\n\n<ul class=\"wp-block-list\">\n<li><mark style=\"background-color:rgba(0, 0, 0, 0)\" class=\"has-inline-color has-red-color\">\u00a0<strong>B1.1 (st\u0159edn\u011b pokro\u010dil\u00ed 1)<\/strong><\/mark><\/li>\n<\/ul>\n\n\n\n<p><strong>gramatika<\/strong><br>minul\u00e9 \u010dasy (pass\u00e9 compos\u00e9, imparfait); vzta\u017en\u00e1 z\u00e1jmena; konjunktiv (subjonctif); postaven\u00ed adjektiv ve v\u011bt\u011b; tvo\u0159en\u00ed p\u0159\u00edslovc\u00ed; trpn\u00fd rod; vyj\u00e1d\u0159en\u00ed \u00fa\u010delu;<br><strong>slovn\u00ed z\u00e1soba<\/strong><br>bydlen\u00ed; studentsk\u00fd a profesn\u00ed \u017eivot; restaurace a j\u00eddlo; m\u00e9dia; komunikace a technologie;<br><strong>komunikace<\/strong><br>popis ubytov\u00e1n\u00ed; vy\u017e\u00e1dat si informace o ubytov\u00e1n\u00ed; pracovn\u00ed pohovor; poradit n\u011bkomu;<\/p>\n\n\n\n<ul class=\"wp-block-list\">\n<li><mark style=\"background-color:rgba(0, 0, 0, 0)\" class=\"has-inline-color has-red-color\">\u00a0<strong>B1.2 (st\u0159edn\u011b pokro\u010dil\u00ed 2)<\/strong><\/mark><\/li>\n<\/ul>\n\n\n\n<p><strong>gramatika<\/strong><br>komparativ a superlativ; vyj\u00e1d\u0159en\u00ed n\u00e1zoru; p\u0159edminul\u00fd \u010das (plus-que-parfait); souslednost \u010dasov\u00e1;<br><strong>slovn\u00ed z\u00e1soba<\/strong><br>cestov\u00e1n\u00ed; rodina; zdrav\u00ed; l\u00e1ska a p\u0159\u00e1telstv\u00ed;<br><strong>komunikace<\/strong><br>komunikace v hotelu; organizace v\u00fdletu; vypr\u00e1v\u011bn\u00ed z\u00e1\u017eitk\u016f a vzpom\u00ednek;<\/p>\n\n\n\n<ul class=\"wp-block-list\">\n<li><mark style=\"background-color:rgba(0, 0, 0, 0)\" class=\"has-inline-color has-red-color\">\u00a0<strong>B1.3 (st\u0159edn\u011b pokro\u010dil\u00ed 3)<\/strong><\/mark><\/li>\n<\/ul>\n\n\n\n<p><strong>gramatika<\/strong><br>podmi\u0148ovac\u00ed zp\u016fsob a podm\u00ednkov\u00e1 souv\u011bt\u00ed; z\u00e1jmenn\u00e1 p\u0159\u00edslovce en a y; neur\u010dit\u00e1 z\u00e1jmena; p\u0159\u00ed\u010dest\u00ed p\u0159\u00edtomn\u00e9 a gerundium; vzta\u017en\u00e1 z\u00e1jmena slo\u017een\u00e1;<br><strong>slovn\u00ed z\u00e1soba<\/strong><br>nakupov\u00e1n\u00ed a pen\u00edze; voln\u00fd \u010das; policie, justice, pr\u00e1va a povinnosti ob\u010dana;<br><strong>komunikace<\/strong><br>organizace ve\u010d\u00edrku\/oslavy; vyj\u00e1d\u0159it sv\u016fj n\u00e1zor k migraci; vyt\u00fdkat;<\/p>\n\n\n\n<ul class=\"wp-block-list\">\n<li><mark style=\"background-color:rgba(0, 0, 0, 0)\" class=\"has-inline-color has-red-color\">\u00a0<strong>B1.4 (st\u0159edn\u011b pokro\u010dil\u00ed 4)<\/strong><\/mark><\/li>\n<\/ul>\n\n\n\n<p><strong>gramatika<\/strong><br>nep\u0159\u00edm\u00e1 \u0159e\u010d; minul\u00fd \u010das prost\u00fd (pass\u00e9 simple); vyj\u00e1d\u0159en\u00ed p\u0159\u00ed\u010diny a n\u00e1sledku; samostatn\u00e1 z\u00e1jmena; pou\u017e\u00edv\u00e1n\u00ed z\u00e1jmen ve v\u011bt\u011b;<br><strong>slovn\u00ed z\u00e1soba<\/strong><br>um\u011bn\u00ed a historie; EU a globalizace;<br><strong>komunikace<\/strong><br>debata o politice; export zbo\u017e\u00ed; globalizace; v muzeu a v divadle;<\/p>\n\n\n\n<div style=\"height:30px\" aria-hidden=\"true\" class=\"wp-block-spacer\"><\/div>\n<\/div><\/div>\n\n\n\n<div class=\"wp-block-group alignfull\"><div class=\"wp-block-group__inner-container is-layout-constrained wp-block-group-is-layout-constrained\">\n<h2 class=\"wp-block-heading\"><strong>Kurzy \u00farovn\u011b B2<\/strong><\/h2>\n\n\n\n<p>u\u010debnice Edito B2<br><a href=\"https:\/\/www.megabooks.cz\/p\/6576757\/edito-b2-cd-mp3-dvd\" rel=\"noreferrer noopener\" target=\"_blank\">https:\/\/www.megabooks.cz\/p\/6576757\/edito-b2-cd-mp3-dvd<\/a><br>1 x t\u00fddn\u011b 90 minut<\/p>\n\n\n\n<p>\u00da\u010dastn\u00edk se dok\u00e1\u017ee zapojit do hovoru spont\u00e1nn\u011b a plynule, je schopn\u00fd s\u00e1m v\u00e9st b\u011b\u017en\u00fd rozhovor, vysv\u011btlovat a obhajovat sv\u00e9 n\u00e1zory. Dok\u00e1\u017ee se vyjad\u0159ovat k \u0161irok\u00e9 \u0161k\u00e1le t\u00e9mat, kter\u00e1 ho zaj\u00edmaj\u00ed. Rozum\u00ed text\u016fm zab\u00fdvaj\u00edc\u00edm se sou\u010dasn\u00fdmi probl\u00e9my. Pokud t\u00e9ma dostate\u010dn\u011b zn\u00e1, zvl\u00e1dne sledovat slo\u017eitou v\u00fdm\u011bnu n\u00e1zor\u016f. Rozum\u00ed v\u011bt\u0161in\u011b televizn\u00edch zpr\u00e1v a film\u016fm ve spisovn\u00e9m jazyce. Um\u00ed napsat srozumiteln\u00e9 a podrobn\u00e9 texty na t\u00e9mata, o kter\u00e1 se zaj\u00edm\u00e1. Obhajuje ur\u010dit\u00fd n\u00e1zor.<br>V r\u00e1mci \u00farovn\u011b B2 nab\u00edz\u00edme tyto kurzy:<\/p>\n\n\n\n<ul class=\"wp-block-list\">\n<li><mark style=\"background-color:rgba(0, 0, 0, 0)\" class=\"has-inline-color has-red-color\">\u00a0<strong>B2.1 (pokro\u010dil\u00ed 1)<\/strong><\/mark><\/li>\n<\/ul>\n\n\n\n<p><strong>gramatika<\/strong><br>indikativ a konjunktiv; nep\u0159\u00edm\u00e1 \u0159e\u010d v minulosti;<br><strong>slovn\u00ed z\u00e1soba<\/strong><br>politika a pr\u00e1vo; ob\u010danstv\u00ed; vlastenectv\u00ed; anglicismy; nespisovn\u00fd jazyk;<br><strong>komunikace<\/strong><br>vyj\u00e1d\u0159it sv\u016fj n\u00e1zor; v\u00fdznam u\u010den\u00ed se ciz\u00edm jazyk\u016fm; aktu\u00e1ln\u00ed probl\u00e9my<\/p>\n\n\n\n<ul class=\"wp-block-list\">\n<li><mark style=\"background-color:rgba(0, 0, 0, 0)\" class=\"has-inline-color has-red-color\">\u00a0<strong>B2.2 (pokro\u010dil\u00ed 2)<\/strong><\/mark><\/li>\n<\/ul>\n\n\n\n<p><strong>gramatika<\/strong><br>vyj\u00e1d\u0159en\u00ed p\u0159\u00ed\u010diny a n\u00e1sledku; trpn\u00fd rod; minul\u00e9 \u010dasy<br><strong>slovn\u00ed z\u00e1soba<\/strong><br>tisk; frankofonn\u00ed tisk; rubriky v tisku; geografie; cestov\u00e1n\u00ed; pr\u00e1zdniny;<br><strong>komunikace<\/strong><br>vyj\u00e1d\u0159it sv\u00e9 preference t\u00fdkaj\u00edc\u00ed se tisku; vypr\u00e1v\u011bt vzpom\u00ednky z cest;<\/p>\n\n\n\n<ul class=\"wp-block-list\">\n<li><mark style=\"background-color:rgba(0, 0, 0, 0)\" class=\"has-inline-color has-red-color\">\u00a0<strong>B2.3 (pokro\u010dil\u00ed 3)<\/strong><\/mark><\/li>\n<\/ul>\n\n\n\n<p><strong>gramatika<\/strong><br>pou\u017e\u00edv\u00e1n\u00ed minul\u00fdch \u010das\u016f; p\u0159\u00ed\u010dest\u00ed p\u0159\u00edtomn\u00e9; gerundium; p\u0159\u00eddavn\u00e1 jm\u00e9na slovesn\u00e1; p\u0159\u00ed\u010dest\u00ed slo\u017een\u00e9;<br><strong>slovn\u00ed z\u00e1soba<\/strong><br>historie; popis fyzick\u00e9ho stavu; zdrav\u00ed a nemoci;<br><strong>komunikace<\/strong><br>debata o imigraci; v\u00fdznamn\u00e9 historick\u00e9 osobnosti; u l\u00e9ka\u0159e; debata o estetick\u00e9 chirurgii;<\/p>\n\n\n\n<ul class=\"wp-block-list\">\n<li><mark style=\"background-color:rgba(0, 0, 0, 0)\" class=\"has-inline-color has-red-color\">\u00a0<strong>B2.4 (pokro\u010dil\u00ed 4)<\/strong><\/mark><\/li>\n<\/ul>\n\n\n\n<p><strong>gramatika<\/strong><br>osobn\u00ed z\u00e1jmena (COD, COI, en, y); vzta\u017en\u00e1 z\u00e1jmena; vyj\u00e1d\u0159en\u00ed mno\u017estv\u00ed;<br><strong>slovn\u00ed z\u00e1soba<\/strong><br>po\u010das\u00ed a \u017eivotn\u00ed prost\u0159ed\u00ed; um\u011bn\u00ed;<br><strong>komunikace<\/strong><br>hodnocen\u00ed um\u011bleck\u00e9ho d\u00edla; debata o probl\u00e9mech \u017eivotn\u00edho prost\u0159ed\u00ed;<\/p>\n\n\n\n<ul class=\"wp-block-list\">\n<li><mark style=\"background-color:rgba(0, 0, 0, 0)\" class=\"has-inline-color has-red-color\">\u00a0<strong>B2.5 (pokro\u010dil\u00ed 5)<\/strong><\/mark><\/li>\n<\/ul>\n\n\n\n<p><strong>gramatika<\/strong><br>vyj\u00e1d\u0159en\u00ed zp\u016fsobu; podm\u00ednkov\u00e1 souv\u011bt\u00ed a dal\u0161\u00ed mo\u017enosti vyj\u00e1d\u0159en\u00ed hypot\u00e9z; komparace;<br><strong>slovn\u00ed z\u00e1soba<\/strong><br>ka\u017edodenn\u00ed \u017eivot; emoce; pr\u00e1ce; ekonomie;<br><strong>komunikace<\/strong><br>h\u00e1dka; mluvit o sv\u00e9 pr\u00e1ci; sd\u00edlet pracovn\u00ed zku\u0161enosti;<\/p>\n\n\n\n<ul class=\"wp-block-list\">\n<li><mark style=\"background-color:rgba(0, 0, 0, 0)\" class=\"has-inline-color has-red-color\">\u00a0<strong>B2.6 (pokro\u010dil\u00ed 6)<\/strong><\/mark><\/li>\n<\/ul>\n\n\n\n<p><strong>gramatika<\/strong><br>budouc\u00ed \u010dasy; vyj\u00e1d\u0159en\u00ed \u00fa\u010delu; pou\u017eit\u00ed indikativu, konjunktivu a infinitivu, polov\u011btn\u00e9 konstrukce;<br><strong>slovn\u00ed z\u00e1soba<\/strong><br>internet a informa\u010dn\u00ed technologie; zm\u011bny ve spole\u010dnosti;<br><strong>komunikace<\/strong><br>modern\u00ed technologie a soci\u00e1ln\u00ed s\u00edt\u011b; vyn\u00e1lezy; literatura sci-fi<\/p>\n<\/div><\/div>\n","protected":false},"excerpt":{"rendered":"<p>Kurzy \u00farovn\u011b A1 u\u010debnice: Edito A1https:\/\/www.megabooks.cz\/p\/6576747\/edito-a1-elve-cd-dvd1 x t\u00fddn\u011b 90 minut U\u017eivatel z\u00e1kladn\u00ed \u00farovn\u011b rozum\u00ed z\u00e1kladn\u00edm fr\u00e1z\u00edm, kter\u00e9 se t\u00fdkaj\u00ed jeho osoby, rodiny a bezprost\u0159edn\u00edho okol\u00ed. Um\u00ed se velmi&#8230;<\/p>\n","protected":false},"author":4,"featured_media":0,"parent":0,"menu_order":0,"comment_status":"closed","ping_status":"closed","template":"","meta":{"_acf_changed":false,"footnotes":""},"class_list":["post-8043","page","type-page","status-publish","hentry"],"acf":[],"_links":{"self":[{"href":"https:\/\/www.alliancefrancaise.cz\/plzen\/fr\/wp-json\/wp\/v2\/pages\/8043","targetHints":{"allow":["GET"]}}],"collection":[{"href":"https:\/\/www.alliancefrancaise.cz\/plzen\/fr\/wp-json\/wp\/v2\/pages"}],"about":[{"href":"https:\/\/www.alliancefrancaise.cz\/plzen\/fr\/wp-json\/wp\/v2\/types\/page"}],"author":[{"embeddable":true,"href":"https:\/\/www.alliancefrancaise.cz\/plzen\/fr\/wp-json\/wp\/v2\/users\/4"}],"replies":[{"embeddable":true,"href":"https:\/\/www.alliancefrancaise.cz\/plzen\/fr\/wp-json\/wp\/v2\/comments?post=8043"}],"version-history":[{"count":2,"href":"https:\/\/www.alliancefrancaise.cz\/plzen\/fr\/wp-json\/wp\/v2\/pages\/8043\/revisions"}],"predecessor-version":[{"id":8140,"href":"https:\/\/www.alliancefrancaise.cz\/plzen\/fr\/wp-json\/wp\/v2\/pages\/8043\/revisions\/8140"}],"wp:attachment":[{"href":"https:\/\/www.alliancefrancaise.cz\/plzen\/fr\/wp-json\/wp\/v2\/media?parent=8043"}],"curies":[{"name":"wp","href":"https:\/\/api.w.org\/{rel}","templated":true}]}}