{"id":8052,"date":"2024-02-21T08:43:34","date_gmt":"2024-02-21T07:43:34","guid":{"rendered":"https:\/\/www.alliancefrancaise.cz\/plzen\/slevy-oxford\/"},"modified":"2024-03-19T15:03:53","modified_gmt":"2024-03-19T14:03:53","slug":"remise-oxford","status":"publish","type":"page","link":"https:\/\/www.alliancefrancaise.cz\/plzen\/fr\/remise-oxford\/","title":{"rendered":"Remise Oxford Bookshop"},"content":{"rendered":"\n<div class=\"wp-block-columns is-layout-flex wp-container-core-columns-is-layout-9d6595d7 wp-block-columns-is-layout-flex\">\n<div class=\"wp-block-column is-layout-flow wp-block-column-is-layout-flow\"><div class=\"wp-block-image\">\n<figure class=\"aligncenter size-full is-resized\"><img loading=\"lazy\" decoding=\"async\" width=\"940\" height=\"788\" src=\"https:\/\/www.alliancefrancaise.cz\/plzen\/wp-content\/uploads\/2024\/02\/Lahodna-prosincova-nabidka_FB-1.png\" alt=\"\" class=\"wp-image-7156\" style=\"width:418px;height:auto\" srcset=\"https:\/\/www.alliancefrancaise.cz\/plzen\/wp-content\/uploads\/2024\/02\/Lahodna-prosincova-nabidka_FB-1.png 940w, https:\/\/www.alliancefrancaise.cz\/plzen\/wp-content\/uploads\/2024\/02\/Lahodna-prosincova-nabidka_FB-1-460x386.png 460w, https:\/\/www.alliancefrancaise.cz\/plzen\/wp-content\/uploads\/2024\/02\/Lahodna-prosincova-nabidka_FB-1-768x644.png 768w\" sizes=\"auto, (max-width: 940px) 100vw, 940px\" \/><\/figure>\n<\/div><\/div>\n\n\n\n<div class=\"wp-block-column is-vertically-aligned-center is-layout-flow wp-block-column-is-layout-flow\">\n<h2 class=\"wp-block-heading\"><mark style=\"background-color:rgba(0, 0, 0, 0)\" class=\"has-inline-color has-color-text-color\">Oxford Bookshop: 10% remise<\/mark><\/h2>\n\n\n\n<p>\ud83d\udcda En coop\u00e9ration avec Oxford Bookshop Plze\u0148, <strong>nos membres recevront 10% de r\u00e9duction sur l\u2019ensemble de l\u2019achat<\/strong>. Il vous suffit de pr\u00e9senter votre <strong>carte membre<\/strong>, que vous pouvez retirer \u00e0 la r\u00e9ception de l\u2019AF pendant les heures d\u2019ouverture. \ud83d\ude09<\/p>\n\n\n\n<ul class=\"wp-block-list\">\n<li>&nbsp;<a href=\"https:\/\/www.megabooks.cz\/plzen\" target=\"_blank\" rel=\"noreferrer noopener\">https:\/\/www.megabooks.cz\/plzen<\/a><\/li>\n\n\n\n<li>&nbsp;<a href=\"https:\/\/www.facebook.com\/Oxford-Bookshop-1829565913720610\/\" target=\"_blank\" rel=\"noreferrer noopener\">https:\/\/www.facebook.com\/Oxford-Bookshop<\/a><\/li>\n<\/ul>\n<\/div>\n<\/div>\n","protected":false},"excerpt":{"rendered":"<p>Oxford Bookshop: 10% remise \ud83d\udcda En coop\u00e9ration avec Oxford Bookshop Plze\u0148, nos membres recevront 10% de r\u00e9duction sur l\u2019ensemble de l\u2019achat. Il vous suffit de pr\u00e9senter votre carte&#8230;<\/p>\n","protected":false},"author":4,"featured_media":0,"parent":0,"menu_order":0,"comment_status":"closed","ping_status":"closed","template":"","meta":{"_acf_changed":false,"footnotes":""},"class_list":["post-8052","page","type-page","status-publish","hentry"],"acf":[],"_links":{"self":[{"href":"https:\/\/www.alliancefrancaise.cz\/plzen\/fr\/wp-json\/wp\/v2\/pages\/8052","targetHints":{"allow":["GET"]}}],"collection":[{"href":"https:\/\/www.alliancefrancaise.cz\/plzen\/fr\/wp-json\/wp\/v2\/pages"}],"about":[{"href":"https:\/\/www.alliancefrancaise.cz\/plzen\/fr\/wp-json\/wp\/v2\/types\/page"}],"author":[{"embeddable":true,"href":"https:\/\/www.alliancefrancaise.cz\/plzen\/fr\/wp-json\/wp\/v2\/users\/4"}],"replies":[{"embeddable":true,"href":"https:\/\/www.alliancefrancaise.cz\/plzen\/fr\/wp-json\/wp\/v2\/comments?post=8052"}],"version-history":[{"count":1,"href":"https:\/\/www.alliancefrancaise.cz\/plzen\/fr\/wp-json\/wp\/v2\/pages\/8052\/revisions"}],"predecessor-version":[{"id":8054,"href":"https:\/\/www.alliancefrancaise.cz\/plzen\/fr\/wp-json\/wp\/v2\/pages\/8052\/revisions\/8054"}],"wp:attachment":[{"href":"https:\/\/www.alliancefrancaise.cz\/plzen\/fr\/wp-json\/wp\/v2\/media?parent=8052"}],"curies":[{"name":"wp","href":"https:\/\/api.w.org\/{rel}","templated":true}]}}