{"id":8057,"date":"2024-02-21T09:10:02","date_gmt":"2024-02-21T08:10:02","guid":{"rendered":"https:\/\/www.alliancefrancaise.cz\/plzen\/podporte-nas\/"},"modified":"2024-03-19T15:13:11","modified_gmt":"2024-03-19T14:13:11","slug":"soutenez-nous","status":"publish","type":"page","link":"https:\/\/www.alliancefrancaise.cz\/plzen\/fr\/soutenez-nous\/","title":{"rendered":"Soutenez-nous"},"content":{"rendered":"\n<div class=\"wp-block-group alignfull has-background\" style=\"background:linear-gradient(135deg,rgb(243,243,243) 0%,rgb(243,243,243) 100%)\"><div class=\"wp-block-group__inner-container is-layout-flow wp-block-group-is-layout-flow\">\n<div style=\"height:40px\" aria-hidden=\"true\" class=\"wp-block-spacer\"><\/div>\n\n\n\n<h2 class=\"wp-block-heading has-text-color\" style=\"color:#000000\"><mark style=\"background-color:rgba(0, 0, 0, 0)\" class=\"has-inline-color has-red-color\">Engagez-vous aux c\u00f4t\u00e9s de l\u2019Alliance fran\u00e7aise de Plze\u0148 et soutenez le festival Bonjour Plze\u0148 2024 !<\/mark><\/h2>\n\n\n\n<div class=\"wp-block-columns is-layout-flex wp-container-core-columns-is-layout-9d6595d7 wp-block-columns-is-layout-flex\">\n<div class=\"wp-block-column is-vertically-aligned-top is-layout-flow wp-block-column-is-layout-flow\">\n<p><strong>En vous engageant aux c\u00f4t\u00e9s l\u2019Alliance fran\u00e7aise de Plze\u0148 et du festival Bonjour Plze\u0148 2024! :<\/strong><\/p>\n\n\n\n<ul class=\"wp-block-list\">\n<li>Vous profitez d\u2019un moment unique et original pour communiquer autour de vos activit\u00e9s aupr\u00e8s du grand public et de vos partenaires,<\/li>\n\n\n\n<li>Vous soutenez une manifestation majeure ouverte \u00e0 tous, o\u00f9 publics de tout \u00e2ge et de tout horizon se retrouvent pour apprendre et d\u00e9couvrir ensemble,<\/li>\n\n\n\n<li>Vous soutenez des projets culturels et \u00e9ducatifs favorisant la rencontre et le dialogue interculturel,<\/li>\n\n\n\n<li>Vous contribuez au dynamisme associatif de votre ville et de votre r\u00e9gion.<\/li>\n<\/ul>\n<\/div>\n\n\n\n<div class=\"wp-block-column is-layout-flow wp-block-column-is-layout-flow\">\n<p><strong>Nous soutenir, c\u2019est rencontrer vos publics et vos clients autrement tout en donnant une dimension culturelle \u00e0 votre organisation !<\/strong><\/p>\n\n\n\n<p>Ce que nous vous offrons :<\/p>\n\n\n\n<ul class=\"wp-block-list\">\n<li>Nous proposons aux entreprises partenaires des contreparties applicables en fonction du niveau de leurs contributions.<\/li>\n\n\n\n<li>Convaincus que le monde entrepreneurial et le secteur associatif ont tout a gagner l\u2019un de l\u2019autre, nous avons \u00e0 c\u0153ur d\u2019envisager un partenariat avec votre entreprise dans une r\u00e9elle perspective de coop\u00e9ration. C\u2019est pourquoi nous sommes \u00e0 votre \u00e9coute et ouverts \u00e0 toutes propositions.<\/li>\n<\/ul>\n<\/div>\n<\/div>\n\n\n\n<p><em><strong>\u00c0 savoir<\/strong> : L\u2019Alliance fran\u00e7aise de Plze\u0148 est une association de droit local, vous pouvez nous soutenir et obtenir une r\u00e9duction d\u2019imp\u00f4t sur les dons de 5%.<\/em><\/p>\n\n\n\n<div style=\"height:40px\" aria-hidden=\"true\" class=\"wp-block-spacer\"><\/div>\n<\/div><\/div>\n","protected":false},"excerpt":{"rendered":"<p>Engagez-vous aux c\u00f4t\u00e9s de l\u2019Alliance fran\u00e7aise de Plze\u0148 et soutenez le festival Bonjour Plze\u0148 2024 ! En vous engageant aux c\u00f4t\u00e9s l\u2019Alliance fran\u00e7aise de Plze\u0148 et du festival&#8230;<\/p>\n","protected":false},"author":4,"featured_media":0,"parent":0,"menu_order":0,"comment_status":"closed","ping_status":"closed","template":"","meta":{"_acf_changed":false,"footnotes":""},"class_list":["post-8057","page","type-page","status-publish","hentry"],"acf":[],"_links":{"self":[{"href":"https:\/\/www.alliancefrancaise.cz\/plzen\/fr\/wp-json\/wp\/v2\/pages\/8057","targetHints":{"allow":["GET"]}}],"collection":[{"href":"https:\/\/www.alliancefrancaise.cz\/plzen\/fr\/wp-json\/wp\/v2\/pages"}],"about":[{"href":"https:\/\/www.alliancefrancaise.cz\/plzen\/fr\/wp-json\/wp\/v2\/types\/page"}],"author":[{"embeddable":true,"href":"https:\/\/www.alliancefrancaise.cz\/plzen\/fr\/wp-json\/wp\/v2\/users\/4"}],"replies":[{"embeddable":true,"href":"https:\/\/www.alliancefrancaise.cz\/plzen\/fr\/wp-json\/wp\/v2\/comments?post=8057"}],"version-history":[{"count":1,"href":"https:\/\/www.alliancefrancaise.cz\/plzen\/fr\/wp-json\/wp\/v2\/pages\/8057\/revisions"}],"predecessor-version":[{"id":8059,"href":"https:\/\/www.alliancefrancaise.cz\/plzen\/fr\/wp-json\/wp\/v2\/pages\/8057\/revisions\/8059"}],"wp:attachment":[{"href":"https:\/\/www.alliancefrancaise.cz\/plzen\/fr\/wp-json\/wp\/v2\/media?parent=8057"}],"curies":[{"name":"wp","href":"https:\/\/api.w.org\/{rel}","templated":true}]}}