{"id":13887,"date":"2024-04-08T13:03:14","date_gmt":"2024-04-08T11:03:14","guid":{"rendered":"https:\/\/www.alliancefrancaise.cz\/plzen\/newsletter\/"},"modified":"2025-12-08T14:56:24","modified_gmt":"2025-12-08T13:56:24","slug":"newsletter","status":"publish","type":"page","link":"https:\/\/www.alliancefrancaise.cz\/plzen\/newsletter\/","title":{"rendered":"Newsletter"},"content":{"rendered":"\n<p>Nechcete p\u0159ij\u00edt o \u017e\u00e1dn\u00e9 novinky? Pak se p\u0159ihlaste k odb\u011bru na\u0161eho newsletteru vypln\u011bn\u00edm n\u00ed\u017ee uveden\u00e9ho formul\u00e1\u0159e. Dozv\u00edte se o akc\u00edch, term\u00ednech zkou\u0161ek DELF, nab\u00eddk\u00e1ch kurz\u016f, otev\u00edrac\u00ed doby aliance a dal\u0161\u00edch d\u016fle\u017eit\u00fdch novink\u00e1ch o n\u00e1s.<\/p>\n\n\n\n<div class=\"wp-block-columns is-layout-flex wp-container-core-columns-is-layout-9d6595d7 wp-block-columns-is-layout-flex\">\n<div class=\"wp-block-column is-layout-flow wp-block-column-is-layout-flow\">\n<figure class=\"wp-block-image size-full\"><img loading=\"lazy\" decoding=\"async\" width=\"960\" height=\"540\" src=\"https:\/\/www.alliancefrancaise.cz\/plzen\/wp-content\/uploads\/2025\/12\/cz.png\" alt=\"\" class=\"wp-image-16188\" srcset=\"https:\/\/www.alliancefrancaise.cz\/plzen\/wp-content\/uploads\/2025\/12\/cz.png 960w, https:\/\/www.alliancefrancaise.cz\/plzen\/wp-content\/uploads\/2025\/12\/cz-460x259.png 460w, https:\/\/www.alliancefrancaise.cz\/plzen\/wp-content\/uploads\/2025\/12\/cz-768x432.png 768w\" sizes=\"auto, (max-width: 960px) 100vw, 960px\" \/><\/figure>\n<\/div>\n\n\n\n<div class=\"wp-block-column is-layout-flow wp-block-column-is-layout-flow\">\n<div id=\"mc_embed_shell\">\n      <link href=\"\/\/cdn-images.mailchimp.com\/embedcode\/classic-061523.css\" rel=\"stylesheet\" type=\"text\/css\">\n  <style type=\"text\/css\">\n        #mc_embed_signup{background:#fff; false;clear:left; font:14px Helvetica,Arial,sans-serif; width: 100%;}\n        \/* Add your own Mailchimp form style overrides in your site stylesheet or in this style block.\n           We recommend moving this block and the preceding CSS link to the HEAD of your HTML file. *\/\n<\/style>\n<div id=\"mc_embed_signup\">\n    <form action=\"https:\/\/alliancefrancaise.us20.list-manage.com\/subscribe\/post?u=2709918f8e3710f56258da961&amp;id=542c20adb2&amp;f_id=00d87ceaf0\" method=\"post\" id=\"mc-embedded-subscribe-form\" name=\"mc-embedded-subscribe-form\" class=\"validate\" target=\"_blank\">\n        <div id=\"mc_embed_signup_scroll\"><h2>Dost\u00e1vejte n\u00e1\u0161 newsletter!<\/h2>\n            <div class=\"indicates-required\"><span class=\"asterisk\">*<\/span> requis<\/div>\n            <div class=\"mc-field-group\"><label for=\"mce-EMAIL\">E-mail<span class=\"asterisk\">*<\/span><\/label><input type=\"email\" name=\"EMAIL\" class=\"required email\" id=\"mce-EMAIL\" required=\"\" value=\"\"><\/div><div class=\"mc-field-group\"><label for=\"mce-FNAME\">Jm\u00e9no<\/label><input type=\"text\" name=\"FNAME\" class=\" text\" id=\"mce-FNAME\" value=\"\"><\/div><div class=\"mc-field-group\"><label for=\"mce-LNAME\">P\u0159\u00edjmen\u00ed<\/label><input type=\"text\" name=\"LNAME\" class=\" text\" id=\"mce-LNAME\" value=\"\"><\/div>\n<div hidden=\"\"><input type=\"hidden\" name=\"tags\" value=\"3502819\"><\/div>\n        <div id=\"mce-responses\" class=\"clear foot\">\n            <div class=\"response\" id=\"mce-error-response\" style=\"display: none;\"><\/div>\n            <div class=\"response\" id=\"mce-success-response\" style=\"display: none;\"><\/div>\n        <\/div>\n    <div aria-hidden=\"true\" style=\"position: absolute; left: -5000px;\">\n        \/* real people should not fill this in and expect good things &#8211; do not remove this or risk form bot signups *\/\n        <input type=\"text\" name=\"b_2709918f8e3710f56258da961_542c20adb2\" tabindex=\"-1\" value=\"\">\n    <\/div>\n        <div class=\"optionalParent\">\n            <div class=\"clear foot\">\n                <input type=\"submit\" name=\"subscribe\" id=\"mc-embedded-subscribe\" class=\"button\" value=\"Potvrdit\">\n                <p style=\"margin: 0px auto;\"><a href=\"http:\/\/eepurl.com\/iK5zaA\" title=\"Avec Mailchimp, les campagnes de marketing par e-mail sont un jeu d&#039;enfant\" target=\"_blank\" rel=\"noopener\"><span style=\"display: inline-block; background-color: transparent; border-radius: 4px;\"><img decoding=\"async\" class=\"refferal_badge\" src=\"https:\/\/digitalasset.intuit.com\/render\/content\/dam\/intuit\/mc-fe\/en_us\/images\/intuit-mc-rewards-text-dark.svg\" alt=\"Intuit&nbsp;Mailchimp\" style=\"width: 220px; height: 40px; display: flex; padding: 2px 0px; justify-content: center; align-items: center;\"><\/span><\/a><\/p>\n            <\/div>\n        <\/div>\n    <\/div>\n<\/form>\n<\/div>\n<script type=\"text\/javascript\" src=\"\/\/s3.amazonaws.com\/downloads.mailchimp.com\/js\/mc-validate.js\"><\/script><script type=\"text\/javascript\">(function($) {window.fnames = new Array(); window.ftypes = new Array();fnames[0]='EMAIL';ftypes[0]='email';fnames[1]='FNAME';ftypes[1]='text';fnames[2]='LNAME';ftypes[2]='text';fnames[3]='ADDRESS';ftypes[3]='address';fnames[4]='PHONE';ftypes[4]='phone';fnames[5]='BIRTHDAY';ftypes[5]='birthday';}(jQuery));var $mcj = jQuery.noConflict(true);<\/script><\/div>\n<\/div>\n<\/div>\n","protected":false},"excerpt":{"rendered":"<p>Nechcete p\u0159ij\u00edt o \u017e\u00e1dn\u00e9 novinky? Pak se p\u0159ihlaste k odb\u011bru na\u0161eho newsletteru vypln\u011bn\u00edm n\u00ed\u017ee uveden\u00e9ho formul\u00e1\u0159e. Dozv\u00edte se o akc\u00edch, term\u00ednech zkou\u0161ek DELF, nab\u00eddk\u00e1ch kurz\u016f, otev\u00edrac\u00ed doby aliance&#8230;<\/p>\n","protected":false},"author":4,"featured_media":0,"parent":0,"menu_order":0,"comment_status":"closed","ping_status":"closed","template":"","meta":{"_acf_changed":false,"footnotes":""},"class_list":["post-13887","page","type-page","status-publish","hentry"],"acf":[],"_links":{"self":[{"href":"https:\/\/www.alliancefrancaise.cz\/plzen\/wp-json\/wp\/v2\/pages\/13887","targetHints":{"allow":["GET"]}}],"collection":[{"href":"https:\/\/www.alliancefrancaise.cz\/plzen\/wp-json\/wp\/v2\/pages"}],"about":[{"href":"https:\/\/www.alliancefrancaise.cz\/plzen\/wp-json\/wp\/v2\/types\/page"}],"author":[{"embeddable":true,"href":"https:\/\/www.alliancefrancaise.cz\/plzen\/wp-json\/wp\/v2\/users\/4"}],"replies":[{"embeddable":true,"href":"https:\/\/www.alliancefrancaise.cz\/plzen\/wp-json\/wp\/v2\/comments?post=13887"}],"version-history":[{"count":5,"href":"https:\/\/www.alliancefrancaise.cz\/plzen\/wp-json\/wp\/v2\/pages\/13887\/revisions"}],"predecessor-version":[{"id":16194,"href":"https:\/\/www.alliancefrancaise.cz\/plzen\/wp-json\/wp\/v2\/pages\/13887\/revisions\/16194"}],"wp:attachment":[{"href":"https:\/\/www.alliancefrancaise.cz\/plzen\/wp-json\/wp\/v2\/media?parent=13887"}],"curies":[{"name":"wp","href":"https:\/\/api.w.org\/{rel}","templated":true}]}}