{"id":14108,"date":"2024-05-30T10:35:10","date_gmt":"2024-05-30T08:35:10","guid":{"rendered":"https:\/\/www.alliancefrancaise.cz\/plzen\/?page_id=14108"},"modified":"2025-11-03T17:26:07","modified_gmt":"2025-11-03T16:26:07","slug":"le-petit-rdv","status":"publish","type":"page","link":"https:\/\/www.alliancefrancaise.cz\/plzen\/le-petit-rdv\/","title":{"rendered":"Le petit rendez-vous"},"content":{"rendered":"\n<div class=\"wp-block-group\"><div class=\"wp-block-group__inner-container is-layout-constrained wp-block-group-is-layout-constrained\">\n<div class=\"wp-block-columns is-layout-flex wp-container-core-columns-is-layout-9d6595d7 wp-block-columns-is-layout-flex\">\n<div class=\"wp-block-column is-vertically-aligned-center is-layout-flow wp-block-column-is-layout-flow\">\n<figure class=\"wp-block-image size-full\"><img loading=\"lazy\" decoding=\"async\" width=\"1920\" height=\"1080\" src=\"https:\/\/www.alliancefrancaise.cz\/plzen\/wp-content\/uploads\/2025\/10\/petit-rdv-1.png\" alt=\"\" class=\"wp-image-16018\" srcset=\"https:\/\/www.alliancefrancaise.cz\/plzen\/wp-content\/uploads\/2025\/10\/petit-rdv-1.png 1920w, https:\/\/www.alliancefrancaise.cz\/plzen\/wp-content\/uploads\/2025\/10\/petit-rdv-1-460x259.png 460w, https:\/\/www.alliancefrancaise.cz\/plzen\/wp-content\/uploads\/2025\/10\/petit-rdv-1-1360x765.png 1360w, https:\/\/www.alliancefrancaise.cz\/plzen\/wp-content\/uploads\/2025\/10\/petit-rdv-1-768x432.png 768w\" sizes=\"auto, (max-width: 1920px) 100vw, 1920px\" \/><\/figure>\n<\/div>\n\n\n\n<div class=\"wp-block-column is-layout-flow wp-block-column-is-layout-flow\">\n<p><strong>Kdy<\/strong>&nbsp;: Ka\u017ed\u00e9 t\u0159et\u00ed pond\u011bl\u00ed v m\u011bs\u00edci od 10.00 do 12.00<br><strong>Cena<\/strong>&nbsp;: 100 K\u010d, v cen\u011b je zahrnuta k\u00e1va a ob\u010derstven\u00ed.<br><strong>Program&nbsp;<\/strong>:<\/p>\n\n\n\n<ul class=\"wp-block-list\">\n<li>&nbsp;10:00 za\u010d\u00edn\u00e1me<\/li>\n\n\n\n<li>&nbsp;10:00-10:30 pokec v \u010de\u0161tin\u011b<\/li>\n\n\n\n<li>&nbsp;10:30-12:00 t\u00e9ma a aktivity ve francouz\u0161tin\u011b<\/li>\n<\/ul>\n\n\n\n<p>Jsme 3 mamky na rodi\u010dovsk\u00e9, nad\u0161en\u00e9 francouz\u0161tin\u00e1\u0159ky, a ve spolupr\u00e1ci s Francouzskou alianc\u00ed v Plzni jsme p\u0159ipravily <strong>klub pro rodi\u010de s d\u011btmi<\/strong>. Klub je otev\u0159en <strong>rodi\u010d\u016fm s mal\u00fdmi d\u011btmi<\/strong> tak, abychom se vz\u00e1jemn\u011b podporovali v rozvoji francouzsk\u00e9ho jazyka a nemuseli \u0159e\u0161it hl\u00edd\u00e1n\u00ed na\u0161ich ratolest\u00ed.<br>P\u0159iprav\u00edme si <strong>dobrou k\u00e1vu, n\u011bco sladk\u00e9ho k zakousnut\u00ed a budeme se spole\u010dn\u011b ve francouz\u0161tin\u011b v\u011bnovat t\u00e9matu, kter\u00e9 si pro v\u00e1s p\u0159iprav\u00edme.<\/strong> Pro d\u011bti bude ve stejn\u00e9m prostoru k dispozici <strong>d\u011btsk\u00fd koutek<\/strong>, budeme tak neust\u00e1le bl\u00edzko sebe a nikomu nic neute\u010de.<\/p>\n\n\n\n<div class=\"wp-block-buttons is-content-justification-center is-layout-flex wp-container-core-buttons-is-layout-16018d1d wp-block-buttons-is-layout-flex\">\n<div class=\"wp-block-button\"><a class=\"wp-block-button__link wp-element-button\" href=\"https:\/\/www.alliancefrancaise.cz\/plzen\/nadchazejici-akce\/\">VIZ NADCH\u00c1ZEJ\u00cdC\u00cd AKCE<\/a><\/div>\n<\/div>\n<\/div>\n<\/div>\n<\/div><\/div>\n\n\n\n<div class=\"wp-block-group alignfull has-background\" style=\"background:linear-gradient(135deg,rgb(243,243,243) 0%,rgb(243,243,243) 100%)\"><div class=\"wp-block-group__inner-container is-layout-flow wp-block-group-is-layout-flow\">\n<div style=\"height:60px\" aria-hidden=\"true\" class=\"wp-block-spacer\"><\/div>\n\n\n\n<figure class=\"wp-block-gallery has-nested-images columns-default is-cropped wp-block-gallery-1 is-layout-flex wp-block-gallery-is-layout-flex\">\n<figure class=\"wp-block-image size-large\"><img loading=\"lazy\" decoding=\"async\" width=\"1360\" height=\"1024\" data-id=\"14112\" src=\"https:\/\/www.alliancefrancaise.cz\/plzen\/wp-content\/uploads\/2024\/05\/prdv-1-1360x1024.jpg\" alt=\"\" class=\"wp-image-14112\" srcset=\"https:\/\/www.alliancefrancaise.cz\/plzen\/wp-content\/uploads\/2024\/05\/prdv-1-1360x1024.jpg 1360w, https:\/\/www.alliancefrancaise.cz\/plzen\/wp-content\/uploads\/2024\/05\/prdv-1-460x346.jpg 460w, https:\/\/www.alliancefrancaise.cz\/plzen\/wp-content\/uploads\/2024\/05\/prdv-1-768x578.jpg 768w, https:\/\/www.alliancefrancaise.cz\/plzen\/wp-content\/uploads\/2024\/05\/prdv-1.jpg 2040w\" sizes=\"auto, (max-width: 1360px) 100vw, 1360px\" \/><\/figure>\n\n\n\n<figure class=\"wp-block-image size-large\"><img loading=\"lazy\" decoding=\"async\" width=\"1024\" height=\"1360\" data-id=\"14114\" src=\"https:\/\/www.alliancefrancaise.cz\/plzen\/wp-content\/uploads\/2024\/05\/prdv-2-1024x1360.jpg\" alt=\"\" class=\"wp-image-14114\" srcset=\"https:\/\/www.alliancefrancaise.cz\/plzen\/wp-content\/uploads\/2024\/05\/prdv-2-1024x1360.jpg 1024w, https:\/\/www.alliancefrancaise.cz\/plzen\/wp-content\/uploads\/2024\/05\/prdv-2-346x460.jpg 346w, https:\/\/www.alliancefrancaise.cz\/plzen\/wp-content\/uploads\/2024\/05\/prdv-2-768x1020.jpg 768w, https:\/\/www.alliancefrancaise.cz\/plzen\/wp-content\/uploads\/2024\/05\/prdv-2.jpg 1536w\" sizes=\"auto, (max-width: 1024px) 100vw, 1024px\" \/><\/figure>\n\n\n\n<figure class=\"wp-block-image size-large\"><img loading=\"lazy\" decoding=\"async\" width=\"1024\" height=\"1360\" data-id=\"14116\" src=\"https:\/\/www.alliancefrancaise.cz\/plzen\/wp-content\/uploads\/2024\/05\/prdv-3-1024x1360.jpg\" alt=\"\" class=\"wp-image-14116\" srcset=\"https:\/\/www.alliancefrancaise.cz\/plzen\/wp-content\/uploads\/2024\/05\/prdv-3-1024x1360.jpg 1024w, https:\/\/www.alliancefrancaise.cz\/plzen\/wp-content\/uploads\/2024\/05\/prdv-3-346x460.jpg 346w, https:\/\/www.alliancefrancaise.cz\/plzen\/wp-content\/uploads\/2024\/05\/prdv-3-768x1020.jpg 768w, https:\/\/www.alliancefrancaise.cz\/plzen\/wp-content\/uploads\/2024\/05\/prdv-3.jpg 1536w\" sizes=\"auto, (max-width: 1024px) 100vw, 1024px\" \/><\/figure>\n\n\n\n<figure class=\"wp-block-image size-large\"><img loading=\"lazy\" decoding=\"async\" width=\"1024\" height=\"1360\" data-id=\"14118\" src=\"https:\/\/www.alliancefrancaise.cz\/plzen\/wp-content\/uploads\/2024\/05\/prdv-4-1024x1360.jpg\" alt=\"\" class=\"wp-image-14118\" srcset=\"https:\/\/www.alliancefrancaise.cz\/plzen\/wp-content\/uploads\/2024\/05\/prdv-4-1024x1360.jpg 1024w, https:\/\/www.alliancefrancaise.cz\/plzen\/wp-content\/uploads\/2024\/05\/prdv-4-346x460.jpg 346w, https:\/\/www.alliancefrancaise.cz\/plzen\/wp-content\/uploads\/2024\/05\/prdv-4-768x1020.jpg 768w, https:\/\/www.alliancefrancaise.cz\/plzen\/wp-content\/uploads\/2024\/05\/prdv-4.jpg 1536w\" sizes=\"auto, (max-width: 1024px) 100vw, 1024px\" \/><\/figure>\n\n\n\n<figure class=\"wp-block-image size-large\"><img loading=\"lazy\" decoding=\"async\" width=\"1024\" height=\"1360\" data-id=\"14120\" src=\"https:\/\/www.alliancefrancaise.cz\/plzen\/wp-content\/uploads\/2024\/05\/prdv-5-1024x1360.jpg\" alt=\"\" class=\"wp-image-14120\" srcset=\"https:\/\/www.alliancefrancaise.cz\/plzen\/wp-content\/uploads\/2024\/05\/prdv-5-1024x1360.jpg 1024w, https:\/\/www.alliancefrancaise.cz\/plzen\/wp-content\/uploads\/2024\/05\/prdv-5-346x460.jpg 346w, https:\/\/www.alliancefrancaise.cz\/plzen\/wp-content\/uploads\/2024\/05\/prdv-5-768x1020.jpg 768w, https:\/\/www.alliancefrancaise.cz\/plzen\/wp-content\/uploads\/2024\/05\/prdv-5.jpg 1536w\" sizes=\"auto, (max-width: 1024px) 100vw, 1024px\" \/><\/figure>\n<\/figure>\n\n\n\n<div style=\"height:30px\" aria-hidden=\"true\" class=\"wp-block-spacer\"><\/div>\n<\/div><\/div>\n","protected":false},"excerpt":{"rendered":"<p>Kdy&nbsp;: Ka\u017ed\u00e9 t\u0159et\u00ed pond\u011bl\u00ed v m\u011bs\u00edci od 10.00 do 12.00Cena&nbsp;: 100 K\u010d, v cen\u011b je zahrnuta k\u00e1va a ob\u010derstven\u00ed.Program&nbsp;: Jsme 3 mamky na rodi\u010dovsk\u00e9, nad\u0161en\u00e9 francouz\u0161tin\u00e1\u0159ky, a ve&#8230;<\/p>\n","protected":false},"author":4,"featured_media":0,"parent":0,"menu_order":0,"comment_status":"closed","ping_status":"closed","template":"","meta":{"_acf_changed":false,"footnotes":""},"class_list":["post-14108","page","type-page","status-publish","hentry"],"acf":[],"_links":{"self":[{"href":"https:\/\/www.alliancefrancaise.cz\/plzen\/wp-json\/wp\/v2\/pages\/14108","targetHints":{"allow":["GET"]}}],"collection":[{"href":"https:\/\/www.alliancefrancaise.cz\/plzen\/wp-json\/wp\/v2\/pages"}],"about":[{"href":"https:\/\/www.alliancefrancaise.cz\/plzen\/wp-json\/wp\/v2\/types\/page"}],"author":[{"embeddable":true,"href":"https:\/\/www.alliancefrancaise.cz\/plzen\/wp-json\/wp\/v2\/users\/4"}],"replies":[{"embeddable":true,"href":"https:\/\/www.alliancefrancaise.cz\/plzen\/wp-json\/wp\/v2\/comments?post=14108"}],"version-history":[{"count":7,"href":"https:\/\/www.alliancefrancaise.cz\/plzen\/wp-json\/wp\/v2\/pages\/14108\/revisions"}],"predecessor-version":[{"id":16057,"href":"https:\/\/www.alliancefrancaise.cz\/plzen\/wp-json\/wp\/v2\/pages\/14108\/revisions\/16057"}],"wp:attachment":[{"href":"https:\/\/www.alliancefrancaise.cz\/plzen\/wp-json\/wp\/v2\/media?parent=14108"}],"curies":[{"name":"wp","href":"https:\/\/api.w.org\/{rel}","templated":true}]}}