{"id":14130,"date":"2024-05-30T10:55:05","date_gmt":"2024-05-30T08:55:05","guid":{"rendered":"https:\/\/www.alliancefrancaise.cz\/plzen\/?page_id=14130"},"modified":"2026-04-10T10:02:59","modified_gmt":"2026-04-10T08:02:59","slug":"rdv-francais","status":"publish","type":"page","link":"https:\/\/www.alliancefrancaise.cz\/plzen\/rdv-francais\/","title":{"rendered":"Rendez-vous fran\u00e7ais"},"content":{"rendered":"\n<div class=\"wp-block-group\"><div class=\"wp-block-group__inner-container is-layout-constrained wp-block-group-is-layout-constrained\">\n<div class=\"wp-block-columns is-layout-flex wp-container-core-columns-is-layout-9d6595d7 wp-block-columns-is-layout-flex\">\n<div class=\"wp-block-column is-vertically-aligned-center is-layout-flow wp-block-column-is-layout-flow\">\n<figure class=\"wp-block-image size-full\"><img loading=\"lazy\" decoding=\"async\" width=\"960\" height=\"540\" src=\"https:\/\/www.alliancefrancaise.cz\/plzen\/wp-content\/uploads\/2026\/04\/rdv-francais-1.png\" alt=\"\" class=\"wp-image-16647\" srcset=\"https:\/\/www.alliancefrancaise.cz\/plzen\/wp-content\/uploads\/2026\/04\/rdv-francais-1.png 960w, https:\/\/www.alliancefrancaise.cz\/plzen\/wp-content\/uploads\/2026\/04\/rdv-francais-1-460x259.png 460w, https:\/\/www.alliancefrancaise.cz\/plzen\/wp-content\/uploads\/2026\/04\/rdv-francais-1-768x432.png 768w\" sizes=\"auto, (max-width: 960px) 100vw, 960px\" \/><\/figure>\n<\/div>\n\n\n\n<div class=\"wp-block-column is-layout-flow wp-block-column-is-layout-flow\">\n<p><strong>Ka\u017edou druhou st\u0159edu v m\u011bs\u00edci<\/strong>\u00a0od 18:00 po\u0159\u00e1d\u00e1me <strong>setk\u00e1n\u00ed nad sklenkou v\u00edna ve vinn\u00e9m baru Fine France<\/strong>, b\u011bhem kter\u00e9ho si m\u016f\u017eete popov\u00eddat francouzsky.<\/p>\n\n\n\n<p><\/p>\n\n\n\n<p><\/p>\n\n\n\n<div class=\"wp-block-buttons is-content-justification-center is-layout-flex wp-container-core-buttons-is-layout-16018d1d wp-block-buttons-is-layout-flex\">\n<div class=\"wp-block-button\"><a class=\"wp-block-button__link wp-element-button\" href=\"https:\/\/www.alliancefrancaise.cz\/plzen\/nadchazejici-akce\/\">VIZ NADCH\u00c1ZEJ\u00cdC\u00cd AKCE<\/a><\/div>\n<\/div>\n<\/div>\n<\/div>\n<\/div><\/div>\n\n\n\n<div class=\"wp-block-group alignfull has-background\" style=\"background:linear-gradient(135deg,rgb(243,243,243) 0%,rgb(243,243,243) 100%)\"><div class=\"wp-block-group__inner-container is-layout-flow wp-block-group-is-layout-flow\">\n<div style=\"height:60px\" aria-hidden=\"true\" class=\"wp-block-spacer\"><\/div>\n\n\n\n<figure class=\"wp-block-gallery has-nested-images columns-default is-cropped wp-block-gallery-1 is-layout-flex wp-block-gallery-is-layout-flex\">\n<figure class=\"wp-block-image size-large\"><img loading=\"lazy\" decoding=\"async\" width=\"1360\" height=\"1020\" data-id=\"14137\" src=\"https:\/\/www.alliancefrancaise.cz\/plzen\/wp-content\/uploads\/2024\/05\/rdv-francais-3-1360x1020.jpg\" alt=\"\" class=\"wp-image-14137\" srcset=\"https:\/\/www.alliancefrancaise.cz\/plzen\/wp-content\/uploads\/2024\/05\/rdv-francais-3-1360x1020.jpg 1360w, https:\/\/www.alliancefrancaise.cz\/plzen\/wp-content\/uploads\/2024\/05\/rdv-francais-3-460x345.jpg 460w, https:\/\/www.alliancefrancaise.cz\/plzen\/wp-content\/uploads\/2024\/05\/rdv-francais-3-768x576.jpg 768w, https:\/\/www.alliancefrancaise.cz\/plzen\/wp-content\/uploads\/2024\/05\/rdv-francais-3.jpg 2048w\" sizes=\"auto, (max-width: 1360px) 100vw, 1360px\" \/><\/figure>\n\n\n\n<figure class=\"wp-block-image size-large\"><img loading=\"lazy\" decoding=\"async\" width=\"1360\" height=\"1020\" data-id=\"14135\" src=\"https:\/\/www.alliancefrancaise.cz\/plzen\/wp-content\/uploads\/2024\/05\/rdv-francais-2-1360x1020.jpg\" alt=\"\" class=\"wp-image-14135\" srcset=\"https:\/\/www.alliancefrancaise.cz\/plzen\/wp-content\/uploads\/2024\/05\/rdv-francais-2-1360x1020.jpg 1360w, https:\/\/www.alliancefrancaise.cz\/plzen\/wp-content\/uploads\/2024\/05\/rdv-francais-2-460x345.jpg 460w, https:\/\/www.alliancefrancaise.cz\/plzen\/wp-content\/uploads\/2024\/05\/rdv-francais-2-768x576.jpg 768w, https:\/\/www.alliancefrancaise.cz\/plzen\/wp-content\/uploads\/2024\/05\/rdv-francais-2.jpg 2000w\" sizes=\"auto, (max-width: 1360px) 100vw, 1360px\" \/><\/figure>\n\n\n\n<figure class=\"wp-block-image size-large\"><img loading=\"lazy\" decoding=\"async\" width=\"1360\" height=\"1020\" data-id=\"14133\" src=\"https:\/\/www.alliancefrancaise.cz\/plzen\/wp-content\/uploads\/2024\/05\/rdv-francais-1-1360x1020.jpg\" alt=\"\" class=\"wp-image-14133\" srcset=\"https:\/\/www.alliancefrancaise.cz\/plzen\/wp-content\/uploads\/2024\/05\/rdv-francais-1-1360x1020.jpg 1360w, https:\/\/www.alliancefrancaise.cz\/plzen\/wp-content\/uploads\/2024\/05\/rdv-francais-1-460x345.jpg 460w, https:\/\/www.alliancefrancaise.cz\/plzen\/wp-content\/uploads\/2024\/05\/rdv-francais-1-768x576.jpg 768w, https:\/\/www.alliancefrancaise.cz\/plzen\/wp-content\/uploads\/2024\/05\/rdv-francais-1.jpg 2016w\" sizes=\"auto, (max-width: 1360px) 100vw, 1360px\" \/><\/figure>\n<\/figure>\n\n\n\n<div style=\"height:30px\" aria-hidden=\"true\" class=\"wp-block-spacer\"><\/div>\n<\/div><\/div>\n","protected":false},"excerpt":{"rendered":"<p>Ka\u017edou druhou st\u0159edu v m\u011bs\u00edci\u00a0od 18:00 po\u0159\u00e1d\u00e1me setk\u00e1n\u00ed nad sklenkou v\u00edna ve vinn\u00e9m baru Fine France, b\u011bhem kter\u00e9ho si m\u016f\u017eete popov\u00eddat francouzsky.<\/p>\n","protected":false},"author":4,"featured_media":0,"parent":0,"menu_order":0,"comment_status":"closed","ping_status":"closed","template":"","meta":{"_acf_changed":false,"footnotes":""},"class_list":["post-14130","page","type-page","status-publish","hentry"],"acf":[],"_links":{"self":[{"href":"https:\/\/www.alliancefrancaise.cz\/plzen\/wp-json\/wp\/v2\/pages\/14130","targetHints":{"allow":["GET"]}}],"collection":[{"href":"https:\/\/www.alliancefrancaise.cz\/plzen\/wp-json\/wp\/v2\/pages"}],"about":[{"href":"https:\/\/www.alliancefrancaise.cz\/plzen\/wp-json\/wp\/v2\/types\/page"}],"author":[{"embeddable":true,"href":"https:\/\/www.alliancefrancaise.cz\/plzen\/wp-json\/wp\/v2\/users\/4"}],"replies":[{"embeddable":true,"href":"https:\/\/www.alliancefrancaise.cz\/plzen\/wp-json\/wp\/v2\/comments?post=14130"}],"version-history":[{"count":7,"href":"https:\/\/www.alliancefrancaise.cz\/plzen\/wp-json\/wp\/v2\/pages\/14130\/revisions"}],"predecessor-version":[{"id":16651,"href":"https:\/\/www.alliancefrancaise.cz\/plzen\/wp-json\/wp\/v2\/pages\/14130\/revisions\/16651"}],"wp:attachment":[{"href":"https:\/\/www.alliancefrancaise.cz\/plzen\/wp-json\/wp\/v2\/media?parent=14130"}],"curies":[{"name":"wp","href":"https:\/\/api.w.org\/{rel}","templated":true}]}}