{"id":15122,"date":"2025-07-31T12:03:05","date_gmt":"2025-07-31T10:03:05","guid":{"rendered":"https:\/\/www.alliancefrancaise.cz\/plzen\/?page_id=15122"},"modified":"2026-04-13T11:43:08","modified_gmt":"2026-04-13T09:43:08","slug":"skupinove-kurzy","status":"publish","type":"page","link":"https:\/\/www.alliancefrancaise.cz\/plzen\/skupinove-kurzy\/","title":{"rendered":"Skupinov\u00e9 kurzy"},"content":{"rendered":"\n<div class=\"wp-block-buttons is-content-justification-center is-layout-flex wp-container-core-buttons-is-layout-16018d1d wp-block-buttons-is-layout-flex\">\n<div class=\"wp-block-button has-custom-width wp-block-button__width-100\"><a class=\"wp-block-button__link wp-element-button\" href=\"https:\/\/www.alliancefrancaise.cz\/plzen\/letni-kurz-2026\/\">>> LETN\u00cd INTENZIVN\u00cd KURZY 2026 &lt;&lt;<\/a><\/div>\n<\/div>\n\n\n\n<p class=\"has-medium-font-size\"><strong><span style=\"text-decoration: underline;\">P\u0159ihl\u00e1\u0161ky na druh\u00fd semestr 2025-2026 jsou nyn\u00ed otev\u0159eny! V\u00edce informac\u00ed o nab\u00edzen\u00fdch kurzech a online p\u0159ihl\u00e1\u0161k\u00e1ch naleznete n\u00ed\u017ee.<\/span><\/strong><\/p>\n\n\n\n<p>Na\u0161e skupinov\u00e9 kurzy prob\u00edhaj\u00ed ve dvou semestrech od z\u00e1\u0159\u00ed do \u010dervna. Pokud si nejste jisti, kter\u00fd kurz si vybrat, m\u016f\u017eete si p\u0159ij\u00edt kurz vyzkou\u0161et a pak se p\u0159\u00edpadn\u011b rozhodnout pro zm\u011bnu \u00farovn\u011b. N\u011bkter\u00e9 kurzy (Francouz\u0161tina na cesty, Objevte francouz\u0161tinu!, atd.) budou otev\u0159eny bez n\u00e1vaznosti na uveden\u00fd ro\u010dn\u00ed kalend\u00e1\u0159 (pololet\u00ed).<\/p>\n\n\n\n<ul class=\"wp-block-list\">\n<li><a href=\"https:\/\/www.alliancefrancaise.cz\/plzen\/chci-se-stat-clenem\/\">\u010clenov\u00e9 Alliance Fran\u00e7aise de Plze\u0148<\/a> maj\u00ed <strong><span style=\"text-decoration: underline;\">slevu 5 %<\/span><\/strong> na ka\u017ed\u00fd semestr.<\/li>\n\n\n\n<li>Studenti kurzu Obecn\u00e9 francouz\u0161tiny mohou po\u017e\u00e1dat o <strong><span style=\"text-decoration: underline;\">10% slevu<\/span><\/strong> p\u0159i zakoupen\u00ed dopl\u0148kov\u00e9ho kurzu Konverzace.<\/li>\n<\/ul>\n\n\n\n<p><strong>Pot\u0159ebujete dal\u0161\u00ed pomoc? Kontaktujte n\u00e1s na adrese <a href=\"mailto:cours.plzen@alliancefrancaise.cz\">cours.plzen@alliancefrancaise.cz<\/a><\/strong>.<\/p>\n\n\n\n<figure class=\"wp-block-table is-style-stripes\"><table><tbody><tr><td><\/td><td class=\"has-text-align-center\" data-align=\"center\"><mark style=\"background-color:rgba(0, 0, 0, 0)\" class=\"has-inline-color has-red-color\"><strong>Term\u00edn<\/strong><\/mark><\/td><td class=\"has-text-align-center\" data-align=\"center\"><strong><mark style=\"background-color:rgba(0, 0, 0, 0)\" class=\"has-inline-color has-red-color\">Registrace<\/mark><\/strong><\/td><td class=\"has-text-align-center\" data-align=\"center\"><strong><mark style=\"background-color:rgba(0, 0, 0, 0)\" class=\"has-inline-color has-red-color\">Uzav\u0159en\u00ed (kurzy neprob\u00edhaj\u00ed)<\/mark><\/strong><\/td><\/tr><tr><td><strong>Semestre 1<\/strong><\/td><td class=\"has-text-align-center\" data-align=\"center\">od 22. 9. 2025 do 23. 1. 2026<\/td><td class=\"has-text-align-center\" data-align=\"center\">od 1. 8. 2025<\/td><td class=\"has-text-align-center\" data-align=\"center\">27. \u2013 31. 10.| 17. 11. | 22. 12. \u2013 2. 1.<\/td><\/tr><tr><td><strong>Semestre 2<\/strong><\/td><td class=\"has-text-align-center\" data-align=\"center\">od 16. 2. 2026 do 5. 6. 2026<\/td><td class=\"has-text-align-center\" data-align=\"center\">od 5. 1. 2026<\/td><td class=\"has-text-align-center\" data-align=\"center\">2. \u2013 6. 3. | 3. \u2013 6. 4. | 1. 5. | 8. 5.<\/td><\/tr><\/tbody><\/table><figcaption class=\"wp-element-caption\"><em>Rok 2025-2026<\/em><\/figcaption><\/figure>\n\n\n\n<h1 class=\"wp-block-heading\"><mark style=\"background-color:rgba(0, 0, 0, 0)\" class=\"has-inline-color has-color-text-color\">Dostupn\u00e9 kurzy \/ registrace :<\/mark><\/h1>\n\n\n<div class=\"row kategorieKurzu my-4 position-relative\"><div class=\"col-md-8 order-md-1 order-2\"><div class=\"row\"><div class=\"col-md-6 my-4 animTop\"><div class=\"obalKategorieKurzu p-4 pt-5 h-100 w-100\"><h3 class=\"h5 mb-3\"><a href=\"https:\/\/www.alliancefrancaise.cz\/plzen\/kategorie-kurzu\/letni-intenzivni-kurzy\/\">Letn\u00ed intenzivn\u00ed kurzy<\/a><\/h3><p>P\u0159ij\u010fte si b\u011bhem letn\u00edch pr\u00e1zdnin zopakovat nebo se nau\u010dit francouz\u0161tinu.<\/p><a href=\"https:\/\/www.alliancefrancaise.cz\/plzen\/kategorie-kurzu\/letni-intenzivni-kurzy\/\" class=\"btn btnMore\">Zobrazit kurzy<\/a><\/div><\/div><\/div><\/div><div class=\"col-md-4 order-md-2 order-1 mt-4\"><p><strong>Registraci a cen\u00edk najdete v detailech kurzu.<\/strong><\/p>\n<\/div><\/div>\n\n\n<h1 class=\"wp-block-heading\" id=\"katalog-kurzu\"><mark style=\"background-color:rgba(0, 0, 0, 0)\" class=\"has-inline-color has-color-text-color\">Katalog kurz\u016f 2025-2026<\/mark><\/h1>\n\n\n\n<div class=\"wp-block-group\"><div class=\"wp-block-group__inner-container is-layout-constrained wp-block-group-is-layout-constrained\">\n<h2 class=\"wp-block-heading\">Obecn\u00e1 francouz\u0161tina<\/h2>\n\n\n\n<p>Kurzy vyu\u010dovan\u00e9 v Alliance Fran\u00e7aise de Plze\u0148 se \u0159\u00edd\u00ed \u00farovn\u011bmi Spole\u010dn\u00e9ho evropsk\u00e9ho referen\u010dn\u00edho r\u00e1mce. K dosa\u017een\u00ed dan\u00fdch \u00farovn\u00ed vyu\u017e\u00edv\u00e1me p\u0159edev\u0161\u00edm \u0159adu u\u010debnic Edito (nakladatelstv\u00ed Didier), kter\u00e9 jsou dopln\u011bn\u00e9 autentick\u00fdmi materi\u00e1ly a aktivitami lektor\u016f. Ka\u017ed\u00fd kurz je p\u0159izp\u016fsoben pot\u0159eb\u00e1m a tempu student\u016f, a tak se nemus\u00edte b\u00e1t, \u017ee s n\u00e1mi francouz\u0161tinu nezvl\u00e1dnete. Na konci ka\u017ed\u00e9ho semestru lekto\u0159i vyhodnocuj\u00ed \u00farove\u0148 skupiny, kter\u00e1 se m\u016f\u017ee zm\u011bnit na vy\u0161\u0161\u00ed. Kurzy obecn\u00e9 francouz\u0161tiny prob\u00edhaj\u00ed ka\u017ed\u00fd t\u00fdden b\u011bhem 90min lekce, a to po cel\u00fd jeden semestr.<\/p>\n\n\n\n<figure class=\"wp-block-table is-style-stripes\"><table><tbody><tr><td><mark style=\"background-color:rgba(0, 0, 0, 0)\" class=\"has-inline-color has-red-color\"><strong>N\u00e1zev kurzu<\/strong><\/mark><\/td><td><mark style=\"background-color:rgba(0, 0, 0, 0)\" class=\"has-inline-color has-red-color\"><strong>\u010cas<\/strong><\/mark><\/td><td><strong><mark style=\"background-color:rgba(0, 0, 0, 0)\" class=\"has-inline-color has-red-color\">U\u010ditel<\/mark><\/strong><\/td><\/tr><tr><td><strong>A1.0 &#8211; \u00dapln\u00ed za\u010d\u00e1te\u010dn\u00edci (druh\u00fd semestr)<\/strong><\/td><td>\u010dtvrtek | 17:30-19:00<\/td><td>Jana Gallo<\/td><\/tr><tr><td><strong>A1.1 &#8211; Za\u010d\u00e1te\u010dn\u00edci 1<\/strong><\/td><td>st\u0159eda | 17:30-19:00<\/td><td>Jana Gallo<\/td><\/tr><tr><td><strong>A1.2 &#8211; Za\u010d\u00e1te\u010dn\u00edci 2<\/strong><\/td><td>\u00fater\u00fd | 16:30-18:00<\/td><td>Jitka He\u0159manov\u00e1<\/td><\/tr><tr><td><strong><strong>A1.2 &#8211; Za\u010d\u00e1te\u010dn\u00edci 2<\/strong><\/strong><\/td><td>pond\u011bl\u00ed | 16:30-18:00<\/td><td>Eli\u0161ka Fajtov\u00e1<\/td><\/tr><tr><td><strong>A2.2 &#8211; M\u00edrn\u011b pokro\u010dil\u00ed 2<\/strong><\/td><td>\u010dtvrtek | 15:50-17:20<\/td><td>Barbora \u0160neberkov\u00e1<\/td><\/tr><tr><td><strong>B1.0 &#8211; M\u00edrn\u011b pokro\u010dil\u00ed 4<\/strong><\/td><td>st\u0159eda | 17:30-19:00<\/td><td>Jana \u0160irajchov\u00e1<\/td><\/tr><tr><td><strong>B1.2 &#8211; St\u0159edn\u011b pokro\u010dil\u00ed 2<\/strong><\/td><td>\u010dtvrtek | 17:30-19:00<\/td><td>Barbora \u0160neberkov\u00e1<\/td><\/tr><tr><td><strong>B1.4 &#8211; St\u0159edn\u011b pokro\u010dil\u00ed 4<\/strong><\/td><td>pond\u011bl\u00ed | 16:45-18:15<\/td><td>Jean Gallo<\/td><\/tr><tr><td><strong>B2.1 &#8211; Pokro\u010dil\u00ed 1<\/strong> <strong>(pololet\u00ed)<\/strong><br><em>Nem\u00e1te \u010das ka\u017ed\u00fd t\u00fdden? Tak se p\u0159idejte do zkr\u00e1cen\u00e9ho kurzu.<br><strong><span style=\"text-decoration: underline;\">V pr\u016fb\u011bhu semestru se sejdeme pouze na 10 lekc\u00ed.<\/span><\/strong> podle domluvy<br>\u00fa\u010dastn\u00edk\u016f n\u011bkter\u00e9 t\u00fddny vynech\u00e1v\u00e1me.<\/em><\/td><td>\u010dtvrtek | 17:30-19:00<\/td><td>Katka C\u00edzlov\u00e1 <\/td><\/tr><tr><td><strong>B2.5 &#8211; Pokro\u010dil\u00ed 5<\/strong><\/td><td>st\u0159eda | 17:30-19:00<\/td><td>Anne Pougnard<\/td><\/tr><tr><td><strong>C1 &#8211; Velmi pokro\u010dil\u00ed<\/strong><\/td><td>\u010dtvrtek | 16:30-18:00<\/td><td>Anne Pougnard<\/td><\/tr><\/tbody><\/table><\/figure>\n<\/div><\/div>\n\n\n\n<div style=\"height:50px\" aria-hidden=\"true\" class=\"wp-block-spacer\"><\/div>\n\n\n\n<div class=\"wp-block-group\"><div class=\"wp-block-group__inner-container is-layout-constrained wp-block-group-is-layout-constrained\">\n<h2 class=\"wp-block-heading\">Konverzace<\/h2>\n\n\n\n<p>Kurzy konverzace vede rodil\u00fd mluv\u010d\u00ed s n\u011bkolikaletou prax\u00ed v\u00fduky a v hodin\u011b pracuje s autentick\u00fdmi materi\u00e1ly. B\u011bhem kurzu se prob\u00edraj\u00ed aktu\u00e1ln\u00ed t\u00e9mata, hodiny jsou obohaceny o audio a video materi\u00e1ly a z\u00e1bavn\u00e9 aktivity. Studenti se k t\u00e9matu vyjad\u0159uj\u00ed, debatuj\u00ed a prezentuj\u00ed sv\u00e9 n\u00e1zory.<\/p>\n\n\n\n<figure class=\"wp-block-table is-style-stripes\"><table><tbody><tr><td><mark style=\"background-color:rgba(0, 0, 0, 0)\" class=\"has-inline-color has-red-color\"><strong>N\u00e1zev kurzu<\/strong><\/mark><\/td><td><mark style=\"background-color:rgba(0, 0, 0, 0)\" class=\"has-inline-color has-red-color\"><strong>\u010cas<\/strong><\/mark><\/td><td><strong><mark style=\"background-color:rgba(0, 0, 0, 0)\" class=\"has-inline-color has-red-color\">U\u010ditel<\/mark><\/strong><\/td><\/tr><tr><td><strong>A2\/B1 &#8211; M\u00edrn\u011b pokro\u010dil\u00ed<\/strong><\/td><td>\u010dtvrtek | 18:10-19:10<\/td><td>Jean Gallo<\/td><\/tr><tr><td><strong>B1 &#8211; St\u0159edn\u011b pokro\u010dil\u00ed<\/strong><\/td><td>pond\u011bl\u00ed | 16:40-17:40<\/td><td>Fanny Poirier-Moravcov\u00e1<\/td><\/tr><tr><td><strong>B2 &#8211; Pokro\u010dil\u00ed<\/strong><\/td><td>pond\u011bl\u00ed | 15:30-16:30<\/td><td>Jean Gallo<\/td><\/tr><\/tbody><\/table><\/figure>\n<\/div><\/div>\n\n\n\n<div style=\"height:50px\" aria-hidden=\"true\" class=\"wp-block-spacer\"><\/div>\n\n\n\n<div class=\"wp-block-group\"><div class=\"wp-block-group__inner-container is-layout-constrained wp-block-group-is-layout-constrained\">\n<h2 class=\"wp-block-heading\">Kurzy pro d\u011bti<\/h2>\n\n\n\n<p>Kurzy pro d\u011bti se zam\u011b\u0159uj\u00ed na rozvoj z\u00e1kladn\u00edch komunika\u010dn\u00edch dovednost\u00ed ve francouz\u0161tin\u011b pomoc\u00ed materi\u00e1l\u016f ur\u010den\u00fdch d\u011btem \u010di dosp\u00edvaj\u00edc\u00edm. Kurz je veden zku\u0161en\u00fdm lektorem, kter\u00fd d\u011bti motivuje k v\u00fduce prost\u0159ednictv\u00edm dialog\u016f, her, p\u00edsni\u010dek nebo divadeln\u00edch sc\u00e9nek.<\/p>\n\n\n\n<figure class=\"wp-block-table is-style-stripes\"><table><tbody><tr><td><mark style=\"background-color:rgba(0, 0, 0, 0)\" class=\"has-inline-color has-red-color\"><strong>N\u00e1zev kurzu<\/strong><\/mark><\/td><td><mark style=\"background-color:rgba(0, 0, 0, 0)\" class=\"has-inline-color has-red-color\"><strong>\u010cas<\/strong><\/mark><\/td><td><strong><mark style=\"background-color:rgba(0, 0, 0, 0)\" class=\"has-inline-color has-red-color\">U\u010ditel<\/mark><\/strong><\/td><\/tr><tr><td><strong>Kurz pro d\u011bti &#8211; A1\/A2<\/strong><br><em>8-13 let<\/em><\/td><td>\u010dtvrtek | 15:00-16:00<\/td><td>Kamila Riegerov\u00e1<\/td><\/tr><\/tbody><\/table><\/figure>\n<\/div><\/div>\n\n\n\n<div style=\"height:50px\" aria-hidden=\"true\" class=\"wp-block-spacer\"><\/div>\n\n\n\n<div class=\"wp-block-group\"><div class=\"wp-block-group__inner-container is-layout-constrained wp-block-group-is-layout-constrained\">\n<h2 class=\"wp-block-heading\">P\u0159\u00edprava na zkou\u0161ky<\/h2>\n\n\n\n<ul class=\"wp-block-list\">\n<li>Kurzy jsou ur\u010deny pro jednotlivce, kte\u0159\u00ed si cht\u011bj\u00ed slo\u017eit zkou\u0161ku <a href=\"https:\/\/www.alliancefrancaise.cz\/plzen\/faq-delf\/\" data-type=\"page\" data-id=\"6438\">Delf\/Dalf<\/a> a m\u00edt tak ofici\u00e1ln\u011b potvrzenou jejich \u00farove\u0148 znalosti francouzsk\u00e9ho jazyka.<\/li>\n\n\n\n<li>Zkou\u0161ky <a href=\"https:\/\/www.alliancefrancaise.cz\/plzen\/faq-delf\/\" data-type=\"page\" data-id=\"6438\">Delf\/Dalf<\/a> maj\u00ed specifickou strukturu a v\u00edc ne\u017e kdekoliv jinde zde plat\u00ed, \u017ee \u201e\u0161t\u011bst\u00ed p\u0159eje p\u0159ipraven\u00fdm\u201c.<\/li>\n\n\n\n<li>B\u011bhem kurzu se tedy dozv\u00edte z jak\u00fdch \u010d\u00e1st\u00ed se zkou\u0161ka skl\u00e1d\u00e1 a jak pracovat s Va\u0161\u00ed francouz\u0161tinou, tak aby V\u00e1s u zkou\u0161ky nic nep\u0159ekvapilo. Pou\u017eit\u00ed jazyka budete tr\u00e9novat a vypilov\u00e1vat. Nakonec dostanete p\u00e1r tip\u016f pro to, aby Va\u0161e \u00fasp\u011b\u0161nost u zkou\u0161ky byla co nejv\u011bt\u0161\u00ed.<\/li>\n\n\n\n<li>Platnost diplomu je \u010dasov\u011b neomezen\u00e1, stane se tak sou\u010d\u00e1st\u00ed Va\u0161eho portfolia. Ocen\u00edte jej p\u0159i \u017e\u00e1dostech o p\u0159ijet\u00ed v zam\u011bstn\u00e1n\u00ed nebo na univerzit\u00e1ch ve frankofonn\u00edch oblastech.<\/li>\n<\/ul>\n\n\n\n<div class=\"wp-block-columns is-layout-flex wp-container-core-columns-is-layout-9d6595d7 wp-block-columns-is-layout-flex\">\n<div class=\"wp-block-column is-layout-flow wp-block-column-is-layout-flow\">\n<h4 class=\"wp-block-heading\"><mark style=\"background-color:rgba(0, 0, 0, 0)\" class=\"has-inline-color has-color-text-color\">Na C\u00edrkevn\u00edm Gymn\u00e1ziu Plze\u0148<\/mark><\/h4>\n\n\n\n<p><strong>Pro studenty C\u00edrkevn\u00edho gymn\u00e1zia <span style=\"text-decoration: underline;\">a Mikul\u00e1\u0161sk\u00e9ho gymn\u00e1zia<\/span><\/strong>.<\/p>\n\n\n\n<figure class=\"wp-block-table is-style-stripes\"><table><tbody><tr><td><mark style=\"background-color:rgba(0, 0, 0, 0)\" class=\"has-inline-color has-red-color\"><strong>N\u00e1zev kurzu<\/strong><\/mark><\/td><td><mark style=\"background-color:rgba(0, 0, 0, 0)\" class=\"has-inline-color has-red-color\"><strong>\u010cas<\/strong><\/mark><\/td><td><strong><mark style=\"background-color:rgba(0, 0, 0, 0)\" class=\"has-inline-color has-red-color\">U\u010ditel<\/mark><\/strong><\/td><\/tr><tr><td><strong>P\u0159\u00edprava na DELF Scolaire<\/strong> <strong>A2\/B1<\/strong><\/td><td><em>pouze 1. semestr<\/em><\/td><td>Barbora \u0160neberkov\u00e1<\/td><\/tr><tr><td><strong>P\u0159\u00edprava na DELF Scolaire<\/strong> <strong>B2<\/strong><\/td><td><em>pouze 1. semestr<\/em><\/td><td>Barbora \u0160neberkov\u00e1<\/td><\/tr><\/tbody><\/table><figcaption class=\"wp-element-caption\"><em>Student\u016fm C\u00edrkevn\u00edho Plze\u0148 <span style=\"text-decoration: underline;\">a Mikul\u00e1\u0161sk\u00e9ho gymn\u00e1zia<\/span> nab\u00edz\u00edme mo\u017enost p\u0159ipravit se na zkou\u0161ku DELF Junior \/ Scolaire na C\u00edrkevn\u00edm Gymn\u00e1ziu Plze\u0148<\/em>.<\/figcaption><\/figure>\n<\/div>\n\n\n\n<div class=\"wp-block-column is-layout-flow wp-block-column-is-layout-flow\">\n<h4 class=\"wp-block-heading\"><strong><mark style=\"background-color:rgba(0, 0, 0, 0)\" class=\"has-inline-color has-color-text-color\">Ve Francouzsk\u00e9 alianci<\/mark><\/strong><\/h4>\n\n\n\n<figure class=\"wp-block-table is-style-stripes\"><table><tbody><tr><td><mark style=\"background-color:rgba(0, 0, 0, 0)\" class=\"has-inline-color has-red-color\"><strong>N\u00e1zev kurzu<\/strong><\/mark><\/td><td><strong><mark style=\"background-color:rgba(0, 0, 0, 0)\" class=\"has-inline-color has-red-color\"><mark style=\"background-color:rgba(0, 0, 0, 0)\" class=\"has-inline-color has-red-color\"><strong>\u010cas<\/strong><\/mark><\/mark><\/strong><\/td><\/tr><tr><td><strong>P\u0159\u00edprava na DELF\/DALF<\/strong><\/td><td>Pokud m\u00e1te z\u00e1jem o p\u0159\u00edpravn\u00fd kurz DELF, <a href=\"mailto:cours.plzen@alliancefrancaise.cz\" data-type=\"mailto\" data-id=\"mailto:\">kontaktujte n\u00e1s<\/a>.<\/td><\/tr><\/tbody><\/table><figcaption class=\"wp-element-caption\"><em>Kurzy na vy\u017e\u00e1d\u00e1n\u00ed.<\/em><\/figcaption><\/figure>\n<\/div>\n<\/div>\n<\/div><\/div>\n\n\n\n<div style=\"height:50px\" aria-hidden=\"true\" class=\"wp-block-spacer\"><\/div>\n\n\n\n<div class=\"wp-block-group\"><div class=\"wp-block-group__inner-container is-layout-constrained wp-block-group-is-layout-constrained\">\n<h2 class=\"wp-block-heading\">Kurzy pro seniory<\/h2>\n\n\n\n<p>Kurzy pro seniory jsou vytvo\u0159eny tak, aby vyhovovaly vy\u0161\u0161\u00ed v\u011bkov\u00e9 skupin\u011b a jsou dobrou p\u0159\u00edle\u017eitost\u00ed potkat se se sv\u00fdmi vrstevn\u00edky.<\/p>\n\n\n\n<figure class=\"wp-block-table is-style-stripes\"><table><tbody><tr><td><mark style=\"background-color:rgba(0, 0, 0, 0)\" class=\"has-inline-color has-red-color\"><strong>N\u00e1zev kurzu<\/strong><\/mark><\/td><td><mark style=\"background-color:rgba(0, 0, 0, 0)\" class=\"has-inline-color has-red-color\"><strong>\u010cas<\/strong><\/mark><\/td><td><strong><mark style=\"background-color:rgba(0, 0, 0, 0)\" class=\"has-inline-color has-red-color\">U\u010ditel<\/mark><\/strong><\/td><\/tr><tr><td><strong>Senio\u0159i &#8211; A2\/B1<\/strong><\/td><td>\u00fater\u00fd | 15:30-17:00<\/td><td>Barbora Stachov\u00e1<\/td><\/tr><tr><td><strong>Senio\u0159i &#8211; B1\/B2<\/strong><\/td><td>st\u0159eda | 10:00-11:30<\/td><td>Katka Kaderov\u00e1<\/td><\/tr><\/tbody><\/table><\/figure>\n<\/div><\/div>\n\n\n\n<div style=\"height:50px\" aria-hidden=\"true\" class=\"wp-block-spacer\"><\/div>\n\n\n\n<div class=\"wp-block-group\"><div class=\"wp-block-group__inner-container is-layout-constrained wp-block-group-is-layout-constrained\">\n<h2 class=\"wp-block-heading\">Specializovan\u00e1 francouz\u0161tina<\/h2>\n\n\n\n<p>Kurzy \u201cSpecializovan\u00e9 francouz\u0161tiny&#8220; jsou v\u011bnovan\u00e9 specifick\u00fdm t\u00e9mat\u016fm jako nap\u0159\u00edklad va\u0159en\u00ed, korespondenci, historii, hudb\u011b, literatu\u0159e apod. Jedn\u00e1 se tak\u00e9 o kurzy, kter\u00e9 se mohou zam\u011b\u0159it na konkr\u00e9tn\u00ed problematiku jako poslech a dal\u0161\u00ed. N\u00ed\u017ee naleznete kurzy, kter\u00e9 v t\u00e9to sekci v semestru nab\u00edz\u00edme:<\/p>\n\n\n\n<figure class=\"wp-block-table is-style-stripes\"><table><tbody><tr><td><mark style=\"background-color:rgba(0, 0, 0, 0)\" class=\"has-inline-color has-red-color\"><strong>N\u00e1zev kurzu<\/strong><\/mark><\/td><td><mark style=\"background-color:rgba(0, 0, 0, 0)\" class=\"has-inline-color has-red-color\"><strong>\u010cas<\/strong><\/mark><\/td><td><strong><mark style=\"background-color:rgba(0, 0, 0, 0)\" class=\"has-inline-color has-red-color\">U\u010ditel<\/mark><\/strong><\/td><\/tr><tr><td><strong><strong>Rodi\u010de s d\u011btmi 0-3 let &#8211; A2\/B1 (pololet\u00ed)<\/strong><\/strong><br><em>A2\/B1 M\u00edrn\u011b pokro\u010dil\u00ed<\/em> &#8211; <em>8 lekc\u00ed<\/em><br><em>P\u0159ij\u010fte se u\u010dit francouzsky a <strong>m\u011bjte u sebe sv\u00e9 mal\u00e9 d\u011bti<\/strong>.<\/em><br><em>Kurz bude prob\u00edhat v uvoln\u011bn\u00e9m prost\u0159ed\u00ed, aby d\u011bti mohly b\u00fdt se sv\u00fdmi rodi\u010di.<\/em><br><em>M\u00e1me pro n\u011b p\u0159ipraven\u00fd <strong>d\u011btsk\u00fd koutek<\/strong>, aby se nenudily.<\/em><\/td><td>p\u00e1tek | 09:30-10:30<\/td><td>Kamila Riegerov\u00e1<\/td><\/tr><\/tbody><\/table><\/figure>\n<\/div><\/div>\n\n\n\n<div style=\"height:50px\" aria-hidden=\"true\" class=\"wp-block-spacer\"><\/div>\n\n\n\n<div class=\"wp-block-group\"><div class=\"wp-block-group__inner-container is-layout-constrained wp-block-group-is-layout-constrained\">\n<h2 class=\"wp-block-heading\">Kurz \u010de\u0161tiny pro frankofonn\u00ed cizince \/ <strong>Cours de tch\u00e8que pour \u00e9trangers francophones<\/strong><\/h2>\n\n\n\n<p>Kurz \u010de\u0161tiny pro fale\u0161n\u00e9 za\u010d\u00e1te\u010dn\u00edky (A1\/A2) je organizov\u00e1n pro francouzskou komunitu, kter\u00e1 se chce nau\u010dit \u010desky.<\/p>\n\n\n\n<p><span style=\"text-decoration: underline;\">Mo\u017enost pro nefrancouzsky mluv\u00edc\u00ed<\/span>: je nutn\u00e9 rozum\u011bt \u010desky nebo francouzsky (A1\/A2).<\/p>\n\n\n\n<figure class=\"wp-block-table is-style-stripes\"><table><tbody><tr><td><mark style=\"background-color:rgba(0, 0, 0, 0)\" class=\"has-inline-color has-red-color\"><strong>N\u00e1zev kurzu<\/strong><\/mark><\/td><td><mark style=\"background-color:rgba(0, 0, 0, 0)\" class=\"has-inline-color has-red-color\"><strong>\u010cas<\/strong><\/mark><\/td><td><strong><mark style=\"background-color:rgba(0, 0, 0, 0)\" class=\"has-inline-color has-red-color\">U\u010ditel<\/mark><\/strong><\/td><\/tr><tr><td><strong><strong>Tch\u00e8que pour francophones<\/strong><\/strong> &#8211; <strong>A1\/A2<\/strong><\/td><td>&#8212;<\/td><td>Jana Gallo<\/td><\/tr><\/tbody><\/table><\/figure>\n<\/div><\/div>\n\n\n\n<p><\/p>\n","protected":false},"excerpt":{"rendered":"<p>P\u0159ihl\u00e1\u0161ky na druh\u00fd semestr 2025-2026 jsou nyn\u00ed otev\u0159eny! V\u00edce informac\u00ed o nab\u00edzen\u00fdch kurzech a online p\u0159ihl\u00e1\u0161k\u00e1ch naleznete n\u00ed\u017ee. Na\u0161e skupinov\u00e9 kurzy prob\u00edhaj\u00ed ve dvou semestrech od z\u00e1\u0159\u00ed do&#8230;<\/p>\n","protected":false},"author":4,"featured_media":0,"parent":0,"menu_order":0,"comment_status":"closed","ping_status":"closed","template":"","meta":{"_acf_changed":false,"footnotes":""},"class_list":["post-15122","page","type-page","status-publish","hentry"],"acf":[],"_links":{"self":[{"href":"https:\/\/www.alliancefrancaise.cz\/plzen\/wp-json\/wp\/v2\/pages\/15122","targetHints":{"allow":["GET"]}}],"collection":[{"href":"https:\/\/www.alliancefrancaise.cz\/plzen\/wp-json\/wp\/v2\/pages"}],"about":[{"href":"https:\/\/www.alliancefrancaise.cz\/plzen\/wp-json\/wp\/v2\/types\/page"}],"author":[{"embeddable":true,"href":"https:\/\/www.alliancefrancaise.cz\/plzen\/wp-json\/wp\/v2\/users\/4"}],"replies":[{"embeddable":true,"href":"https:\/\/www.alliancefrancaise.cz\/plzen\/wp-json\/wp\/v2\/comments?post=15122"}],"version-history":[{"count":20,"href":"https:\/\/www.alliancefrancaise.cz\/plzen\/wp-json\/wp\/v2\/pages\/15122\/revisions"}],"predecessor-version":[{"id":16692,"href":"https:\/\/www.alliancefrancaise.cz\/plzen\/wp-json\/wp\/v2\/pages\/15122\/revisions\/16692"}],"wp:attachment":[{"href":"https:\/\/www.alliancefrancaise.cz\/plzen\/wp-json\/wp\/v2\/media?parent=15122"}],"curies":[{"name":"wp","href":"https:\/\/api.w.org\/{rel}","templated":true}]}}