{"id":16530,"date":"2026-03-16T09:37:47","date_gmt":"2026-03-16T08:37:47","guid":{"rendered":"https:\/\/www.alliancefrancaise.cz\/plzen\/?page_id=16530"},"modified":"2026-03-16T09:37:49","modified_gmt":"2026-03-16T08:37:49","slug":"rok-ve-francii-pribeh-zory-skolni-rok-2023-2024","status":"publish","type":"page","link":"https:\/\/www.alliancefrancaise.cz\/plzen\/rok-ve-francii-pribeh-zory-skolni-rok-2023-2024\/","title":{"rendered":"Rok ve Francii \u2013 P\u0159\u00edb\u011bh Zory \u2013 \u0160koln\u00ed rok 2023-2024"},"content":{"rendered":"\n<h3 class=\"wp-block-heading\">16. ledna 2024 &#8211; V polovin\u011b pobytu<\/h3>\n\n\n\n<p>Jmenuji se Zora, a m\u011bla jsem to \u0161t\u011bst\u00ed b\u00fdt vybr\u00e1na do programu Un An en France, po\u0159\u00e1dan\u00e9ho Francouzsk\u00fdm Institututem v Praze, p\u0159es Francouzskou Alianci v Plzni. Moment\u00e1ln\u011b jsem na ro\u010dn\u00edm pobytu na gymn\u00e1ziu ve Francii. R\u00e1da bych V\u00e1m trochu p\u0159ibl\u00ed\u017eila, jak to tu chod\u00ed.<\/p>\n\n\n\n<p>Jsem v posledn\u00edm ro\u010dn\u00edku (Terminale) na Lyc\u00e9e Saint-B\u00e9nigne v Dijonu. Jako speci\u00e1ln\u00ed p\u0159edm\u011bty jsem si vybrala AMC (Angli\u010dtina v sou\u010dasn\u00e9m sv\u011bt\u011b ) a HGGSP (Historie,geografie, geopolitika a politick\u00e9 v\u011bdy). Tyto p\u0159edm\u011bty mi t\u00edm p\u00e1dem zab\u00edraj\u00ed v\u011bt\u0161inu rozvrhu a moc m\u011b bav\u00ed.<\/p>\n\n\n\n<p>P\u0159es t\u00fdden bydl\u00edm na intern\u00e1tu p\u0159\u00edmo v budov\u011b \u0161koly, kde sd\u00edl\u00edm s moj\u00ed skv\u011blou spolubydl\u00edc\u00ed pokoj s koupelnou. Intern\u00e1t je relativn\u011b p\u0159\u00edsn\u00fd, ka\u017ed\u00fd den m\u00e1me po vyu\u010dov\u00e1n\u00ed je\u0161t\u011b dv\u011b povinn\u00e9 vyu\u010dovac\u00ed hodiny, p\u0159i kter\u00fdch je nutn\u00e9 m\u00edt otev\u0159en\u00e9 dve\u0159e do chodby pro p\u0159\u00edpadn\u00e9 kontroly. Jinak tam m\u00e1me ale p\u0159\u00edstup cel\u00fd den, co\u017e se hod\u00ed, kdy\u017e mi odpadne hodina, nebo jsem si zapomn\u011bla v pokoji se\u0161it. J\u00eddlo je v\u011bt\u0161inu \u010dasu skv\u011bl\u00e9, poka\u017ed\u00e9 m\u00e1me v\u00edce mo\u017enost\u00ed p\u0159edkrm\u016f,hlavn\u00edch j\u00eddel i dezert\u016f, ale t\u00edm \u017ee jsem vegetari\u00e1n, n\u011bkdy bohu\u017eel nem\u00e1m moc na v\u00fdb\u011br.<\/p>\n\n\n\n<p>V\u00edkend a st\u0159ede\u010dn\u00ed odpoledne tr\u00e1v\u00edm u sv\u00e9 \u00fa\u017easn\u00e9 hostitelsk\u00e9 rodinky. \u010casto spole\u010dn\u011b chod\u00edme do m\u011bsta, hrajeme spole\u010densk\u00e9 hry, nebo kouk\u00e1me na n\u00e1\u0161 obl\u00edben\u00fd seri\u00e1l nebo si jen pov\u00edd\u00e1me. Moje hostitelsk\u00e1 rodinka je jedna z nejlep\u0161\u00edch v\u011bc\u00ed na tomto pobytu. V\u017edy mi se v\u0161\u00edm r\u00e1di pom\u016f\u017eou, a\u0165 u\u017e s Francouz\u0161tinou nebo s jak\u00fdmkoliv jin\u00fdm probl\u00e9mem.<\/p>\n\n\n\n<p>T\u00edm, \u017ee jsem u\u017e v polovin\u011b pobytu, m\u016f\u017eu se ohl\u00e9dnout zp\u00e1tky na m\u00e9 za\u010d\u00e1tky tady. Nebudu \u0159\u00edkat, \u017ee to nebylo trochu n\u00e1ro\u010dn\u00e9, ale rozhodn\u011b st\u00e1lo za to to vydr\u017eet. Nau\u010dila jsem se spoustu v\u011bc\u00ed, b\u00fdt samostatn\u00e1, na\u0161la si nov\u00e9 kamar\u00e1dy, rozmluvila se francouzsky.<\/p>\n\n\n\n<div class=\"galerieCtvercova row mb-4\">\n\n        <div class=\"col-md-2 col-6 boxFotkyGal mb-4 animZoom\">\n        <a href=\"https:\/\/www.alliancefrancaise.cz\/plzen\/wp-content\/uploads\/2024\/06\/IMG_20230918_085625-1-scaled.jpg\" class=\"glightbox\">\n            <div class=\"rozky maleRozky\">\n                <img loading=\"lazy\" decoding=\"async\" width=\"440\" height=\"440\" src=\"https:\/\/www.alliancefrancaise.cz\/plzen\/wp-content\/uploads\/2024\/06\/IMG_20230918_085625-1-440x440.jpg\" class=\"w-100\" alt=\"\" srcset=\"https:\/\/www.alliancefrancaise.cz\/plzen\/wp-content\/uploads\/2024\/06\/IMG_20230918_085625-1-440x440.jpg 440w, https:\/\/www.alliancefrancaise.cz\/plzen\/wp-content\/uploads\/2024\/06\/IMG_20230918_085625-1-150x150.jpg 150w\" sizes=\"auto, (max-width: 440px) 100vw, 440px\" \/>            <\/div>\n        <\/a>\n    <\/div>\n        <div class=\"col-md-2 col-6 boxFotkyGal mb-4 animZoom\">\n        <a href=\"https:\/\/www.alliancefrancaise.cz\/plzen\/wp-content\/uploads\/2024\/06\/Snapchat-642001361-1.jpg\" class=\"glightbox\">\n            <div class=\"rozky maleRozky\">\n                <img loading=\"lazy\" decoding=\"async\" width=\"440\" height=\"440\" src=\"https:\/\/www.alliancefrancaise.cz\/plzen\/wp-content\/uploads\/2024\/06\/Snapchat-642001361-1-440x440.jpg\" class=\"w-100\" alt=\"\" srcset=\"https:\/\/www.alliancefrancaise.cz\/plzen\/wp-content\/uploads\/2024\/06\/Snapchat-642001361-1-440x440.jpg 440w, https:\/\/www.alliancefrancaise.cz\/plzen\/wp-content\/uploads\/2024\/06\/Snapchat-642001361-1-150x150.jpg 150w\" sizes=\"auto, (max-width: 440px) 100vw, 440px\" \/>            <\/div>\n        <\/a>\n    <\/div>\n        <div class=\"col-md-2 col-6 boxFotkyGal mb-4 animZoom\">\n        <a href=\"https:\/\/www.alliancefrancaise.cz\/plzen\/wp-content\/uploads\/2024\/06\/Snapchat-1672797190-1-scaled.jpg\" class=\"glightbox\">\n            <div class=\"rozky maleRozky\">\n                <img loading=\"lazy\" decoding=\"async\" width=\"440\" height=\"440\" src=\"https:\/\/www.alliancefrancaise.cz\/plzen\/wp-content\/uploads\/2024\/06\/Snapchat-1672797190-1-440x440.jpg\" class=\"w-100\" alt=\"\" srcset=\"https:\/\/www.alliancefrancaise.cz\/plzen\/wp-content\/uploads\/2024\/06\/Snapchat-1672797190-1-440x440.jpg 440w, https:\/\/www.alliancefrancaise.cz\/plzen\/wp-content\/uploads\/2024\/06\/Snapchat-1672797190-1-150x150.jpg 150w\" sizes=\"auto, (max-width: 440px) 100vw, 440px\" \/>            <\/div>\n        <\/a>\n    <\/div>\n        <div class=\"col-md-2 col-6 boxFotkyGal mb-4 animZoom\">\n        <a href=\"https:\/\/www.alliancefrancaise.cz\/plzen\/wp-content\/uploads\/2024\/06\/Snapchat-645266800-1-scaled.jpg\" class=\"glightbox\">\n            <div class=\"rozky maleRozky\">\n                <img loading=\"lazy\" decoding=\"async\" width=\"440\" height=\"440\" src=\"https:\/\/www.alliancefrancaise.cz\/plzen\/wp-content\/uploads\/2024\/06\/Snapchat-645266800-1-440x440.jpg\" class=\"w-100\" alt=\"\" srcset=\"https:\/\/www.alliancefrancaise.cz\/plzen\/wp-content\/uploads\/2024\/06\/Snapchat-645266800-1-440x440.jpg 440w, https:\/\/www.alliancefrancaise.cz\/plzen\/wp-content\/uploads\/2024\/06\/Snapchat-645266800-1-150x150.jpg 150w\" sizes=\"auto, (max-width: 440px) 100vw, 440px\" \/>            <\/div>\n        <\/a>\n    <\/div>\n        <div class=\"col-md-2 col-6 boxFotkyGal mb-4 animZoom\">\n        <a href=\"https:\/\/www.alliancefrancaise.cz\/plzen\/wp-content\/uploads\/2024\/06\/IMG_20231020_085510-1-scaled.jpg\" class=\"glightbox\">\n            <div class=\"rozky maleRozky\">\n                <img loading=\"lazy\" decoding=\"async\" width=\"440\" height=\"440\" src=\"https:\/\/www.alliancefrancaise.cz\/plzen\/wp-content\/uploads\/2024\/06\/IMG_20231020_085510-1-440x440.jpg\" class=\"w-100\" alt=\"\" srcset=\"https:\/\/www.alliancefrancaise.cz\/plzen\/wp-content\/uploads\/2024\/06\/IMG_20231020_085510-1-440x440.jpg 440w, https:\/\/www.alliancefrancaise.cz\/plzen\/wp-content\/uploads\/2024\/06\/IMG_20231020_085510-1-150x150.jpg 150w\" sizes=\"auto, (max-width: 440px) 100vw, 440px\" \/>            <\/div>\n        <\/a>\n    <\/div>\n        <div class=\"col-md-2 col-6 boxFotkyGal mb-4 animZoom\">\n        <a href=\"https:\/\/www.alliancefrancaise.cz\/plzen\/wp-content\/uploads\/2024\/06\/IMG_20231005_190412-1-scaled.jpg\" class=\"glightbox\">\n            <div class=\"rozky maleRozky\">\n                <img loading=\"lazy\" decoding=\"async\" width=\"440\" height=\"440\" src=\"https:\/\/www.alliancefrancaise.cz\/plzen\/wp-content\/uploads\/2024\/06\/IMG_20231005_190412-1-440x440.jpg\" class=\"w-100\" alt=\"\" srcset=\"https:\/\/www.alliancefrancaise.cz\/plzen\/wp-content\/uploads\/2024\/06\/IMG_20231005_190412-1-440x440.jpg 440w, https:\/\/www.alliancefrancaise.cz\/plzen\/wp-content\/uploads\/2024\/06\/IMG_20231005_190412-1-150x150.jpg 150w\" sizes=\"auto, (max-width: 440px) 100vw, 440px\" \/>            <\/div>\n        <\/a>\n    <\/div>\n        <div class=\"col-md-2 col-6 boxFotkyGal mb-4 animZoom\">\n        <a href=\"https:\/\/www.alliancefrancaise.cz\/plzen\/wp-content\/uploads\/2024\/06\/IMG_20230927_200432_1-1-scaled.jpg\" class=\"glightbox\">\n            <div class=\"rozky maleRozky\">\n                <img loading=\"lazy\" decoding=\"async\" width=\"440\" height=\"440\" src=\"https:\/\/www.alliancefrancaise.cz\/plzen\/wp-content\/uploads\/2024\/06\/IMG_20230927_200432_1-1-440x440.jpg\" class=\"w-100\" alt=\"\" srcset=\"https:\/\/www.alliancefrancaise.cz\/plzen\/wp-content\/uploads\/2024\/06\/IMG_20230927_200432_1-1-440x440.jpg 440w, https:\/\/www.alliancefrancaise.cz\/plzen\/wp-content\/uploads\/2024\/06\/IMG_20230927_200432_1-1-150x150.jpg 150w\" sizes=\"auto, (max-width: 440px) 100vw, 440px\" \/>            <\/div>\n        <\/a>\n    <\/div>\n        <div class=\"col-md-2 col-6 boxFotkyGal mb-4 animZoom\">\n        <a href=\"https:\/\/www.alliancefrancaise.cz\/plzen\/wp-content\/uploads\/2024\/06\/IMG_20230903_105922-1-scaled.jpg\" class=\"glightbox\">\n            <div class=\"rozky maleRozky\">\n                <img loading=\"lazy\" decoding=\"async\" width=\"440\" height=\"440\" src=\"https:\/\/www.alliancefrancaise.cz\/plzen\/wp-content\/uploads\/2024\/06\/IMG_20230903_105922-1-440x440.jpg\" class=\"w-100\" alt=\"\" srcset=\"https:\/\/www.alliancefrancaise.cz\/plzen\/wp-content\/uploads\/2024\/06\/IMG_20230903_105922-1-440x440.jpg 440w, https:\/\/www.alliancefrancaise.cz\/plzen\/wp-content\/uploads\/2024\/06\/IMG_20230903_105922-1-150x150.jpg 150w\" sizes=\"auto, (max-width: 440px) 100vw, 440px\" \/>            <\/div>\n        <\/a>\n    <\/div>\n    \n<\/div>\n\n\n\n\n<h3 class=\"wp-block-heading\">26. \u010dervna 2024 &#8211; Rekapitulace<\/h3>\n\n\n\n<p>Tento program mi umo\u017enil splnit si m\u016fj sen- studovat cel\u00fd rok na gymn\u00e1ziu Saint-B\u00e9nigne v Dijonu ve Francii. Ze za\u010d\u00e1tku to pro m\u011b byl docela \u0161ok. Byla jsem sama ve Francii, m\u011bla komunikovat v jazyce, kter\u00fd jsem se p\u0159ed t\u00edm u\u010dila jen dva roky. Rychle jsem se ale zaintegrovala a na\u0161la si kamar\u00e1dy, kte\u0159\u00ed mi se v\u0161\u00edm pomohli. Jsem moc vd\u011b\u010dn\u00e1 za tuto p\u0159\u00edle\u017eitost, tento rok mi dal stra\u0161n\u011b moc. Nau\u010dila jsem se b\u00fdt samostatn\u00e1, um\u011bt se spolehnout pouze sama na sebe a spoustu dal\u0161\u00edho. Za\u017eila jsem naprosto odli\u0161n\u00fd zp\u016fsob \u0161koln\u00ed v\u00fduky, kter\u00fd byl zaj\u00edmav\u00fd a moc m\u011b bavil (m\u00edsto klasick\u00fdch zn\u00e1mek body, procenta a slovn\u00ed hodnocen\u00ed, spousta prezentac\u00ed v pr\u016fb\u011bhu \u0161koln\u00edho roku na r\u016fzn\u00e1 t\u00e9mata, mimo\u0161koln\u00edch aktivit- simulace rady evropsk\u00e9ho parlamentu, exkurze do Pa\u0159\u00ed\u017ee, nab\u00edzen\u00fdch sportovn\u00edch aktivit). Jako\u017eto student posledn\u00ed ro\u010dn\u00edku jsem si mohla vybrat dva speci\u00e1ln\u00ed p\u0159edm\u011bty (angli\u010dtina v sou\u010dasn\u00e9m sv\u011bt\u011b a geopolitika), kter\u00e9 n\u00e1sledn\u011b tvo\u0159ily velikou \u010d\u00e1st m\u00e9ho rozvrhu. A hlavn\u011b jsem si o dost zlep\u0161ila francouz\u0161tinu a po\u0159\u00e1dn\u011b poznala svoji obl\u00edbenou zemi a kulturu.<\/p>\n\n\n\n<p>Jsem moc vd\u011b\u010dn\u00e1 AF Plze\u0148, kter\u00e1 mi umo\u017enila za\u017e\u00edt Un an en France na vlastn\u00ed k\u016f\u017ei. Program Un An en France bych ur\u010dit\u011b doporu\u010dila v\u0161em, kdo se neboj\u00ed vystoupit ze sv\u00e9 komfortn\u00ed z\u00f3ny, pozn\u00e1vat nov\u00e9 v\u011bci a cht\u011bj\u00ed posunout svou francouz\u0161tinu na jinou \u00farove\u0148.<\/p>\n\n\n\n<div class=\"galerieCtvercova row mb-4\">\n\n        <div class=\"col-md-2 col-6 boxFotkyGal mb-4 animZoom\">\n        <a href=\"https:\/\/www.alliancefrancaise.cz\/plzen\/wp-content\/uploads\/2024\/06\/IMG_20240613_152705.jpg\" class=\"glightbox\">\n            <div class=\"rozky maleRozky\">\n                <img loading=\"lazy\" decoding=\"async\" width=\"440\" height=\"440\" src=\"https:\/\/www.alliancefrancaise.cz\/plzen\/wp-content\/uploads\/2024\/06\/IMG_20240613_152705-440x440.jpg\" class=\"w-100\" alt=\"\" srcset=\"https:\/\/www.alliancefrancaise.cz\/plzen\/wp-content\/uploads\/2024\/06\/IMG_20240613_152705-440x440.jpg 440w, https:\/\/www.alliancefrancaise.cz\/plzen\/wp-content\/uploads\/2024\/06\/IMG_20240613_152705-150x150.jpg 150w\" sizes=\"auto, (max-width: 440px) 100vw, 440px\" \/>            <\/div>\n        <\/a>\n    <\/div>\n        <div class=\"col-md-2 col-6 boxFotkyGal mb-4 animZoom\">\n        <a href=\"https:\/\/www.alliancefrancaise.cz\/plzen\/wp-content\/uploads\/2024\/06\/Screenshot_2024-05-22-19-53-06-124_com.instagram.android.jpg\" class=\"glightbox\">\n            <div class=\"rozky maleRozky\">\n                <img loading=\"lazy\" decoding=\"async\" width=\"440\" height=\"440\" src=\"https:\/\/www.alliancefrancaise.cz\/plzen\/wp-content\/uploads\/2024\/06\/Screenshot_2024-05-22-19-53-06-124_com.instagram.android-440x440.jpg\" class=\"w-100\" alt=\"\" srcset=\"https:\/\/www.alliancefrancaise.cz\/plzen\/wp-content\/uploads\/2024\/06\/Screenshot_2024-05-22-19-53-06-124_com.instagram.android-440x440.jpg 440w, https:\/\/www.alliancefrancaise.cz\/plzen\/wp-content\/uploads\/2024\/06\/Screenshot_2024-05-22-19-53-06-124_com.instagram.android-150x150.jpg 150w\" sizes=\"auto, (max-width: 440px) 100vw, 440px\" \/>            <\/div>\n        <\/a>\n    <\/div>\n        <div class=\"col-md-2 col-6 boxFotkyGal mb-4 animZoom\">\n        <a href=\"https:\/\/www.alliancefrancaise.cz\/plzen\/wp-content\/uploads\/2024\/06\/IMG_20240601_093704_668.jpg\" class=\"glightbox\">\n            <div class=\"rozky maleRozky\">\n                <img loading=\"lazy\" decoding=\"async\" width=\"440\" height=\"440\" src=\"https:\/\/www.alliancefrancaise.cz\/plzen\/wp-content\/uploads\/2024\/06\/IMG_20240601_093704_668-440x440.jpg\" class=\"w-100\" alt=\"\" srcset=\"https:\/\/www.alliancefrancaise.cz\/plzen\/wp-content\/uploads\/2024\/06\/IMG_20240601_093704_668-440x440.jpg 440w, https:\/\/www.alliancefrancaise.cz\/plzen\/wp-content\/uploads\/2024\/06\/IMG_20240601_093704_668-150x150.jpg 150w\" sizes=\"auto, (max-width: 440px) 100vw, 440px\" \/>            <\/div>\n        <\/a>\n    <\/div>\n        <div class=\"col-md-2 col-6 boxFotkyGal mb-4 animZoom\">\n        <a href=\"https:\/\/www.alliancefrancaise.cz\/plzen\/wp-content\/uploads\/2024\/06\/Screenshot_2024-06-01-19-05-10-947_com.instagram.android.jpg\" class=\"glightbox\">\n            <div class=\"rozky maleRozky\">\n                <img loading=\"lazy\" decoding=\"async\" width=\"440\" height=\"440\" src=\"https:\/\/www.alliancefrancaise.cz\/plzen\/wp-content\/uploads\/2024\/06\/Screenshot_2024-06-01-19-05-10-947_com.instagram.android-440x440.jpg\" class=\"w-100\" alt=\"\" srcset=\"https:\/\/www.alliancefrancaise.cz\/plzen\/wp-content\/uploads\/2024\/06\/Screenshot_2024-06-01-19-05-10-947_com.instagram.android-440x440.jpg 440w, https:\/\/www.alliancefrancaise.cz\/plzen\/wp-content\/uploads\/2024\/06\/Screenshot_2024-06-01-19-05-10-947_com.instagram.android-150x150.jpg 150w\" sizes=\"auto, (max-width: 440px) 100vw, 440px\" \/>            <\/div>\n        <\/a>\n    <\/div>\n    \n<\/div>\n\n","protected":false},"excerpt":{"rendered":"<p>16. ledna 2024 &#8211; V polovin\u011b pobytu Jmenuji se Zora, a m\u011bla jsem to \u0161t\u011bst\u00ed b\u00fdt vybr\u00e1na do programu Un An en France, po\u0159\u00e1dan\u00e9ho Francouzsk\u00fdm Institututem v Praze,&#8230;<\/p>\n","protected":false},"author":4,"featured_media":0,"parent":0,"menu_order":0,"comment_status":"closed","ping_status":"closed","template":"","meta":{"_acf_changed":false,"footnotes":""},"class_list":["post-16530","page","type-page","status-publish","hentry"],"acf":[],"_links":{"self":[{"href":"https:\/\/www.alliancefrancaise.cz\/plzen\/wp-json\/wp\/v2\/pages\/16530","targetHints":{"allow":["GET"]}}],"collection":[{"href":"https:\/\/www.alliancefrancaise.cz\/plzen\/wp-json\/wp\/v2\/pages"}],"about":[{"href":"https:\/\/www.alliancefrancaise.cz\/plzen\/wp-json\/wp\/v2\/types\/page"}],"author":[{"embeddable":true,"href":"https:\/\/www.alliancefrancaise.cz\/plzen\/wp-json\/wp\/v2\/users\/4"}],"replies":[{"embeddable":true,"href":"https:\/\/www.alliancefrancaise.cz\/plzen\/wp-json\/wp\/v2\/comments?post=16530"}],"version-history":[{"count":1,"href":"https:\/\/www.alliancefrancaise.cz\/plzen\/wp-json\/wp\/v2\/pages\/16530\/revisions"}],"predecessor-version":[{"id":16531,"href":"https:\/\/www.alliancefrancaise.cz\/plzen\/wp-json\/wp\/v2\/pages\/16530\/revisions\/16531"}],"wp:attachment":[{"href":"https:\/\/www.alliancefrancaise.cz\/plzen\/wp-json\/wp\/v2\/media?parent=16530"}],"curies":[{"name":"wp","href":"https:\/\/api.w.org\/{rel}","templated":true}]}}