{"id":16547,"date":"2026-03-31T11:06:11","date_gmt":"2026-03-31T09:06:11","guid":{"rendered":"https:\/\/www.alliancefrancaise.cz\/plzen\/?page_id=16547"},"modified":"2026-03-31T11:26:38","modified_gmt":"2026-03-31T09:26:38","slug":"objevte-francouzskou-kulturu","status":"publish","type":"page","link":"https:\/\/www.alliancefrancaise.cz\/plzen\/objevte-francouzskou-kulturu\/","title":{"rendered":"Objevte francouzskou kulturu"},"content":{"rendered":"\n<p>Alliance Fran\u00e7aise v Plzni po\u0159\u00e1d\u00e1 po cel\u00fd rok kulturn\u00ed akce. Abyste nic nezme\u0161kali, n\u00ed\u017ee najdete p\u0159ehled nadch\u00e1zej\u00edc\u00edch akc\u00ed.<\/p>\n\n\n\n<div class=\"wp-block-buttons is-content-justification-center is-layout-flex wp-container-core-buttons-is-layout-16018d1d wp-block-buttons-is-layout-flex\">\n<div class=\"wp-block-button has-custom-width wp-block-button__width-100\"><a class=\"wp-block-button__link wp-element-button\" href=\"https:\/\/www.alliancefrancaise.cz\/plzen\/nadchazejici-akce\/\">Nadch\u00e1zej\u00edc\u00ed akce<\/a><\/div>\n<\/div>\n\n\n\n<div style=\"height:50px\" aria-hidden=\"true\" class=\"wp-block-spacer\"><\/div>\n\n\n\n<div class=\"wp-block-columns is-layout-flex wp-container-core-columns-is-layout-9d6595d7 wp-block-columns-is-layout-flex\">\n<div class=\"wp-block-column is-vertically-aligned-stretch is-layout-flow wp-block-column-is-layout-flow\">\n<h2 class=\"wp-block-heading has-text-align-center\"><strong>Festival Bonjour Plze\u0148<\/strong><\/h2>\n\n\n\n<p class=\"has-text-align-center\"><em><a href=\"https:\/\/www.alliancefrancaise.cz\/plzen\/zarazeni\/bonjour-plzen\/\">Festival Bonjour Plze\u0148<\/a> se kon\u00e1 dvakr\u00e1t ro\u010dn\u011b. Podzimn\u00ed nebo jarn\u00ed ro\u010dn\u00edk \u2013 v obou p\u0159\u00edpadech se m\u016f\u017eete t\u011b\u0161it na francouzskou kulturu ve v\u0161ech jej\u00edch podob\u00e1ch: hudbu, gastronomii, historii atd.<\/em><\/p>\n\n\n<div class=\"wp-block-image\">\n<figure class=\"aligncenter size-full is-resized\"><img loading=\"lazy\" decoding=\"async\" width=\"960\" height=\"540\" src=\"https:\/\/www.alliancefrancaise.cz\/plzen\/wp-content\/uploads\/2024\/02\/BonjourPlzen2023_169.png\" alt=\"Bonjour Plzen 2023\" class=\"wp-image-13737\" style=\"width:350px\" srcset=\"https:\/\/www.alliancefrancaise.cz\/plzen\/wp-content\/uploads\/2024\/02\/BonjourPlzen2023_169.png 960w, https:\/\/www.alliancefrancaise.cz\/plzen\/wp-content\/uploads\/2024\/02\/BonjourPlzen2023_169-460x259.png 460w, https:\/\/www.alliancefrancaise.cz\/plzen\/wp-content\/uploads\/2024\/02\/BonjourPlzen2023_169-768x432.png 768w\" sizes=\"auto, (max-width: 960px) 100vw, 960px\" \/><\/figure>\n<\/div><\/div>\n\n\n\n<div class=\"wp-block-column is-vertically-aligned-stretch is-layout-flow wp-block-column-is-layout-flow\">\n<h2 class=\"wp-block-heading has-text-align-center\"><strong><strong>Pravideln\u00e9 akce<\/strong><\/strong><\/h2>\n\n\n\n<p class=\"has-text-align-center\"><em>Pod\u00edvejte se na na\u0161e pravideln\u00e9 akce: <a href=\"https:\/\/www.alliancefrancaise.cz\/plzen\/chvilka-s-pohadkou\/\" data-type=\"page\" data-id=\"14102\">Chvilka s poh\u00e1dkou<\/a>, Le <a href=\"https:\/\/www.alliancefrancaise.cz\/plzen\/le-petit-rdv\/\" data-type=\"page\" data-id=\"14108\">Petit rendez-vous<\/a> a <a href=\"https:\/\/www.alliancefrancaise.cz\/plzen\/rdv-francais\/\" data-type=\"page\" data-id=\"14130\">Rendez-vous fran\u00e7ais<\/a><\/em><\/p>\n\n\n<div class=\"wp-block-image\">\n<figure class=\"aligncenter size-full is-resized\"><img loading=\"lazy\" decoding=\"async\" width=\"960\" height=\"540\" src=\"https:\/\/www.alliancefrancaise.cz\/plzen\/wp-content\/uploads\/2024\/06\/chvilka.png\" alt=\"\" class=\"wp-image-14869\" style=\"aspect-ratio:16\/9;object-fit:cover;width:350px\" srcset=\"https:\/\/www.alliancefrancaise.cz\/plzen\/wp-content\/uploads\/2024\/06\/chvilka.png 960w, https:\/\/www.alliancefrancaise.cz\/plzen\/wp-content\/uploads\/2024\/06\/chvilka-460x259.png 460w, https:\/\/www.alliancefrancaise.cz\/plzen\/wp-content\/uploads\/2024\/06\/chvilka-768x432.png 768w\" sizes=\"auto, (max-width: 960px) 100vw, 960px\" \/><\/figure>\n<\/div><\/div>\n\n\n\n<div class=\"wp-block-column is-vertically-aligned-stretch is-layout-flow wp-block-column-is-layout-flow\">\n<h2 class=\"wp-block-heading has-text-align-center\"><strong><strong>Dny Frankofonie<\/strong><\/strong><\/h2>\n\n\n\n<p class=\"has-text-align-center\"><em><a href=\"https:\/\/www.alliancefrancaise.cz\/plzen\/zarazeni\/dny-frankofonie\/\">Dny frankofonie<\/a> p\u0159edstavuj\u00ed s\u00e9rii akc\u00ed souvisej\u00edc\u00edch s francouzskou kulturou, kter\u00e9 se konaj\u00ed po cel\u00fd b\u0159ezen.<\/em><\/p>\n\n\n<div class=\"wp-block-image\">\n<figure class=\"aligncenter size-full is-resized\"><img loading=\"lazy\" decoding=\"async\" width=\"1200\" height=\"628\" src=\"https:\/\/www.alliancefrancaise.cz\/plzen\/wp-content\/uploads\/2026\/02\/1200x628-banniere-evenement-facebook.png\" alt=\"\" class=\"wp-image-16389\" style=\"aspect-ratio:16\/9;object-fit:cover;width:350px\" srcset=\"https:\/\/www.alliancefrancaise.cz\/plzen\/wp-content\/uploads\/2026\/02\/1200x628-banniere-evenement-facebook.png 1200w, https:\/\/www.alliancefrancaise.cz\/plzen\/wp-content\/uploads\/2026\/02\/1200x628-banniere-evenement-facebook-460x241.png 460w, https:\/\/www.alliancefrancaise.cz\/plzen\/wp-content\/uploads\/2026\/02\/1200x628-banniere-evenement-facebook-768x402.png 768w\" sizes=\"auto, (max-width: 1200px) 100vw, 1200px\" \/><\/figure>\n<\/div><\/div>\n<\/div>\n","protected":false},"excerpt":{"rendered":"<p>Alliance Fran\u00e7aise v Plzni po\u0159\u00e1d\u00e1 po cel\u00fd rok kulturn\u00ed akce. Abyste nic nezme\u0161kali, n\u00ed\u017ee najdete p\u0159ehled nadch\u00e1zej\u00edc\u00edch akc\u00ed. Festival Bonjour Plze\u0148 Festival Bonjour Plze\u0148 se kon\u00e1 dvakr\u00e1t ro\u010dn\u011b&#8230;.<\/p>\n","protected":false},"author":4,"featured_media":0,"parent":0,"menu_order":0,"comment_status":"closed","ping_status":"closed","template":"","meta":{"_acf_changed":false,"footnotes":""},"class_list":["post-16547","page","type-page","status-publish","hentry"],"acf":[],"_links":{"self":[{"href":"https:\/\/www.alliancefrancaise.cz\/plzen\/wp-json\/wp\/v2\/pages\/16547","targetHints":{"allow":["GET"]}}],"collection":[{"href":"https:\/\/www.alliancefrancaise.cz\/plzen\/wp-json\/wp\/v2\/pages"}],"about":[{"href":"https:\/\/www.alliancefrancaise.cz\/plzen\/wp-json\/wp\/v2\/types\/page"}],"author":[{"embeddable":true,"href":"https:\/\/www.alliancefrancaise.cz\/plzen\/wp-json\/wp\/v2\/users\/4"}],"replies":[{"embeddable":true,"href":"https:\/\/www.alliancefrancaise.cz\/plzen\/wp-json\/wp\/v2\/comments?post=16547"}],"version-history":[{"count":18,"href":"https:\/\/www.alliancefrancaise.cz\/plzen\/wp-json\/wp\/v2\/pages\/16547\/revisions"}],"predecessor-version":[{"id":16623,"href":"https:\/\/www.alliancefrancaise.cz\/plzen\/wp-json\/wp\/v2\/pages\/16547\/revisions\/16623"}],"wp:attachment":[{"href":"https:\/\/www.alliancefrancaise.cz\/plzen\/wp-json\/wp\/v2\/media?parent=16547"}],"curies":[{"name":"wp","href":"https:\/\/api.w.org\/{rel}","templated":true}]}}