{"id":6287,"date":"2023-06-26T10:32:59","date_gmt":"2023-06-26T08:32:59","guid":{"rendered":"https:\/\/www.alliancefrancaise.cz\/plzen\/?page_id=6287"},"modified":"2025-11-18T07:56:24","modified_gmt":"2025-11-18T06:56:24","slug":"nas-tym","status":"publish","type":"page","link":"https:\/\/www.alliancefrancaise.cz\/plzen\/nas-tym\/","title":{"rendered":"N\u00e1\u0161 t\u00fdm"},"content":{"rendered":"\n<div class=\"wp-block-group alignfull has-background\" style=\"background:linear-gradient(135deg,rgb(243,243,243) 0%,rgb(243,243,243) 100%)\"><div class=\"wp-block-group__inner-container is-layout-constrained wp-block-group-is-layout-constrained\">\n<div style=\"height:30px\" aria-hidden=\"true\" class=\"wp-block-spacer\"><\/div>\n\n\n\n<div class=\"wp-block-columns is-layout-flex wp-container-core-columns-is-layout-9d6595d7 wp-block-columns-is-layout-flex\">\n<div class=\"wp-block-column is-layout-flow wp-block-column-is-layout-flow\" style=\"flex-basis:33%\">\n<h3 class=\"wp-block-heading\">Prezident<\/h3>\n\n\n\n<p>Prezidentem Alliance Fran\u00e7aise de Plze\u0148 je od \u0159\u00edjna roku 2025 pan&nbsp;<strong>Pierre Hecquet<\/strong>. Prezident je volen do \u010dela V\u00fdboru Alliance Fran\u00e7aise de Plze\u0148, kter\u00fd se skl\u00e1d\u00e1 ze \u0161esti \u010dlen\u016f. Tento v\u00fdbor je zapojen do chodu Alliance.<\/p>\n<\/div>\n\n\n\n<div class=\"wp-block-column is-layout-flow wp-block-column-is-layout-flow\" style=\"flex-basis:33%\">\n<h3 class=\"wp-block-heading\">V\u00fdbor<\/h3>\n\n\n\n<p>Viceprezidenty v\u00fdboru jsou: pan\u00ed\u00a0<strong>Jana Komi\u0161ov\u00e1<\/strong> a pan\u00ed <strong>Pavla Kocourkov\u00e1<\/strong>.<\/p>\n\n\n\n<p>Ostatn\u00edmi \u010dleny v\u00fdboru jsou: pan\u00a0<strong>Jind\u0159ich Rykovsk\u00fd<\/strong>, pan <strong>R\u00e9my Fournier<\/strong>, pan\u00ed <strong>Veronika Jilichov\u00e1 Nov\u00e1<\/strong> a pan <strong>Zbyn\u011bk Ka\u0161par<\/strong>.<\/p>\n<\/div>\n\n\n\n<div class=\"wp-block-column is-layout-flow wp-block-column-is-layout-flow\" style=\"flex-basis:33%\">\n<h3 class=\"wp-block-heading\">\u0158editelka<\/h3>\n\n\n\n<p>\u0158editelkou Alliance je v sou\u010dasn\u00e9 dob\u011b pan\u00ed<strong>&nbsp;Jana Kozlov\u00e1<\/strong>, kter\u00e1 m\u00e1 na starosti spr\u00e1vn\u00ed \u0159\u00edzen\u00ed a veden\u00ed Alliance stejn\u011b jako organizaci kulturn\u00edch projekt\u016f.<\/p>\n<\/div>\n<\/div>\n\n\n\n<div style=\"height:30px\" aria-hidden=\"true\" class=\"wp-block-spacer\"><\/div>\n<\/div><\/div>\n\n\n\n<div class=\"wp-block-group alignfull\"><div class=\"wp-block-group__inner-container is-layout-constrained wp-block-group-is-layout-constrained\">\n<h3 class=\"wp-block-heading\"><mark style=\"background-color:rgba(0, 0, 0, 0)\" class=\"has-inline-color has-red-color\">N\u00e1\u0161 lektorsk\u00fd t\u00fdm<\/mark><\/h3>\n\n\n<div id=\"kontaktniOsoby-block_1d7387e62882e4bb5545912fd9f29521\" class=\"kontaktyOsoby justify-content-center\">\n        <div class=\"osoba row mb-4 animTop \">\n        <div class=\"col-md-3 text-center order-md-2\">\n\n\n            <div class=\"ratio ratio-1x1 my-3\"><img loading=\"lazy\" decoding=\"async\" width=\"276\" height=\"305\" src=\"https:\/\/www.alliancefrancaise.cz\/plzen\/wp-content\/uploads\/2024\/03\/2024-03-13_100306.png\" class=\"imgOsoby mb-2\" alt=\"Fanny P.\" \/><\/div><div class=\"jmeno h5 mb-0 text-black\">Fanny Poirier &#8211; Moravcov\u00e1<\/div><div class=\"pozice mb-3\">Lektorka<\/div>\n        <\/div>\n        <div class=\"col-md-9 order-md-3\">\n            <div class=\"obalTextuOsoby text-black\"><p><b>Co se V\u00e1m na francouz\u0161tin\u011b l\u00edb\u00ed?<\/b><\/p>\n<p><span style=\"font-weight: 400;\">Je to prvn\u00ed jazyk, kter\u00fd jsem usly\u0161ela po narozen\u00ed a hned se mi zal\u00edbil.<\/span><\/p>\n<p><b>Co je Va\u0161\u00ed n\u00e1pln\u00ed v AF Plze\u0148?\u00a0<\/b><\/p>\n<p><span style=\"font-weight: 400;\">Jsem tu, abych vedla konverza\u010dn\u00ed hodiny a hlavn\u011b abychom spolu str\u00e1vili p\u0159\u00edjemn\u00fd \u010das p\u0159i konverzaci ve francouz\u0161tin\u011b. D\u011bkuji v\u00e1m, \u017ee mi umo\u017e\u0148ujete popov\u00eddat si v m\u00e9m rodn\u00e9m jazyce, a to nejen j\u00edm mluvit, ale hlavn\u011b ho od v\u00e1s sly\u0161et.<\/span><\/p>\n<p><b>Jak\u00fd je V\u00e1\u0161 obl\u00edben\u00fd frankofonn\u00ed zp\u011bv\u00e1k (zp\u011bva\u010dka)?<\/b><\/p>\n<p><span style=\"font-weight: 400;\">Bernard Lavilliers<\/span><\/p>\n<\/div>        <\/div>\n    <\/div>\n        <div class=\"osoba row mb-4 animTop \">\n        <div class=\"col-md-3 text-center order-md-3\">\n\n\n            <div class=\"ratio ratio-1x1 my-3\"><img loading=\"lazy\" decoding=\"async\" width=\"298\" height=\"329\" src=\"https:\/\/www.alliancefrancaise.cz\/plzen\/wp-content\/uploads\/2024\/03\/2024-03-13_100344.png\" class=\"imgOsoby mb-2\" alt=\"Jana S.\" \/><\/div><div class=\"jmeno h5 mb-0 text-black\">Jana \u0160irajchov\u00e1<\/div><div class=\"pozice mb-3\">Lektorka<\/div>\n        <\/div>\n        <div class=\"col-md-9 order-md-1 opacnaSipka\">\n            <div class=\"obalTextuOsoby text-black\"><p><b>Co se V\u00e1m na francouz\u0161tin\u011b l\u00edb\u00ed?<\/b><\/p>\n<p><span style=\"font-weight: 400;\">Francouz\u0161tina je pro m\u011b asi nejlibozvu\u010dn\u011bj\u0161\u00edm a nejpoeti\u010dt\u011bj\u0161\u00edm jazykem na sv\u011bt\u011b. M\u00e1m r\u00e1da jej\u00ed plynulost a melodi\u010dnost, a proto jsem se ji rozhodla studovat a pozd\u011bji i vyu\u010dovat.<\/span><\/p>\n<p><b>Co je Va\u0161\u00ed n\u00e1pln\u00ed v AF Plze\u0148?\u00a0<\/b><\/p>\n<p><span style=\"font-weight: 400;\">V pedagogick\u00e9m t\u00fdmu Francouzsk\u00e9 aliance Plze\u0148 jsem ji\u017e 11 let. Vyu\u010duji zde \u010de\u0161tinu pro cizince a francouz\u0161tinu. Jsem tak\u00e9 jednou z anim\u00e1torek Chvilky s poh\u00e1dkou, kdy tr\u00e1v\u00edme s d\u011btmi hezk\u00e9 chv\u00edle p\u0159i \u010dten\u00ed vtipn\u00fdch i nap\u00ednav\u00fdch p\u0159\u00edb\u011bh\u016f.<\/span><\/p>\n<p><b>Jak\u00e1 ja Va\u0161e obl\u00edben\u00e1 frankofonn\u00ed kniha?<\/b><\/p>\n<p><span style=\"font-weight: 400;\">Nadja &#8211; Andr\u00e9 Breton<\/span><\/p>\n<\/div>        <\/div>\n    <\/div>\n        <div class=\"osoba row mb-4 animTop \">\n        <div class=\"col-md-3 text-center order-md-2\">\n\n\n            <div class=\"ratio ratio-1x1 my-3\"><img loading=\"lazy\" decoding=\"async\" width=\"251\" height=\"275\" src=\"https:\/\/www.alliancefrancaise.cz\/plzen\/wp-content\/uploads\/2024\/03\/2024-03-13_100210.png\" class=\"imgOsoby mb-2\" alt=\"Katka K.\" \/><\/div><div class=\"jmeno h5 mb-0 text-black\">Kate\u0159ina Kaderov\u00e1<\/div><div class=\"pozice mb-3\">Lektorka<\/div>\n        <\/div>\n        <div class=\"col-md-9 order-md-3\">\n            <div class=\"obalTextuOsoby text-black\"><p><b>Pro\u010d se u\u010dit francouzsky?\u00a0<\/b><\/p>\n<p><span style=\"font-weight: 400;\">Skoro ka\u017ed\u00fd u\u017e dnes um\u00ed anglicky a teprve znalost jin\u00e9ho jazyka poskytuje v\u00fdhodu. Francouz\u0161tina je nav\u00edc nejen kr\u00e1sn\u00fd jazyk, ale tak\u00e9 jazyk pou\u017e\u00edvan\u00fd po cel\u00e9m sv\u011bt\u011b.<\/span><\/p>\n<p><b>Co je Va\u0161\u00ed n\u00e1pln\u00ed v AF Plze\u0148?<\/b><\/p>\n<p><span style=\"font-weight: 400;\">Moment\u00e1ln\u011b vedu dva kurzy senior\u016f a tak\u00e9 n\u011bjak\u00e9 individu\u00e1ln\u00ed lekce.<\/span><\/p>\n<p><b>Jak\u00fd je V\u00e1\u0161 obl\u00edben\u00fd frankofonn\u00ed zp\u011bv\u00e1k\/zp\u011bva\u010dka?<\/b><\/p>\n<p><span style=\"font-weight: 400;\">M\u00e1m r\u00e1da Zaz a jej\u00ed p\u00edsn\u011b nabit\u00e9 energi\u00ed.<\/span><\/p>\n<\/div>        <\/div>\n    <\/div>\n        <div class=\"osoba row mb-4 animTop \">\n        <div class=\"col-md-3 text-center order-md-3\">\n\n\n            <div class=\"ratio ratio-1x1 my-3\"><img loading=\"lazy\" decoding=\"async\" width=\"326\" height=\"354\" src=\"https:\/\/www.alliancefrancaise.cz\/plzen\/wp-content\/uploads\/2024\/03\/2024-03-13_100351.png\" class=\"imgOsoby mb-2\" alt=\"B\u00e1ra S.\" \/><\/div><div class=\"jmeno h5 mb-0 text-black\">Barbora \u0160neberkov\u00e1<\/div><div class=\"pozice mb-3\">Lektorka<\/div>\n        <\/div>\n        <div class=\"col-md-9 order-md-1 opacnaSipka\">\n            <div class=\"obalTextuOsoby text-black\"><p><b>Co se V\u00e1m na francouz\u0161tin\u011b l\u00edb\u00ed?<\/b><\/p>\n<p><span style=\"font-weight: 400;\">Jej\u00ed kr\u00e1sa a p\u0159esnost.<\/span><\/p>\n<p><b>Co je Va\u0161\u00ed n\u00e1pln\u00ed v AF Plze\u0148?<\/b><\/p>\n<p><span style=\"font-weight: 400;\">Jsem lektorkou kurz\u016f obecn\u00e9 francouz\u0161tiny, od za\u010d\u00e1te\u010dn\u00edk\u016f a\u017e po pokro\u010dil\u00e9.<\/span><\/p>\n<p><b>Jak\u00fd je V\u00e1\u0161 obl\u00edben\u00fd frankofonn\u00ed autor\/autorka?<\/b><\/p>\n<p><span style=\"font-weight: 400;\">Robert Merle<\/span><\/p>\n<\/div>        <\/div>\n    <\/div>\n        <div class=\"osoba row mb-4 animTop \">\n        <div class=\"col-md-3 text-center order-md-2\">\n\n\n            <div class=\"ratio ratio-1x1 my-3\"><img loading=\"lazy\" decoding=\"async\" width=\"310\" height=\"334\" src=\"https:\/\/www.alliancefrancaise.cz\/plzen\/wp-content\/uploads\/2024\/03\/2024-03-13_095844.png\" class=\"imgOsoby mb-2\" alt=\"Katka C.\" \/><\/div><div class=\"jmeno h5 mb-0 text-black\">Kate\u0159ina C\u00edzlov\u00e1<\/div><div class=\"pozice mb-3\">Lektorka<\/div>\n        <\/div>\n        <div class=\"col-md-9 order-md-3\">\n            <div class=\"obalTextuOsoby text-black\"><p><b>Pro\u010d se u\u010dit francouzsky?\u00a0<\/b><\/p>\n<p><span style=\"font-weight: 400;\">Proto\u017ee v\u00e1m budou \u0159\u00edkat: \u201cTy um\u00ed\u0161 francouzsky? Wow&#8230; \u0158ekni n\u011bco, to zn\u00ed tak p\u011bkn\u011b!\u201d<\/span><\/p>\n<p><b>Co je Va\u0161\u00ed n\u00e1pln\u00ed v AF Plze\u0148?<\/b><\/p>\n<p>U\u010d\u00edm kurz pro pokro\u010dil\u00e9 B2. D\u0159\u00edve jsem se tak\u00e9 pod\u00edlela na setk\u00e1n\u00edch pro rodi\u010de a d\u011bti \u201cLe petit\u00a0rendez-vous\u201d.<\/p>\n<p><b>Jak\u00e1 ja Va\u0161e obl\u00edben\u00e1 frankofonn\u00ed kniha?<\/b><\/p>\n<p><span style=\"font-weight: 400;\">Mal\u00fd Princ. A Mal\u00fd Mikul\u00e1\u0161.<\/span><\/p>\n<\/div>        <\/div>\n    <\/div>\n        <div class=\"osoba row mb-4 animTop \">\n        <div class=\"col-md-3 text-center order-md-3\">\n\n\n            <div class=\"ratio ratio-1x1 my-3\"><img loading=\"lazy\" decoding=\"async\" width=\"308\" height=\"331\" src=\"https:\/\/www.alliancefrancaise.cz\/plzen\/wp-content\/uploads\/2024\/03\/2024-03-13_100155.png\" class=\"imgOsoby mb-2\" alt=\"Jitka H.\" \/><\/div><div class=\"jmeno h5 mb-0 text-black\">Jitka He\u0159manov\u00e1<\/div><div class=\"pozice mb-3\">Lektorka<\/div>\n        <\/div>\n        <div class=\"col-md-9 order-md-1 opacnaSipka\">\n            <div class=\"obalTextuOsoby text-black\"><p><b>Co se V\u00e1m na francouz\u0161tin\u011b l\u00edb\u00ed?<\/b><\/p>\n<p><span style=\"font-weight: 400;\">Francouz\u0161tina je pro m\u011b vstupn\u00ed br\u00e1na do Francie a &#8211; zbo\u017e\u0148uj\u00ed jej\u00ed \u00fa\u017easnou zvukomalebnost.<\/span><\/p>\n<p><b>Co je Va\u0161\u00ed n\u00e1pln\u00ed v AF Plze\u0148?<\/b><\/p>\n<p><span style=\"font-weight: 400;\">Ji\u017e \u0159adu let u\u010d\u00edm v kurzech obecn\u00e9 francouz\u0161tiny r\u016fzn\u00fdch \u00farovn\u00ed a st\u00e1le m\u011b to moc bav\u00ed.<\/span><\/p>\n<p><b>Jak\u00e1 ja Va\u0161e obl\u00edben\u00e1 frankofonn\u00ed kniha?<\/b><\/p>\n<p><span style=\"font-weight: 400;\">M\u00e1m r\u00e1da klasick\u00e9 francouzsk\u00e9 autory, jako je Honor\u00e9 de Balzac, Guy de Maupassant&#8230; a tak\u00e9 proklet\u00e9 b\u00e1sn\u00edky. Nemohu opomenout ani francouzsk\u00e9 skladatele, jako je Claude Debussy. Jacques Offenbach&#8230; jejich\u017e d\u00edla si v\u017edy s chut\u00ed zahraji na klav\u00edr.<\/span><\/p>\n<\/div>        <\/div>\n    <\/div>\n        <div class=\"osoba row mb-4 animTop \">\n        <div class=\"col-md-3 text-center order-md-2\">\n\n\n            <div class=\"ratio ratio-1x1 my-3\"><img loading=\"lazy\" decoding=\"async\" width=\"301\" height=\"460\" src=\"https:\/\/www.alliancefrancaise.cz\/plzen\/wp-content\/uploads\/2024\/04\/annePougnard-1-301x460.jpg\" class=\"imgOsoby mb-2\" alt=\"Anne Pougnard\" srcset=\"https:\/\/www.alliancefrancaise.cz\/plzen\/wp-content\/uploads\/2024\/04\/annePougnard-1-301x460.jpg 301w, https:\/\/www.alliancefrancaise.cz\/plzen\/wp-content\/uploads\/2024\/04\/annePougnard-1.jpg 509w\" sizes=\"auto, (max-width: 301px) 100vw, 301px\" \/><\/div><div class=\"jmeno h5 mb-0 text-black\">Anne Pougnard<\/div><div class=\"pozice mb-3\">Lektorka<\/div>\n        <\/div>\n        <div class=\"col-md-9 order-md-3\">\n            <div class=\"obalTextuOsoby text-black\"><p><b>Co se V\u00e1m na francouz\u0161tin\u011b l\u00edb\u00ed?<\/b><\/p>\n<p><span style=\"font-weight: 400;\">Je to m\u016fj mate\u0159sk\u00fd jazyk, je intimn\u00ed, p\u0159irozen\u00fd. jsou to m\u00e9 ko\u0159eny.<\/span><\/p>\n<p><b>Co je Va\u0161\u00ed n\u00e1pln\u00ed v AF Plze\u0148?<\/b><\/p>\n<p><span style=\"font-weight: 400;\">U\u017e\u00edv\u00e1m si p\u0159ed\u00e1vat a sd\u00edlet m\u016fj vkus pro jazyk, pro francouzskou kulturu, r\u00e1da p\u0159ed\u00e1v\u00e1m nad\u0161en\u00ed je pozn\u00e1vat. Tato v\u00fdm\u011bna je pro m\u011b skute\u010dn\u00fdm obohacen\u00edm.<\/span><\/p>\n<p><b>Jak\u00e9 je V\u00e1s obl\u00edben\u00fd frankofonn\u00ed film?<\/b><\/p>\n<p><span style=\"font-weight: 400;\">Film.U konce s dechem&#8220; od Jean-Luc Godart<\/span><\/p>\n<\/div>        <\/div>\n    <\/div>\n        <div class=\"osoba row mb-4 animTop \">\n        <div class=\"col-md-3 text-center order-md-3\">\n\n\n            <div class=\"ratio ratio-1x1 my-3\"><img loading=\"lazy\" decoding=\"async\" width=\"330\" height=\"400\" src=\"https:\/\/www.alliancefrancaise.cz\/plzen\/wp-content\/uploads\/2024\/04\/photo_jean-gallo.jpg\" class=\"imgOsoby mb-2\" alt=\"\" \/><\/div><div class=\"jmeno h5 mb-0 text-black\">Jean Gallo<\/div><div class=\"pozice mb-3\">Lektor<\/div>\n        <\/div>\n        <div class=\"col-md-9 order-md-1 opacnaSipka\">\n            <div class=\"obalTextuOsoby text-black\"><p><b>Co se V\u00e1m na francouz\u0161tin\u011b l\u00edb\u00ed?<\/b><\/p>\n<p><span style=\"font-weight: 400;\">M\u00e1m r\u00e1d polys\u00e9mii a zvl\u00e1\u0161t\u011b slova s protich\u016fdn\u00fdmi v\u00fdznamy, jako je slovo \u201cpersonne\u201d (osoba), kter\u00e9 znamen\u00e1 p\u0159\u00edtomnost i nep\u0159\u00edtomnost.<\/span><\/p>\n<p><b>Co je Va\u0161\u00ed n\u00e1pln\u00ed v AF Plze\u0148?<\/b><\/p>\n<p><span style=\"font-weight: 400;\">R\u00e1d bych pomohl student\u016fm pou\u017e\u00edvat ciz\u00ed jazyk, aby mluvili jinak, a ne jen jin\u00fdm jazykem.<\/span><\/p>\n<p><b>Jak\u00fd je V\u00e1\u0161 obl\u00edben\u00fd frankofonn\u00ed zp\u011bv\u00e1k (zp\u011bva\u010dka)?<\/b><\/p>\n<p><span style=\"font-weight: 400;\">M\u016fj obl\u00edben\u00fd frankofonn\u00ed zp\u011bv\u00e1k je Belgi\u010dan Dick Annegarn.<\/span><\/p>\n<\/div>        <\/div>\n    <\/div>\n    <\/div>\n<\/div><\/div>\n","protected":false},"excerpt":{"rendered":"<p>Prezident Prezidentem Alliance Fran\u00e7aise de Plze\u0148 je od \u0159\u00edjna roku 2025 pan&nbsp;Pierre Hecquet. Prezident je volen do \u010dela V\u00fdboru Alliance Fran\u00e7aise de Plze\u0148, kter\u00fd se skl\u00e1d\u00e1 ze \u0161esti&#8230;<\/p>\n","protected":false},"author":1,"featured_media":0,"parent":0,"menu_order":0,"comment_status":"closed","ping_status":"closed","template":"","meta":{"_acf_changed":false,"footnotes":""},"class_list":["post-6287","page","type-page","status-publish","hentry"],"acf":[],"_links":{"self":[{"href":"https:\/\/www.alliancefrancaise.cz\/plzen\/wp-json\/wp\/v2\/pages\/6287","targetHints":{"allow":["GET"]}}],"collection":[{"href":"https:\/\/www.alliancefrancaise.cz\/plzen\/wp-json\/wp\/v2\/pages"}],"about":[{"href":"https:\/\/www.alliancefrancaise.cz\/plzen\/wp-json\/wp\/v2\/types\/page"}],"author":[{"embeddable":true,"href":"https:\/\/www.alliancefrancaise.cz\/plzen\/wp-json\/wp\/v2\/users\/1"}],"replies":[{"embeddable":true,"href":"https:\/\/www.alliancefrancaise.cz\/plzen\/wp-json\/wp\/v2\/comments?post=6287"}],"version-history":[{"count":20,"href":"https:\/\/www.alliancefrancaise.cz\/plzen\/wp-json\/wp\/v2\/pages\/6287\/revisions"}],"predecessor-version":[{"id":16072,"href":"https:\/\/www.alliancefrancaise.cz\/plzen\/wp-json\/wp\/v2\/pages\/6287\/revisions\/16072"}],"wp:attachment":[{"href":"https:\/\/www.alliancefrancaise.cz\/plzen\/wp-json\/wp\/v2\/media?parent=6287"}],"curies":[{"name":"wp","href":"https:\/\/api.w.org\/{rel}","templated":true}]}}