{"id":6424,"date":"2023-10-09T13:09:26","date_gmt":"2023-10-09T11:09:26","guid":{"rendered":"https:\/\/www.alliancefrancaise.cz\/plzen\/?page_id=6424"},"modified":"2026-04-15T14:08:44","modified_gmt":"2026-04-15T12:08:44","slug":"vysledky-ze-zkousek","status":"publish","type":"page","link":"https:\/\/www.alliancefrancaise.cz\/plzen\/vysledky-ze-zkousek\/","title":{"rendered":"V\u00fdsledky ze zkou\u0161ek"},"content":{"rendered":"\n<div class=\"wp-block-group alignfull\"><div class=\"wp-block-group__inner-container is-layout-constrained wp-block-group-is-layout-constrained\">\n<div style=\"height:30px\" aria-hidden=\"true\" class=\"wp-block-spacer\"><\/div>\n\n\n\n<h2 class=\"wp-block-heading\"><mark style=\"background-color:rgba(0, 0, 0, 0)\" class=\"has-inline-color has-red-color\">Informace<\/mark><\/h2>\n\n\n\n<div class=\"wp-block-columns is-layout-flex wp-container-core-columns-is-layout-9d6595d7 wp-block-columns-is-layout-flex\">\n<div class=\"wp-block-column is-layout-flow wp-block-column-is-layout-flow\">\n<p>N\u00ed\u017ee uveden\u00e9 v\u00fdsledky ze zkou\u0161ek jsou pouze informac\u00ed o tom, zda uchaze\u010d zkou\u0161ku \u00fasp\u011b\u0161n\u011b vykonal (\u201eadmis\u201c) \u010di zda zkou\u0161ku nevykonal (\u201enon admis\u201c resp. \u201e\u00e9limin\u00e9\u201c) resp. zda se ke zkou\u0161ce nedostavil (\u201eabsent\u201c).<\/p>\n\n\n\n<p><strong>Konkr\u00e9tn\u00ed bodov\u00e9 ohodnocen\u00ed<\/strong> v jednotliv\u00fdch \u010d\u00e1stech zkou\u0161ky (poslech, \u010dten\u00ed s porozum\u011bn\u00edm, p\u00edsemn\u00e1 pr\u00e1ce, \u00fastn\u00ed zkou\u0161ka) je mo\u017en\u00e9 zjistit na po\u017e\u00e1d\u00e1n\u00ed, a to zasl\u00e1n\u00edm dotazu na&nbsp;<a href=\"mailto:cours.plzen@alliancefrancaise.cz\">cours.plzen@alliancefrancaise.cz<\/a>.<\/p>\n\n\n\n<p>Uchaze\u010di, kte\u0159\u00ed \u00fasp\u011b\u0161n\u011b vykonali zkou\u0161ku, mohou zaslat p\u00edsemn\u011b na e-mail&nbsp;<a href=\"mailto:cours.plzen@alliancefrancaise.cz\">cours.plzen@alliancefrancaise.cz<\/a>&nbsp;<strong>\u017e\u00e1dost o vystaven\u00ed Attestation de r\u00e9ussite<\/strong>&nbsp;(pozor, toto osv\u011bd\u010den\u00ed nenahrazuje ofici\u00e1ln\u00ed diplom francouzsk\u00e9ho ministerstva \u0161kolstv\u00ed.<\/p>\n<\/div>\n\n\n\n<div class=\"wp-block-column is-layout-flow wp-block-column-is-layout-flow\">\n<p>Ofici\u00e1ln\u00ed diplomy budou k dispozici cca 2 m\u011bs\u00edce po zve\u0159ejn\u011bn\u00ed v\u00fdsledku ze zkou\u0161ky. Vyzvednut\u00ed ofici\u00e1ln\u00edho diplomu jinou osobou ne\u017e dr\u017eitelem certifik\u00e1tu <a href=\"#stazeni-plna-moc\" data-type=\"internal\" data-id=\"#stazeni-plna-moc\">zde<\/a>.<\/p>\n\n\n\n<p><strong>Uchaze\u010di maj\u00ed mo\u017enost nahl\u00e9dnout do vypracov\u00e1n\u00ed sv\u00e9 zkou\u0161ky, a to po dobu 12 m\u011bs\u00edc\u016f po zve\u0159ejn\u011bn\u00ed v\u00fdsledk\u016f zkou\u0161ky<\/strong>. Po t\u00e9to lh\u016ft\u011b je vypracov\u00e1n\u00ed zkou\u0161ky skartov\u00e1no. Kopie se nearchivuj\u00ed. Konzultaci je nutn\u00e9 domluvit p\u0159edem na konkr\u00e9tn\u00ed den a hodinu. Je nutn\u00e1 osobn\u00ed p\u0159\u00edtomnost uchaze\u010de v s\u00eddle Alliance Fran\u00e7aise Plze\u0148. Kopie zkou\u0161ek se neposkytuj\u00ed.<\/p>\n\n\n\n<p>V\u00fdsledky ze zkou\u0161ek jsou definitivn\u00ed a nelze se proti nim odvolat.<\/p>\n<\/div>\n<\/div>\n<\/div><\/div>\n\n\n\n<div class=\"wp-block-group alignfull has-background\" style=\"background:linear-gradient(135deg,rgb(243,243,243) 0%,rgb(243,243,243) 100%)\"><div class=\"wp-block-group__inner-container is-layout-constrained wp-block-group-is-layout-constrained\">\n<div style=\"height:30px\" aria-hidden=\"true\" class=\"wp-block-spacer\"><\/div>\n\n\n\n<h2 class=\"wp-block-heading\"><mark style=\"background-color:rgba(0, 0, 0, 0)\" class=\"has-inline-color has-red-color\">V\u00fdsledky 2026<\/mark><\/h2>\n\n\n\n<figure class=\"wp-block-table is-style-stripes\"><table><tbody><tr><td class=\"has-text-align-left\" data-align=\"left\"><strong><mark style=\"background-color:rgba(0, 0, 0, 0)\" class=\"has-inline-color has-red-color\">K\u00f3d zkou\u0161ky<\/mark><\/strong><\/td><td class=\"has-text-align-center\" data-align=\"center\"><mark style=\"background-color:rgba(0, 0, 0, 0)\" class=\"has-inline-color has-red-color\"><strong>V\u00fdsledky<\/strong><\/mark><\/td><\/tr><tr><td class=\"has-text-align-left\" data-align=\"left\"><strong><strong>202602T<\/strong><\/strong><\/td><td class=\"has-text-align-center\" data-align=\"center\"><a href=\"https:\/\/www.alliancefrancaise.cz\/plzen\/wp-content\/uploads\/2026\/02\/202602T_VYSLEDKY.pdf\" target=\"_blank\" data-type=\"attachment\" data-id=\"16422\" rel=\"noreferrer noopener\">st\u00e1hnout v\u00fdsledky<\/a><\/td><\/tr><tr><td class=\"has-text-align-left\" data-align=\"left\"><strong>202603J<\/strong><\/td><td class=\"has-text-align-center\" data-align=\"center\"><a href=\"https:\/\/www.alliancefrancaise.cz\/plzen\/wp-content\/uploads\/2026\/04\/202603J_VYSLEDKY.pdf\" target=\"_blank\" data-type=\"attachment\" data-id=\"16707\" rel=\"noreferrer noopener\">st\u00e1hnout v\u00fdsledky<\/a><\/td><\/tr><\/tbody><\/table><\/figure>\n\n\n\n<div style=\"height:20px\" aria-hidden=\"true\" class=\"wp-block-spacer\"><\/div>\n\n\n\n<div style=\"height:30px\" aria-hidden=\"true\" class=\"wp-block-spacer\"><\/div>\n<\/div><\/div>\n\n\n\n<div class=\"wp-block-group alignfull\" id=\"stazeni-plna-moc\"><div class=\"wp-block-group__inner-container is-layout-constrained wp-block-group-is-layout-constrained\">\n<h2 class=\"wp-block-heading\"><mark style=\"background-color:rgba(0, 0, 0, 0)\" class=\"has-inline-color has-red-color\">Ke sta\u017een\u00ed<\/mark><\/h2>\n\n\n\n<p><em>Pln\u00e1 moc (vyzvednut\u00ed ofici\u00e1ln\u00edho diplomu jinou osobou ne\u017e dr\u017eitelem certifik\u00e1tu)<\/em><\/p>\n\n\n<div id=\"dokumenty-block_1110f568b8c5e3f001b93e1d27edf8ef\" class=\"dokumenty row mt-5\">\n    \n    <div class=\"col-md-3 col-6 boxDokumentu text-center animTop mb-5\">\n        <a class=\"text-decoration-none\" href=\"https:\/\/www.alliancefrancaise.cz\/plzen\/wp-content\/uploads\/2024\/03\/PLNA-MOC-DELF_CZ.docx.pdf\" target=\"_blank\"\n            rel=\"noopener noreferrer\">\n            <div class=\"coverDokuemntu\"><img decoding=\"async\" src=\"https:\/\/www.alliancefrancaise.cz\/plzen\/wp-content\/themes\/propagon\/img\/svg\/icon-file.svg\" alt=\"soubor\"><\/div>\n            <div class=\"nazevDokumentu fw-bold mt-3\">Pln\u00e1 moc<\/div>\n            <div class=\"text-body\">\n                74,08 KB            <\/div>\n        <\/a>\n    <\/div>\n    <\/div>\n<\/div><\/div>\n","protected":false},"excerpt":{"rendered":"<p>Informace N\u00ed\u017ee uveden\u00e9 v\u00fdsledky ze zkou\u0161ek jsou pouze informac\u00ed o tom, zda uchaze\u010d zkou\u0161ku \u00fasp\u011b\u0161n\u011b vykonal (\u201eadmis\u201c) \u010di zda zkou\u0161ku nevykonal (\u201enon admis\u201c resp. \u201e\u00e9limin\u00e9\u201c) resp. zda se&#8230;<\/p>\n","protected":false},"author":4,"featured_media":0,"parent":0,"menu_order":0,"comment_status":"closed","ping_status":"closed","template":"","meta":{"_acf_changed":false,"footnotes":""},"class_list":["post-6424","page","type-page","status-publish","hentry"],"acf":[],"_links":{"self":[{"href":"https:\/\/www.alliancefrancaise.cz\/plzen\/wp-json\/wp\/v2\/pages\/6424","targetHints":{"allow":["GET"]}}],"collection":[{"href":"https:\/\/www.alliancefrancaise.cz\/plzen\/wp-json\/wp\/v2\/pages"}],"about":[{"href":"https:\/\/www.alliancefrancaise.cz\/plzen\/wp-json\/wp\/v2\/types\/page"}],"author":[{"embeddable":true,"href":"https:\/\/www.alliancefrancaise.cz\/plzen\/wp-json\/wp\/v2\/users\/4"}],"replies":[{"embeddable":true,"href":"https:\/\/www.alliancefrancaise.cz\/plzen\/wp-json\/wp\/v2\/comments?post=6424"}],"version-history":[{"count":20,"href":"https:\/\/www.alliancefrancaise.cz\/plzen\/wp-json\/wp\/v2\/pages\/6424\/revisions"}],"predecessor-version":[{"id":16710,"href":"https:\/\/www.alliancefrancaise.cz\/plzen\/wp-json\/wp\/v2\/pages\/6424\/revisions\/16710"}],"wp:attachment":[{"href":"https:\/\/www.alliancefrancaise.cz\/plzen\/wp-json\/wp\/v2\/media?parent=6424"}],"curies":[{"name":"wp","href":"https:\/\/api.w.org\/{rel}","templated":true}]}}