{"id":6427,"date":"2025-12-08T15:24:52","date_gmt":"2025-12-08T14:24:52","guid":{"rendered":"https:\/\/www.alliancefrancaise.cz\/plzen\/?page_id=6427"},"modified":"2025-12-08T15:31:07","modified_gmt":"2025-12-08T14:31:07","slug":"pripravne-kurzy-delf","status":"publish","type":"page","link":"https:\/\/www.alliancefrancaise.cz\/plzen\/pripravne-kurzy-delf\/","title":{"rendered":"P\u0159\u00edprava na zkou\u0161ky DELF\/DALF"},"content":{"rendered":"\n<div class=\"wp-block-group alignfull has-background\" style=\"background:linear-gradient(135deg,rgb(243,243,243) 0%,rgb(243,243,243) 100%)\"><div class=\"wp-block-group__inner-container is-layout-constrained wp-block-group-is-layout-constrained\">\n<div style=\"height:30px\" aria-hidden=\"true\" class=\"wp-block-spacer\"><\/div>\n\n\n\n<h2 class=\"wp-block-heading\"><mark style=\"background-color:rgba(0, 0, 0, 0)\" class=\"has-inline-color has-red-color\">DELF a maturitn\u00ed zkou\u0161ka<\/mark><\/h2>\n\n\n\n<div class=\"wp-block-columns is-layout-flex wp-container-core-columns-is-layout-9d6595d7 wp-block-columns-is-layout-flex\">\n<div class=\"wp-block-column is-layout-flow wp-block-column-is-layout-flow\">\n<p>Od 1. 9. 2015 plat\u00ed mo\u017enost&nbsp;<strong>nahrazen\u00ed profilov\u00e9 maturitn\u00ed zkou\u0161ky z ciz\u00edho jazyka<\/strong>&nbsp;v\u00fdsledkem standardizovan\u00e9 zkou\u0161ky z francouzsk\u00e9ho jazyka na \u00farovni B1 nebo vy\u0161\u0161\u00ed (nap\u0159. zkou\u0161kou&nbsp;<strong>DELF B1 nebo B2<\/strong>) podle Spole\u010dn\u00e9ho evropsk\u00e9ho referen\u010dn\u00edho r\u00e1mce pro jazyky (viz \u00a7 19a vyhl\u00e1\u0161ky \u010d. 177\/2009 Sb., o bli\u017e\u0161\u00edch podm\u00ednk\u00e1ch ukon\u010dov\u00e1n\u00ed vzd\u011bl\u00e1v\u00e1n\u00ed ve st\u0159edn\u00edch \u0161kol\u00e1ch maturitn\u00ed zkou\u0161kou).<\/p>\n<\/div>\n\n\n\n<div class=\"wp-block-column is-layout-flow wp-block-column-is-layout-flow\">\n<p>Tato mo\u017enost ale plat\u00ed pouze v p\u0159\u00edpad\u011b, kon\u00e1-li \u017e\u00e1k v profilov\u00e9 \u010d\u00e1sti maturitn\u00ed zkou\u0161ky 3 povinn\u00e9 zkou\u0161ky.<\/p>\n\n\n\n<p>Aktu\u00e1ln\u00ed seznam zkou\u0161ek poskytuj\u00edc\u00ed mo\u017enost nahrazen\u00ed profilov\u00e9 maturitn\u00ed zkou\u0161ky z ciz\u00edho jazyka je ke sta\u017een\u00ed na str\u00e1nk\u00e1ch&nbsp;<a href=\"https:\/\/maturita.cermat.cz\/menu\/maturitni-zkouska\/zkousky-profilove-casti\" target=\"_blank\" rel=\"noreferrer noopener\">CERMAT<\/a>.<\/p>\n<\/div>\n<\/div>\n\n\n\n<div style=\"height:30px\" aria-hidden=\"true\" class=\"wp-block-spacer\"><\/div>\n<\/div><\/div>\n\n\n\n<div class=\"wp-block-group alignfull\"><div class=\"wp-block-group__inner-container is-layout-constrained wp-block-group-is-layout-constrained\">\n<h2 class=\"wp-block-heading\">P\u0159ipravujeme<\/h2>\n\n\n\n<div class=\"wp-block-columns is-layout-flex wp-container-core-columns-is-layout-9d6595d7 wp-block-columns-is-layout-flex\">\n<div class=\"wp-block-column is-layout-flow wp-block-column-is-layout-flow\">\n<h3 class=\"wp-block-heading\"><mark style=\"background-color:rgba(0, 0, 0, 0)\" class=\"has-inline-color has-color-text-color\">Na C\u00edrkevn\u00edm gymn\u00e1ziu Plze\u0148<\/mark><\/h3>\n\n\n\n<p><\/p>\n\n\n\n<p><strong>Student\u016fm C\u00edrkevn\u00edho Plze\u0148 <span style=\"text-decoration: underline;\">a<\/span> Mikul\u00e1\u0161sk\u00e9ho gymn\u00e1zia<\/strong> nab\u00edz\u00edme mo\u017enost p\u0159ipravit se na zkou\u0161ku <span style=\"text-decoration: underline;\">DELF Scolaire<\/span> na C\u00edrkevn\u00edm Gymn\u00e1ziu Plze\u0148. <strong>Kurzy se obvykle konaj\u00ed od z\u00e1\u0159\u00ed do listopadu a slou\u017e\u00ed k p\u0159\u00edprav\u011b na zkou\u0161ku DELF Scolaire, kter\u00e1 se v\u011bt\u0161inou kon\u00e1 v listopadu.<\/strong> V\u00edce informac\u00ed o term\u00ednech najdete v nab\u00eddce kurz\u016f <a href=\"https:\/\/www.alliancefrancaise.cz\/plzen\/skupinove-kurzy\/\" data-type=\"page\" data-id=\"15122\">zde<\/a>.<\/p>\n<\/div>\n\n\n\n<div class=\"wp-block-column is-layout-flow wp-block-column-is-layout-flow\">\n<h3 class=\"wp-block-heading\"><mark style=\"background-color:rgba(0, 0, 0, 0)\" class=\"has-inline-color has-color-text-color\">Ve Francouzsk\u00e9 alianci<\/mark><\/h3>\n\n\n\n<p><\/p>\n\n\n\n<p><strong>Kurzy p\u0159\u00edpravy na zkou\u0161ky DELF\/DALF jsou k dispozici na vy\u017e\u00e1d\u00e1n\u00ed.<\/strong> Pokud m\u00e1te z\u00e1jem, za\u0161lete pros\u00edm e-mail na adresu <a href=\"mailto:cgomez@alliancefrancaise.cz\">cgomez@alliancefrancaise.cz<\/a>. Kurzy jsou dostupn\u00e9 <strong>online nebo prezen\u010dn\u011b.<\/strong><\/p>\n<\/div>\n<\/div>\n<\/div><\/div>\n\n\n\n<p><\/p>\n","protected":false},"excerpt":{"rendered":"<p>DELF a maturitn\u00ed zkou\u0161ka Od 1. 9. 2015 plat\u00ed mo\u017enost&nbsp;nahrazen\u00ed profilov\u00e9 maturitn\u00ed zkou\u0161ky z ciz\u00edho jazyka&nbsp;v\u00fdsledkem standardizovan\u00e9 zkou\u0161ky z francouzsk\u00e9ho jazyka na \u00farovni B1 nebo vy\u0161\u0161\u00ed (nap\u0159. zkou\u0161kou&nbsp;DELF&#8230;<\/p>\n","protected":false},"author":4,"featured_media":0,"parent":0,"menu_order":0,"comment_status":"closed","ping_status":"closed","template":"","meta":{"_acf_changed":false,"footnotes":""},"class_list":["post-6427","page","type-page","status-publish","hentry"],"acf":[],"_links":{"self":[{"href":"https:\/\/www.alliancefrancaise.cz\/plzen\/wp-json\/wp\/v2\/pages\/6427","targetHints":{"allow":["GET"]}}],"collection":[{"href":"https:\/\/www.alliancefrancaise.cz\/plzen\/wp-json\/wp\/v2\/pages"}],"about":[{"href":"https:\/\/www.alliancefrancaise.cz\/plzen\/wp-json\/wp\/v2\/types\/page"}],"author":[{"embeddable":true,"href":"https:\/\/www.alliancefrancaise.cz\/plzen\/wp-json\/wp\/v2\/users\/4"}],"replies":[{"embeddable":true,"href":"https:\/\/www.alliancefrancaise.cz\/plzen\/wp-json\/wp\/v2\/comments?post=6427"}],"version-history":[{"count":17,"href":"https:\/\/www.alliancefrancaise.cz\/plzen\/wp-json\/wp\/v2\/pages\/6427\/revisions"}],"predecessor-version":[{"id":16206,"href":"https:\/\/www.alliancefrancaise.cz\/plzen\/wp-json\/wp\/v2\/pages\/6427\/revisions\/16206"}],"wp:attachment":[{"href":"https:\/\/www.alliancefrancaise.cz\/plzen\/wp-json\/wp\/v2\/media?parent=6427"}],"curies":[{"name":"wp","href":"https:\/\/api.w.org\/{rel}","templated":true}]}}