{"id":6438,"date":"2023-10-09T18:00:34","date_gmt":"2023-10-09T16:00:34","guid":{"rendered":"https:\/\/www.alliancefrancaise.cz\/plzen\/?page_id=6438"},"modified":"2025-02-04T18:25:35","modified_gmt":"2025-02-04T17:25:35","slug":"faq-delf","status":"publish","type":"page","link":"https:\/\/www.alliancefrancaise.cz\/plzen\/faq-delf\/","title":{"rendered":"FAQ &#8211; \u010casto kladen\u00e9 ot\u00e1zky"},"content":{"rendered":"\n<div class=\"wp-block-group alignfull\"><div class=\"wp-block-group__inner-container is-layout-constrained wp-block-group-is-layout-constrained\">\n<h2 class=\"wp-block-heading has-text-align-center\"><mark style=\"background-color:rgba(0, 0, 0, 0)\" class=\"has-inline-color has-color-text-color\">Prezentace<\/mark><\/h2>\n\n\n\n<p><em>Alliance fran\u00e7aise de Plze\u0148 je jedn\u00edm ze sedmi center, v nich\u017e je mo\u017eno skl\u00e1dat zkou\u0161ky DELF<\/em>.<\/p>\n\n\n\n<div class=\"wp-block-group\"><div class=\"wp-block-group__inner-container is-layout-constrained wp-block-group-is-layout-constrained\">\n<h4 class=\"wp-block-heading\"><strong><mark style=\"background-color:rgba(0, 0, 0, 0)\" class=\"has-inline-color has-red-color\">DELF a DALF, co to je?<\/mark><\/strong><\/h4>\n\n\n\n<ul class=\"wp-block-list\">\n<li>&nbsp;<strong>DELF <\/strong>&#8211; Diplome d\u2019\u00e9tudes en langue fran\u00e7aise \u2013 Diplom studi\u00ed francouzsk\u00e9ho jazyka<\/li>\n\n\n\n<li>&nbsp;<strong>DALF <\/strong>&#8211; Diplome approfondi de la langue fran\u00e7aise \u2013 Diplom hlub\u0161\u00edho studia francouzsk\u00e9ho jazyka<\/li>\n<\/ul>\n\n\n\n<p>DELF a DALF jsou ofici\u00e1ln\u00ed mezin\u00e1rodn\u00ed zkou\u0161ky z francouz\u0161tiny, kter\u00e9 vyd\u00e1v\u00e1 francouzsk\u00e9 ministerstvo \u0161kolstv\u00ed. Zkou\u0161ky jsou p\u0159ipravov\u00e1ny v souladu se Spole\u010dn\u00fdm evropsk\u00fdm referen\u010dn\u00edm r\u00e1mcem pro jazyky, kter\u00fd definuje \u0161est \u00farovn\u00ed jazyka od za\u010d\u00e1te\u010dn\u00edk\u016f po zku\u0161en\u00e9 mluv\u010d\u00ed:<\/p>\n\n\n\n<ul class=\"wp-block-list\">\n<li>&nbsp;<strong>DELF<\/strong>: A1 \u2013 A2 \u2013 B1 \u2013 B2<\/li>\n\n\n\n<li>&nbsp;<strong>DALF<\/strong>: C1 \u2013 C2<\/li>\n<\/ul>\n\n\n\n<p>Diplomy jsou ud\u011blov\u00e1ny na z\u00e1klad\u011b \u00fasp\u011b\u0161n\u00e9ho zvl\u00e1dnut\u00ed zkou\u0161ky, kter\u00e1 se skl\u00e1d\u00e1 se ze \u010dty\u0159 povinn\u00fdch \u010d\u00e1st\u00ed: porozum\u011bn\u00ed mluven\u00e9mu slovu, \u010dten\u00e9mu textu, mluven\u00fd a p\u00edsemn\u00fd projev. Z\u00e1jemce o zkou\u0161ku si m\u016f\u017ee zvolit \u00farove\u0148 zkou\u0161ky dle sv\u00e9 pokro\u010dilosti, nen\u00ed t\u0159eba skl\u00e1dat v\u0161echny \u00farovn\u011b postupn\u011b.<\/p>\n<\/div><\/div>\n\n\n\n<div class=\"wp-block-group\"><div class=\"wp-block-group__inner-container is-layout-constrained wp-block-group-is-layout-constrained\">\n<h4 class=\"wp-block-heading\"><strong><mark style=\"background-color:rgba(0, 0, 0, 0)\" class=\"has-inline-color has-red-color\">Jak\u00fd je rozd\u00edl mezi zkou\u0161kou DELF tout public, DELF junior a DELF scolaire?<\/mark><\/strong><\/h4>\n\n\n\n<ul class=\"wp-block-list\">\n<li>Zkou\u0161ka DELF <strong>tout public<\/strong> je ur\u010dena pro <strong>\u0161irokou ve\u0159ejnost<\/strong> (18+). Na zkou\u0161ku se nicm\u00e9n\u011b mohou p\u0159ihl\u00e1sit i uchaze\u010di mlad\u0161\u00ed 18 let, pakli\u017ee jim term\u00edn zkou\u0161ek DELF junior nebo DELF scolaire z r\u016fzn\u00fdch d\u016fvod\u016f nevyhovuje.<\/li>\n\n\n\n<li>Zkou\u0161ky DELF <strong>junior<\/strong> a DELF <strong>scolaire<\/strong> jsou specificky ur\u010deny pro <strong>\u017e\u00e1ky \u0161kol<\/strong> (2. stupe\u0148 z\u00e1kladn\u00edch \u0161kol a v\u0161echny typy st\u0159edn\u00edch \u0161kol v\u010detn\u011b v\u00edcelet\u00fdch gymn\u00e1zi\u00ed). Specifi\u010dnost zkou\u0161ek spo\u010d\u00edv\u00e1 v tom, \u017ee zad\u00e1n\u00ed zkou\u0161ek jsou tematicky uzp\u016fsobena t\u00e9to mlad\u00e9 generaci.<\/li>\n\n\n\n<li>Rozd\u00edl mezi zkou\u0161ku DELF junior a DELF scolaire je ten, \u017ee zkou\u0161ku <strong>DELF junior konaj\u00ed uchaze\u010di p\u0159\u00edmo ve zkou\u0161kov\u00e9m centru<\/strong> (&#8222;centre d&#8217;examen&#8220;), zat\u00edmco zkou\u0161ku <strong>DELF scolaire konaj\u00ed na sp\u00e1dov\u00e9 \u0161kole <\/strong>(&#8222;lieu de passation&#8220;) pro dan\u00fd region. Nap\u0159. v\u0161ichni uchaze\u010di z Jihomoravsk\u00e9ho kraje, kte\u0159\u00ed se p\u0159ihl\u00e1sili ke zkou\u0161ce DELF scolaire, konaj\u00ed tuto zkou\u0161ku v prostor\u00e1ch jednoho z na\u0161ich dvou spolupracuj\u00edc\u00edch gymn\u00e1zi\u00ed: <strong>Gymn\u00e1zium P\u0159\u00edbram<\/strong> a <strong>C\u00edrkevn\u00ed Gymn\u00e1zium v Plzni<\/strong>.<\/li>\n<\/ul>\n<\/div><\/div>\n\n\n\n<div class=\"wp-block-group\"><div class=\"wp-block-group__inner-container is-layout-constrained wp-block-group-is-layout-constrained\">\n<h4 class=\"wp-block-heading\"><strong><mark style=\"background-color:rgba(0, 0, 0, 0)\" class=\"has-inline-color has-red-color\">Jak\u00e9 v\u00fdhody diplomy p\u0159in\u00e1\u0161ej\u00ed?<\/mark><\/strong><\/h4>\n\n\n\n<p>\u00dasp\u011b\u0161n\u00e9 slo\u017een\u00ed zkou\u0161ek DELF &amp; DALF v\u00e1m umo\u017en\u00ed ofici\u00e1ln\u011b prok\u00e1zat va\u0161i \u00farove\u0148 ovl\u00e1dnut\u00ed francouz\u0161tiny. Platnost diplom\u016f je \u010dasov\u011b neomezen\u00e1 a jejich vyu\u017eit\u00ed naleznete po cel\u00e9m sv\u011bt\u011b. Ocen\u00edte jej p\u0159i \u017e\u00e1dostech o zam\u011bstn\u00e1n\u00ed \u010di p\u0159i vstupu na v\u011bt\u0161inu francouzsk\u00fdch \u010di frankofonn\u00edch univerzit.<\/p>\n\n\n\n<p>Od 1.9. 2009 mohou \u017e\u00e1ci v r\u00e1mci profilov\u00e9 maturitn\u00ed zkou\u0161ky nahradit jednu zkou\u0161ku konanou v r\u00e1mci profilov\u00e9 \u010d\u00e1sti maturitn\u00ed zkou\u0161ky mezin\u00e1rodn\u011b uzn\u00e1van\u00fdm certifik\u00e1tem s t\u00edm, \u017ee \u0161kola po\u017eaduje t\u0159i zkou\u0161ky v r\u00e1mci profilov\u00e9 \u010d\u00e1sti maturitn\u00ed zkou\u0161ky.<\/p>\n\n\n\n<div style=\"height:30px\" aria-hidden=\"true\" class=\"wp-block-spacer\"><\/div>\n<\/div><\/div>\n<\/div><\/div>\n\n\n\n<div class=\"wp-block-group alignfull has-background\" style=\"background:linear-gradient(135deg,rgb(243,243,243) 0%,rgb(243,243,243) 100%)\"><div class=\"wp-block-group__inner-container is-layout-constrained wp-block-group-is-layout-constrained\">\n<div style=\"height:30px\" aria-hidden=\"true\" class=\"wp-block-spacer\"><\/div>\n\n\n\n<h2 class=\"wp-block-heading has-text-align-center\"><mark style=\"background-color:rgba(0, 0, 0, 0)\" class=\"has-inline-color has-color-text-color\">M\u00e1m z\u00e1jem<\/mark><\/h2>\n\n\n\n<div class=\"wp-block-group\"><div class=\"wp-block-group__inner-container is-layout-constrained wp-block-group-is-layout-constrained\">\n<h4 class=\"wp-block-heading\"><strong><mark style=\"background-color:rgba(0, 0, 0, 0)\" class=\"has-inline-color has-red-color\">Kolik stoj\u00ed zkou\u0161ka?<\/mark><\/strong><\/h4>\n\n\n\n<p>Cen\u00edk zkou\u0161ek DELF a DALF naleznete v na\u0161em <a href=\"https:\/\/www.alliancefrancaise.cz\/plzen\/terminy-registrace-cenik\/\" data-type=\"page\" data-id=\"6210\">cen\u00edku<\/a>. Tento cen\u00edk je jednotn\u00fd pro celou \u010ceskou republiku a je <strong>platn\u00fd v\u017edy na jeden kalend\u00e1\u0159n\u00ed rok<\/strong>. <\/p>\n<\/div><\/div>\n\n\n\n<div class=\"wp-block-group\"><div class=\"wp-block-group__inner-container is-layout-constrained wp-block-group-is-layout-constrained\">\n<h4 class=\"wp-block-heading\"><strong><mark style=\"background-color:rgba(0, 0, 0, 0)\" class=\"has-inline-color has-red-color\">Kde se zkou\u0161ka kon\u00e1?<\/mark><\/strong><\/h4>\n\n\n\n<p>Zkou\u0161ka se kon\u00e1 v Alliance Fran\u00e7aise v Plzni. <strong>V p\u0159\u00edpad\u011b Delf scolaire budete zkou\u0161ku konat v prostor\u00e1ch jednoho z na\u0161ich dvou spolupracuj\u00edc\u00edch gymn\u00e1zi\u00ed: Gymn\u00e1zium P\u0159\u00edbram<\/strong> <strong>nebo C\u00edrkevn\u00ed Gymn\u00e1zium v Plzni.<\/strong><\/p>\n<\/div><\/div>\n\n\n\n<div class=\"wp-block-group\"><div class=\"wp-block-group__inner-container is-layout-constrained wp-block-group-is-layout-constrained\">\n<h4 class=\"wp-block-heading\"><strong><mark style=\"background-color:rgba(0, 0, 0, 0)\" class=\"has-inline-color has-red-color\">Uchaze\u010di se speci\u00e1ln\u00edmi pot\u0159ebami<\/mark><\/strong><\/h4>\n\n\n\n<p>Studenti se speci\u00e1ln\u00edmi pot\u0159ebami nebo handikepem <strong>(dysgrafie, dysortografie, dyslexie\u2026)<\/strong> jsou u zkou\u0161ek v\u00edt\u00e1n\u00ed a podm\u00ednky zkou\u0161ek budou p\u0159izp\u016fsobeny, informujte n\u00e1s p\u0159edem, pokud m\u00e1te posudek z pedagogicko psychologick\u00e9 poradny k uzp\u016fsoben\u00ed podm\u00ednek.<\/p>\n<\/div><\/div>\n\n\n\n<div class=\"wp-block-group\"><div class=\"wp-block-group__inner-container is-layout-constrained wp-block-group-is-layout-constrained\">\n<h4 class=\"wp-block-heading\"><strong><mark style=\"background-color:rgba(0, 0, 0, 0)\" class=\"has-inline-color has-red-color\">Jak se zaregistrovat?<\/mark><\/strong><\/h4>\n\n\n\n<p>Registrovat se m\u016f\u017eete na t\u00e9to <a href=\"https:\/\/www.alliancefrancaise.cz\/plzen\/terminy-registrace-cenik\/\" data-type=\"page\" data-id=\"6210\">str\u00e1nce<\/a>.  Je mo\u017en\u00e9 prov\u00e9st v dob\u011b, kdy prob\u00edhaj\u00ed z\u00e1pisy osobn\u011b na recepci AF, n\u00e1m. Republiky 12 (2.patro).<\/p>\n\n\n\n<p><mark style=\"background-color:rgba(0, 0, 0, 0)\" class=\"has-inline-color has-color-text-color\"><strong><span style=\"text-decoration: underline;\">Zp\u016fsoby \u00fahrady poplatku za zkou\u0161ky:<\/span><\/strong><\/mark><\/p>\n\n\n\n<ul class=\"wp-block-list\">\n<li>v hotovosti (na recepci AF)<\/li>\n\n\n\n<li>bankovn\u00edm p\u0159evodem (4934361\/0100)&nbsp;&#8211; v p\u0159\u00edpad\u011b \u00fahrady bankovn\u00edm p\u0159evodem je nutn\u00e9 do 3 pracovn\u00edch dn\u016f od vypln\u011bn\u00ed p\u0159ihl\u00e1\u0161ky uhradit platbu na \u00fa\u010det . V opa\u010dn\u00e9m p\u0159\u00edpad\u011b bude Va\u0161e p\u0159ihl\u00e1\u0161ka pova\u017eov\u00e1na za neplatnou.<\/li>\n<\/ul>\n\n\n\n<p><strong><span style=\"text-decoration: underline;\">Po zaps\u00e1n\u00ed a \u00fahrad\u011b ceny zkou\u0161ky:<\/span><\/strong><\/p>\n\n\n\n<p>Po uhrazen\u00ed poplatku za zkou\u0161ky obdr\u017e\u00edte mailem pozv\u00e1nku ke zkou\u0161ce (convocation), kter\u00e1 bude obsahovat p\u0159esn\u00e9 \u010dasov\u00e9 \u00fadaje o kon\u00e1n\u00ed p\u00edsemn\u00e9 i \u00fastn\u00ed \u010d\u00e1sti zkou\u0161ky a \u010d\u00edslo, pod kter\u00fdm budete vedeni b\u011bhem zkou\u0161ky t\u00e9to i p\u0159\u00edpadn\u00e9 dal\u0161\u00ed. S pozv\u00e1nkou a ob\u010dansk\u00fdm pr\u016fkazem se dostavte na AF v den kon\u00e1n\u00ed zkou\u0161ky.&nbsp;<\/p>\n\n\n\n<p><strong>Pozor:<\/strong>&nbsp;zkontrolujte pros\u00edm ve\u0161ker\u00e9 va\u0161e osobn\u00ed \u00fadaje uveden\u00e9 v pozv\u00e1nce, po vystaven\u00ed diplomu je ji\u017e nebude mo\u017en\u00e9 zm\u011bnit. V p\u0159\u00edpad\u011b chybn\u00fdch \u00fadaj\u016f kontaktujte pros\u00edm kancel\u00e1\u0159 AF v den zkou\u0161ky.<\/p>\n<\/div><\/div>\n\n\n\n<div style=\"height:30px\" aria-hidden=\"true\" class=\"wp-block-spacer\"><\/div>\n<\/div><\/div>\n\n\n\n<div class=\"wp-block-group alignfull\"><div class=\"wp-block-group__inner-container is-layout-constrained wp-block-group-is-layout-constrained\">\n<h2 class=\"wp-block-heading has-text-align-center\"><mark style=\"background-color:rgba(0, 0, 0, 0)\" class=\"has-inline-color has-color-text-color\">A pak<\/mark><\/h2>\n\n\n\n<div class=\"wp-block-group\"><div class=\"wp-block-group__inner-container is-layout-constrained wp-block-group-is-layout-constrained\">\n<h4 class=\"wp-block-heading\"><mark style=\"background-color:rgba(0, 0, 0, 0)\" class=\"has-inline-color has-red-color\">Kdy se dozv\u00edm v\u00fdsledek ze zkou\u0161ky?<\/mark><\/h4>\n\n\n\n<p>Pot\u00e9 co prob\u011bhnou zkou\u0161ky, trv\u00e1 cca 3 t\u00fddny, ne\u017e se oprav\u00ed p\u00edsemn\u00e1 \u010d\u00e1st zkou\u0161ek. N\u00e1sledn\u011b se na Francouzsk\u00e9 ambas\u00e1d\u011b v Praze sejde komise, kter\u00e1 potvrd\u00ed v\u00fdsledn\u00e9 zn\u00e1mky. Tyto v\u00fdsledky <a href=\"https:\/\/www.alliancefrancaise.cz\/plzen\/vysledky-ze-zkousek\/\" data-type=\"page\" data-id=\"6424\">jsou posl\u00e9ze zve\u0159ejn\u011bny na webov\u00e9 str\u00e1nce<\/a> zkou\u0161kov\u00e9ho centra (z d\u016fvodu zachov\u00e1n\u00ed osobn\u00edch \u00fadaj\u016f je uv\u00e1d\u00ed pouze \u010d\u00edslo uchaze\u010de a v\u00fdsledek zkou\u0161ky, tzn. zda uchaze\u010d zkou\u0161ku \u00fasp\u011b\u0161n\u011b vykonal, \u010di nevykonal). <strong>Uchaze\u010di, kte\u0159\u00ed \u00fasp\u011b\u0161n\u011b vykonali zkou\u0161ku, mohou zaslat p\u00edsemn\u011b na e-mail<\/strong>&nbsp;<a href=\"mailto:cours.plzen@alliancefrancaise.cz\">cours.plzen@alliancefrancaise.cz<\/a><strong>&nbsp;\u017e\u00e1dost o vystaven\u00ed Attestation de r\u00e9ussite<\/strong>&nbsp;(pozor, toto osv\u011bd\u010den\u00ed nenahrazuje ofici\u00e1ln\u00ed diplom francouzsk\u00e9ho ministerstva \u0161kolstv\u00ed).<\/p>\n<\/div><\/div>\n\n\n\n<div class=\"wp-block-group\"><div class=\"wp-block-group__inner-container is-layout-constrained wp-block-group-is-layout-constrained\">\n<h4 class=\"wp-block-heading\"><mark style=\"background-color:rgba(0, 0, 0, 0)\" class=\"has-inline-color has-red-color\">Kdy dostanu diplom?<\/mark><\/h4>\n\n\n\n<p><strong>Po zve\u0159ejn\u011bn\u00ed v\u00fdsledk\u016f ze zkou\u0161ek je nutn\u00e9 po\u010d\u00edtat s lh\u016ftou 5-7 t\u00fddn\u016f<\/strong>, ne\u017e budou ofici\u00e1ln\u00ed diplomy doru\u010deny z Francie do \u010cesk\u00e9 republiky. Pot\u00e9 co zkou\u0161kov\u00e9 centrum obdr\u017e\u00ed diplomy, budou v\u0161ichni uchaze\u010di vyzv\u00e1ni e-mailem k p\u0159evzet\u00ed sv\u00fdch diplom\u016f. V od\u016fvodn\u011bn\u00fdch p\u0159\u00edpadech lze tak\u00e9 za manipula\u010dn\u00ed poplatek zaslat diplom po\u0161tou jako doporu\u010denou z\u00e1silku.<\/p>\n<\/div><\/div>\n\n\n\n<div class=\"wp-block-group\"><div class=\"wp-block-group__inner-container is-layout-constrained wp-block-group-is-layout-constrained\">\n<h4 class=\"wp-block-heading\"><mark style=\"background-color:rgba(0, 0, 0, 0)\" class=\"has-inline-color has-red-color\">M\u016f\u017eu se odvolat, kdy\u017e u zkou\u0161ky neusp\u011bji?<\/mark><\/h4>\n\n\n\n<p>Bohu\u017eel, toto nen\u00ed mo\u017en\u00e9. V\u00fdsledky ze zkou\u0161ek jsou definitivn\u00ed a nelze se proti nim odvolat. Ka\u017ed\u00fd uchaze\u010d m\u00e1 pr\u00e1vo nahl\u00e9dnout do vypracov\u00e1n\u00ed sv\u00e9 zkou\u0161ky a na bodov\u00e9 hodnocen\u00ed. Tato mo\u017enost ale plat\u00ed pouze 12 m\u011bs\u00edc\u016f po zve\u0159ejn\u011bn\u00ed v\u00fdsledk\u016f ze zkou\u0161ky. Pot\u00e9 jsou vypracov\u00e1n\u00ed zkou\u0161ek skartov\u00e1na.<\/p>\n<\/div><\/div>\n<\/div><\/div>\n","protected":false},"excerpt":{"rendered":"<p>Prezentace Alliance fran\u00e7aise de Plze\u0148 je jedn\u00edm ze sedmi center, v nich\u017e je mo\u017eno skl\u00e1dat zkou\u0161ky DELF. DELF a DALF, co to je? DELF a DALF jsou ofici\u00e1ln\u00ed&#8230;<\/p>\n","protected":false},"author":4,"featured_media":0,"parent":0,"menu_order":0,"comment_status":"closed","ping_status":"closed","template":"","meta":{"_acf_changed":false,"footnotes":""},"class_list":["post-6438","page","type-page","status-publish","hentry"],"acf":[],"_links":{"self":[{"href":"https:\/\/www.alliancefrancaise.cz\/plzen\/wp-json\/wp\/v2\/pages\/6438","targetHints":{"allow":["GET"]}}],"collection":[{"href":"https:\/\/www.alliancefrancaise.cz\/plzen\/wp-json\/wp\/v2\/pages"}],"about":[{"href":"https:\/\/www.alliancefrancaise.cz\/plzen\/wp-json\/wp\/v2\/types\/page"}],"author":[{"embeddable":true,"href":"https:\/\/www.alliancefrancaise.cz\/plzen\/wp-json\/wp\/v2\/users\/4"}],"replies":[{"embeddable":true,"href":"https:\/\/www.alliancefrancaise.cz\/plzen\/wp-json\/wp\/v2\/comments?post=6438"}],"version-history":[{"count":19,"href":"https:\/\/www.alliancefrancaise.cz\/plzen\/wp-json\/wp\/v2\/pages\/6438\/revisions"}],"predecessor-version":[{"id":15329,"href":"https:\/\/www.alliancefrancaise.cz\/plzen\/wp-json\/wp\/v2\/pages\/6438\/revisions\/15329"}],"wp:attachment":[{"href":"https:\/\/www.alliancefrancaise.cz\/plzen\/wp-json\/wp\/v2\/media?parent=6438"}],"curies":[{"name":"wp","href":"https:\/\/api.w.org\/{rel}","templated":true}]}}