{"id":7055,"date":"2024-02-16T08:54:30","date_gmt":"2024-02-16T07:54:30","guid":{"rendered":"https:\/\/www.alliancefrancaise.cz\/plzen\/?page_id=7055"},"modified":"2024-04-09T15:03:06","modified_gmt":"2024-04-09T13:03:06","slug":"snidane-pro-skoly","status":"publish","type":"page","link":"https:\/\/www.alliancefrancaise.cz\/plzen\/snidane-pro-skoly\/","title":{"rendered":"Francouzsk\u00e9 sn\u00eddan\u011b"},"content":{"rendered":"\n<div class=\"wp-block-group alignfull\"><div class=\"wp-block-group__inner-container is-layout-flow wp-block-group-is-layout-flow\">\n<div class=\"wp-block-columns is-layout-flex wp-container-core-columns-is-layout-9d6595d7 wp-block-columns-is-layout-flex\">\n<div class=\"wp-block-column is-vertically-aligned-top is-layout-flow wp-block-column-is-layout-flow\"><div class=\"wp-block-image\">\n<figure class=\"aligncenter size-full is-resized\"><img loading=\"lazy\" decoding=\"async\" width=\"960\" height=\"540\" src=\"https:\/\/www.alliancefrancaise.cz\/plzen\/wp-content\/uploads\/2024\/04\/snidane.png\" alt=\"\" class=\"wp-image-13815\" style=\"width:514px;height:auto\" srcset=\"https:\/\/www.alliancefrancaise.cz\/plzen\/wp-content\/uploads\/2024\/04\/snidane.png 960w, https:\/\/www.alliancefrancaise.cz\/plzen\/wp-content\/uploads\/2024\/04\/snidane-460x259.png 460w, https:\/\/www.alliancefrancaise.cz\/plzen\/wp-content\/uploads\/2024\/04\/snidane-768x432.png 768w\" sizes=\"auto, (max-width: 960px) 100vw, 960px\" \/><\/figure>\n<\/div><\/div>\n\n\n\n<div class=\"wp-block-column is-vertically-aligned-center is-layout-flow wp-block-column-is-layout-flow\">\n<p>\ud83e\udd50Pro \u0161koly a dal\u0161\u00ed z\u00e1jemce organizujeme sn\u00eddan\u011b &#8222;\u00e0 la fran\u00e7aise&#8220; s horkou \u010dokol\u00e1dou, francouzsk\u00fdmi bagetami, croissanty a pomeran\u010dov\u00fdm d\u017eusem.<\/p>\n\n\n\n<p>B\u011bhem sn\u00eddan\u011b si zahrajeme kv\u00edz a p\u0159edstav\u00edme prostory Aliance i jej\u00ed samotn\u00e9 fungov\u00e1n\u00ed. Rezervujte si term\u00edn na e-mailu&nbsp;<a href=\"mailto:direction.plzen@alliancefrancaise.cz\">direction.plzen@alliancefrancaise.cz<\/a>.<\/p>\n<\/div>\n<\/div>\n<\/div><\/div>\n","protected":false},"excerpt":{"rendered":"<p>\ud83e\udd50Pro \u0161koly a dal\u0161\u00ed z\u00e1jemce organizujeme sn\u00eddan\u011b &#8222;\u00e0 la fran\u00e7aise&#8220; s horkou \u010dokol\u00e1dou, francouzsk\u00fdmi bagetami, croissanty a pomeran\u010dov\u00fdm d\u017eusem. B\u011bhem sn\u00eddan\u011b si zahrajeme kv\u00edz a p\u0159edstav\u00edme prostory Aliance&#8230;<\/p>\n","protected":false},"author":4,"featured_media":0,"parent":0,"menu_order":0,"comment_status":"closed","ping_status":"closed","template":"","meta":{"_acf_changed":false,"footnotes":""},"class_list":["post-7055","page","type-page","status-publish","hentry"],"acf":[],"_links":{"self":[{"href":"https:\/\/www.alliancefrancaise.cz\/plzen\/wp-json\/wp\/v2\/pages\/7055","targetHints":{"allow":["GET"]}}],"collection":[{"href":"https:\/\/www.alliancefrancaise.cz\/plzen\/wp-json\/wp\/v2\/pages"}],"about":[{"href":"https:\/\/www.alliancefrancaise.cz\/plzen\/wp-json\/wp\/v2\/types\/page"}],"author":[{"embeddable":true,"href":"https:\/\/www.alliancefrancaise.cz\/plzen\/wp-json\/wp\/v2\/users\/4"}],"replies":[{"embeddable":true,"href":"https:\/\/www.alliancefrancaise.cz\/plzen\/wp-json\/wp\/v2\/comments?post=7055"}],"version-history":[{"count":14,"href":"https:\/\/www.alliancefrancaise.cz\/plzen\/wp-json\/wp\/v2\/pages\/7055\/revisions"}],"predecessor-version":[{"id":13817,"href":"https:\/\/www.alliancefrancaise.cz\/plzen\/wp-json\/wp\/v2\/pages\/7055\/revisions\/13817"}],"wp:attachment":[{"href":"https:\/\/www.alliancefrancaise.cz\/plzen\/wp-json\/wp\/v2\/media?parent=7055"}],"curies":[{"name":"wp","href":"https:\/\/api.w.org\/{rel}","templated":true}]}}