{"id":7062,"date":"2024-02-16T09:25:10","date_gmt":"2024-02-16T08:25:10","guid":{"rendered":"https:\/\/www.alliancefrancaise.cz\/plzen\/?page_id=7062"},"modified":"2026-03-16T09:38:42","modified_gmt":"2026-03-16T08:38:42","slug":"rok-ve-francii","status":"publish","type":"page","link":"https:\/\/www.alliancefrancaise.cz\/plzen\/rok-ve-francii\/","title":{"rendered":"Rok ve Francii"},"content":{"rendered":"\n<div class=\"wp-block-group alignfull\"><div class=\"wp-block-group__inner-container is-layout-constrained wp-block-group-is-layout-constrained\">\n<div class=\"wp-block-columns is-layout-flex wp-container-core-columns-is-layout-9d6595d7 wp-block-columns-is-layout-flex\">\n<div class=\"wp-block-column is-layout-flow wp-block-column-is-layout-flow\">\n<h2 class=\"wp-block-heading\"><mark style=\"background-color:rgba(0, 0, 0, 0)\" class=\"has-inline-color has-red-color\">Co je Rok ve Francii ?<\/mark><\/h2>\n\n\n\n<p><em>\u010ce\u0161t\u00ed st\u0159edo\u0161kol\u00e1ci z Plze\u0148sk\u00e9ho kraje mohou odjet studovat na jeden \u0161koln\u00ed rok na partnerskou st\u0159edn\u00ed \u0161kolu do Francie. Bydl\u00ed zpravidla na intern\u00e1tu, v\u00edkendy tr\u00e1v\u00ed v hostitelsk\u00fdch rodin\u00e1ch. Ve Francii studuj\u00ed ve 2. ro\u010dn\u00edku st\u0159edn\u00ed \u0161koly (classe de premi\u00e8re), absolvuj\u00ed p\u0159edm\u011bty se sv\u00fdmi francouzsk\u00fdmi spolu\u017e\u00e1ky a jsou takt\u00e9\u017e hodnoceni.<\/em><\/p>\n\n\n\n<p><em><mark style=\"background-color:rgba(0, 0, 0, 0)\" class=\"has-inline-color has-red-color\"><strong>Alliance Fran\u00e7aise de Plze\u0148 nab\u00edz\u00ed mo\u017enost \u010d\u00e1ste\u010dn\u00e9 \u00fahrady n\u00e1klad\u016f.<\/strong><\/mark><\/em><\/p>\n<\/div>\n<\/div>\n\n\n\n<div class=\"wp-block-columns is-layout-flex wp-container-core-columns-is-layout-9d6595d7 wp-block-columns-is-layout-flex\">\n<div class=\"wp-block-column is-layout-flow wp-block-column-is-layout-flow\">\n<p><strong>Rok ve Francii, to je unik\u00e1tn\u00ed mo\u017enost\u2026<\/strong><\/p>\n\n\n\n<ul class=\"wp-block-list\">\n<li>&nbsp;Vycestovat, poznat zemi a jej\u00ed kulturu<\/li>\n\n\n\n<li>&nbsp;Zlep\u0161it si francouz\u0161tinu a poznat francouzsk\u00fd vzd\u011bl\u00e1vac\u00ed syst\u00e9m<\/li>\n\n\n\n<li>&nbsp;Z\u00edskat zku\u0161enost, osamostatnit se a nau\u010dit se zodpov\u011bdnosti<\/li>\n\n\n\n<li>&nbsp;Nav\u00e1zat zaj\u00edmav\u00e9 kontakty se spolu\u017e\u00e1ky, hostitelsk\u00fdmi rodinami a profesory<\/li>\n<\/ul>\n\n\n<div class=\"wp-block-image\">\n<figure class=\"aligncenter size-full\"><img loading=\"lazy\" decoding=\"async\" width=\"216\" height=\"231\" src=\"https:\/\/www.alliancefrancaise.cz\/plzen\/wp-content\/uploads\/2024\/12\/Logo_Rok_ve_Francii_modra.png\" alt=\"Rok ve francii\" class=\"wp-image-15167\"\/><\/figure>\n<\/div><\/div>\n\n\n\n<div class=\"wp-block-column is-layout-flow wp-block-column-is-layout-flow\">\n<p><strong>Na rok do Francie m\u016f\u017ee\u0161 vyjet, pokud:<\/strong><\/p>\n\n\n\n<ul class=\"wp-block-list\">\n<li>&nbsp;Je ti 15 &#8211; 17 let<\/li>\n\n\n\n<li>&nbsp;Studuje\u0161 ide\u00e1ln\u011b v 1. nebo 2. ro\u010dn\u00edku st\u0159edn\u00ed \u0161koly pop\u0159. v odpov\u00eddaj\u00edc\u00edch ro\u010dn\u00edch v\u00edcelet\u00e9ho gymn\u00e1zia, je\u017e je za\u0159azeno do s\u00edt\u011b \u0161kol M\u0160MT<\/li>\n\n\n\n<li>&nbsp;Jsi ob\u010danem Evropsk\u00e9 unie<\/li>\n\n\n\n<li>&nbsp;Tv\u00e1 francouz\u0161tina je minim\u00e1ln\u011b na \u00farovni A2, potvrzen\u00e1 \u00fasp\u011b\u0161n\u00fdm slo\u017een\u00edm jazykov\u00e9 zkou\u0161ky DELF<\/li>\n\n\n\n<li>&nbsp;Studuje\u0161 dal\u0161\u00ed ciz\u00ed jazyk (angli\u010dtina, n\u011bm\u010dina, \u0161pan\u011bl\u0161tina)<\/li>\n\n\n\n<li>&nbsp;Chce\u0161 skute\u010dn\u011b odjet, pozn\u00e1vat nov\u00e9 lidi a v\u011bci, zlep\u0161it si jazyky<\/li>\n\n\n\n<li>&nbsp;Jsi samostatn\u00e1\/\u00fd, m\u00e1\u0161 smysl pro zodpov\u011bdnost a um\u00ed\u0161 se adaptovat na nov\u00e9 prost\u0159ed\u00ed<\/li>\n\n\n\n<li>&nbsp;Jsi odhodlan\u00e1\/\u00fd doh\u00e1n\u011bt u\u010divo z \u010desk\u00e9 \u0161koly a tv\u00e1 rodina t\u011b v rozhodnut\u00ed podporuje<\/li>\n<\/ul>\n<\/div>\n<\/div>\n<\/div><\/div>\n\n\n\n<div class=\"wp-block-group alignfull has-background\" style=\"background:linear-gradient(135deg,rgb(243,243,243) 0%,rgb(243,243,243) 100%)\"><div class=\"wp-block-group__inner-container is-layout-constrained wp-block-group-is-layout-constrained\">\n<div style=\"height:30px\" aria-hidden=\"true\" class=\"wp-block-spacer\"><\/div>\n\n\n\n<h2 class=\"wp-block-heading\"><mark style=\"background-color:rgba(0, 0, 0, 0)\" class=\"has-inline-color has-red-color\">Rok ve Francii 2026-2027<\/mark><\/h2>\n\n\n\n<div class=\"wp-block-columns is-layout-flex wp-container-core-columns-is-layout-9d6595d7 wp-block-columns-is-layout-flex\">\n<div class=\"wp-block-column is-layout-flow wp-block-column-is-layout-flow\" style=\"flex-basis:50%\">\n<p><strong>Harmonogram v\u00fdb\u011brov\u00e9ho \u0159\u00edzen\u00ed<\/strong><\/p>\n\n\n\n<ul class=\"wp-block-list\">\n<li>5. ledna 2026 : za\u010d\u00e1tek p\u0159ihla\u0161ov\u00e1n\u00ed<\/li>\n\n\n\n<li>28. \u00fanora 2026 : konec p\u0159ihla\u0161ov\u00e1n\u00ed<\/li>\n\n\n\n<li>b\u0159ezen 2026 : studium p\u0159ihl\u00e1\u0161ek + p\u0159\u00edprava pohovor\u016f<\/li>\n\n\n\n<li>b\u0159ezen\/duben 2026 : individu\u00e1ln\u00ed pohovory<\/li>\n\n\n\n<li>30. dubna 2026 : v\u00fdsledky pohovor\u016f + \u010dekac\u00ed listina<\/li>\n\n\n\n<li>7. \u010dervna 2026 : potvrzen\u00ed v\u00fdsledk\u016f a p\u0159id\u011blen\u00ed hostitelsk\u00e9 \u0161koly<\/li>\n\n\n\n<li>polovina \u010dervna 2026 : setk\u00e1n\u00ed v Praze (datum bude up\u0159esn\u011bno)<\/li>\n<\/ul>\n<\/div>\n\n\n\n<div class=\"wp-block-column is-vertically-aligned-center is-layout-flow wp-block-column-is-layout-flow\" style=\"flex-basis:50%\">\n<p><strong>Online informa\u010dn\u00ed sch\u016fzka<\/strong><\/p>\n\n\n\n<p>Chcete se dozv\u011bd\u011bt v\u00edce o programu Rok ve Francii? P\u0159ihlaste se s rodi\u010di nebo u\u010diteli na online informa\u010dn\u00ed sch\u016fzku, <strong>kterou po\u0159\u00e1d\u00e1 Francouzsk\u00fd institut v Praze&nbsp;17. 12. 2025 a 14. 1. 2026 v 16.30&nbsp;hodin<\/strong>. P\u0159ihl\u00e1sit se m\u016f\u017eete pomoc\u00ed tohoto&nbsp;<a href=\"https:\/\/docs.google.com\/forms\/d\/e\/1FAIpQLSffzVVcuUDTDWaXwmJ2YDU4yiTt4UWhNt2ufzonyOI2KbMTtQ\/viewform\" target=\"_blank\" rel=\"noreferrer noopener\">formul\u00e1\u0159e<\/a>.<\/p>\n<\/div>\n<\/div>\n\n\n\n<div style=\"height:20px\" aria-hidden=\"true\" class=\"wp-block-spacer\"><\/div>\n\n\n\n<div class=\"wp-block-buttons is-content-justification-center is-layout-flex wp-container-core-buttons-is-layout-16018d1d wp-block-buttons-is-layout-flex\">\n<div class=\"wp-block-button\"><a class=\"wp-block-button__link has-text-align-center wp-element-button\">Registrace &#8211; Rok ve Francii 2026-2027 [dokon\u010den\u00e1]<\/a><\/div>\n<\/div>\n\n\n\n<div style=\"height:30px\" aria-hidden=\"true\" class=\"wp-block-spacer\"><\/div>\n<\/div><\/div>\n\n\n\n<div class=\"wp-block-group alignfull details-af\"><div class=\"wp-block-group__inner-container is-layout-constrained wp-block-group-is-layout-constrained\">\n<h2 class=\"wp-block-heading\"><mark style=\"background-color:rgba(0, 0, 0, 0)\" class=\"has-inline-color has-red-color\">\u010cast\u00e9 ot\u00e1zky<\/mark><\/h2>\n\n\n\n<details class=\"wp-block-details is-layout-flow wp-block-details-is-layout-flow\"><summary>Kolik stoj\u00ed Rok ve Francii<\/summary>\n<p>N\u00e1klady na pobyt studenta ve Francii hrad\u00ed rodi\u010de studenta.<\/p>\n\n\n\n<p>Takto zhruba vypad\u00e1 ro\u010dn\u00ed rozpo\u010det (jedn\u00e1 se o orienta\u010dn\u00ed \u010d\u00e1stky):<\/p>\n\n\n\n<ul class=\"wp-block-list\">\n<li>&nbsp;tzv. \u201efrais d\u2019internat\u201c (= ubytov\u00e1n\u00ed v intern\u00e1t\u011b \u0161koly a stravov\u00e1n\u00ed ve \u0161koln\u00ed j\u00eddeln\u011b 3x denn\u011b od pond\u011bl\u00ed do p\u00e1tku: sn\u00eddan\u011b, ob\u011bdy, ve\u010de\u0159e): 1.500 \u20ac a\u017e 2.000 \u20ac\/\u0161koln\u00ed rok (z\u00e1\u0159\u00ed \u2013 \u010derven)<\/li>\n\n\n\n<li>&nbsp;v\u00edkendy v hostitelsk\u00fdch rodin\u00e1ch: cca 70 \u20ac\/v\u00edkend (asi 2240 \u20ac\/\u0161koln\u00ed rok)<\/li>\n\n\n\n<li>&nbsp;cestovn\u00ed poji\u0161t\u011bn\u00ed do zahrani\u010d\u00ed: cca 100 \u20ac\/\u0161koln\u00ed rok<\/li>\n<\/ul>\n\n\n\n<p>D\u00e1le je nutn\u00e9 p\u0159ipo\u010d\u00edtat n\u00e1sleduj\u00edc\u00ed n\u00e1klady:<\/p>\n\n\n\n<ul class=\"wp-block-list\">\n<li>&nbsp;doprava (na za\u010d\u00e1tku a na konci \u0161koln\u00edho roku a b\u011bhem pr\u00e1zdnin \u2013 4 kr\u00e1t v pr\u016fb\u011bhu \u0161koln\u00edho roku)<\/li>\n\n\n\n<li>&nbsp;kapesn\u00e9: cca 40,- \u20ac\/m\u011bs\u00edc<\/li>\n\n\n\n<li>&nbsp;u\u010debnice (zpravidla ale maj\u00ed studenti mo\u017enost bezplatn\u00e9 z\u00e1p\u016fj\u010dky od \u0161koly)<\/li>\n<\/ul>\n\n\n\n<p><strong>Podpora ve financov\u00e1n\u00ed:<\/strong><\/p>\n\n\n\n<p>\u017dadatel\u00e9 o podporu na financov\u00e1n\u00ed \u010d\u00e1sti n\u00e1klad\u016f na studium ve Francii se mohou obr\u00e1tit na z\u0159izovatele \u0161koly, jej\u00edmi\u017e jsou studenty. N\u011bkte\u0159\u00ed z\u0159izovatel\u00e9 (kraje, c\u00edrkve, soukrom\u00e9 osoby) poskytuj\u00ed v r\u00e1mci sv\u00e9 vzd\u011bl\u00e1vac\u00ed politiky granty student\u016fm vyj\u00ed\u017ed\u011bj\u00edc\u00edm na zahrani\u010dn\u00ed \u0161kolu.<\/p>\n\n\n\n<p><mark style=\"background-color:rgba(0, 0, 0, 0)\" class=\"has-inline-color has-red-color\">Alliance Fran\u00e7aise de Plze\u0148 nab\u00edz\u00ed mo\u017enost \u010d\u00e1ste\u010dn\u00e9 \u00fahrady n\u00e1klad\u016f.<\/mark><\/p>\n<\/details>\n\n\n\n<details class=\"wp-block-details is-layout-flow wp-block-details-is-layout-flow\"><summary>\u017divot ve Francii<\/summary>\n<h4 class=\"wp-block-heading\">Ubytov\u00e1n\u00ed<\/h4>\n\n\n\n<p>Ubytov\u00e1n\u00ed \u010desk\u00fdch student\u016f je zaji\u0161t\u011bno v intern\u00e1t\u011b \u0161koly od pond\u011bl\u00ed do p\u00e1tku. Jestli\u017ee se v\u00fduka kon\u00e1 tak\u00e9 v sobotu, studenti z\u016fst\u00e1vaj\u00ed ubytov\u00e1ni na intern\u00e1t\u011b z p\u00e1tku na sobotu. Intern\u00e1ty jsou sou\u010d\u00e1st\u00ed \u0161koln\u00edho kampusu.<\/p>\n\n\n\n<p>N\u011bkter\u00e9 intern\u00e1ty umo\u017e\u0148uj\u00ed student\u016fm p\u0159\u00edjezd po v\u00edkendu ji\u017e v ned\u011bli ve\u010der.<\/p>\n\n\n\n<p>Studenti bydl\u00ed ve dvou a\u017e \u010dty\u0159l\u016f\u017ekov\u00fdch pokoj\u00edch (zvl\u00e1\u0161\u0165 chlapci a zvl\u00e1\u0161\u0165 d\u00edvky).<\/p>\n\n\n\n<p>Rodi\u010de student\u016f hrad\u00ed re\u017eijn\u00ed n\u00e1klady na intern\u00e1t, tzv. \u201efrais d\u2019internat\u201c (tj. ubytov\u00e1n\u00ed a stravov\u00e1n\u00ed ve \u0161koln\u00ed j\u00eddeln\u011b). Tyto n\u00e1klady se pohybuj\u00ed v rozmez\u00ed 1.500 \u20ac a\u017e 2.000 \u20ac za cel\u00fd \u0161koln\u00ed rok. Platby se prov\u00e1d\u011bj\u00ed ve t\u0159ech faktur\u00e1ch (pom\u011brn\u00e1 \u010d\u00e1stka za ka\u017ed\u00fd trimestr zvl\u00e1\u0161\u0165) formou bezhotovostn\u00ed mezin\u00e1rodn\u00ed platby (SEPA).<\/p>\n\n\n\n<p>V pr\u016fb\u011bhu \u0161koln\u00edho roku zas\u00edl\u00e1 lyceum rodi\u010d\u016fm student\u016f celkem 3 faktury:<\/p>\n\n\n\n<ul class=\"wp-block-list\">\n<li>&nbsp;v pr\u016fb\u011bhu m\u011bs\u00edce z\u00e1\u0159\u00ed: faktura za 1. trimestr (z\u00e1\u0159\u00ed-prosinec)<\/li>\n\n\n\n<li>&nbsp;v pr\u016fb\u011bhu m\u011bs\u00edce ledna: faktura za 2. trimestr (leden-b\u0159ezen)<\/li>\n\n\n\n<li>&nbsp;v pr\u016fb\u011bhu m\u011bs\u00edce dubna: faktura za 3. trimestr (duben-\u010derven)<\/li>\n<\/ul>\n\n\n\n<p>B\u011bhem v\u00edkend\u016f (mimo \u0161koln\u00ed pr\u00e1zdniny) bydl\u00ed v\u011bt\u0161ina student\u016f u francouzsk\u00fdch hostitelsk\u00fdch rodin.<\/p>\n\n\n\n<h4 class=\"wp-block-heading\">Stravov\u00e1n\u00ed<\/h4>\n\n\n\n<p>\u010ce\u0161t\u00ed \u0161t\u0159edo\u0161kol\u00e1ci maj\u00ed zaji\u0161t\u011bn\u00e9 sn\u00eddan\u011b, ob\u011bdy a ve\u010de\u0159e ve \u0161koln\u00ed j\u00eddeln\u011b. Poplatek za stravu je zahrnut v tzv. \u201efrais d\u2019internat\u201c (viz v\u00fd\u0161e). B\u011bhem v\u00edkend\u016f se studenti stravuj\u00ed ve sv\u00fdch hostitelsk\u00fdch rodin\u00e1ch, co\u017e je velmi dobr\u00e1 p\u0159\u00edle\u017eitost k pozn\u00e1n\u00ed francouzsk\u00e9ho stolov\u00e1n\u00ed i k ochutn\u00e1n\u00ed m\u00edstn\u00edch specialit.<\/p>\n\n\n\n<h4 class=\"wp-block-heading\">Hostitelsk\u00e1 rodina<\/h4>\n\n\n\n<p>Hostitelsk\u00e1 rodina si studenta bere na v\u00edkendy (mimo \u0161koln\u00ed pr\u00e1zdniny) respektive v dob\u011b, kdy je zav\u0159en\u00fd intern\u00e1t.<\/p>\n\n\n\n<p>Hostitelskou rodinu vyb\u00edr\u00e1 zpravidla lyceum; v\u011bt\u0161inou se jedn\u00e1 o rodiny student\u016f \u0161koly nebo profesory lycea. Nen\u00ed pravidlem, \u017ee se jedn\u00e1 o jednu rodinu na cel\u00fd \u0161koln\u00ed rok (nap\u0159. proto, \u017ee se rodina nem\u016f\u017ee zav\u00e1zat hostit studenta b\u011bhem cel\u00e9ho roku), ale student m\u016f\u017ee b\u011bhem studia vyst\u0159\u00eddat i v\u00edce rodin (nap\u0159. t\u00edm, \u017ee bude m\u00edt ka\u017ed\u00fd \u201etrimestr\u201c jinou hostitelskou rodinu).<\/p>\n\n\n\n<p>\u010ce\u0161t\u00ed studenti se vracej\u00ed dom\u016f b\u011bhem \u0161koln\u00edch pr\u00e1zdnin (podzimn\u00ed \u201edu\u0161i\u010dkov\u00e9\u201c pr\u00e1zdniny, v\u00e1no\u010dn\u00ed pr\u00e1zdniny, zimn\u00ed pr\u00e1zdniny, jarn\u00ed pr\u00e1zdniny).<\/p>\n\n\n\n<p>P\u0159ed samotn\u00fdm dojezdem do Francie dostanou studenti kontakt na hostitelskou rodinu, se kterou by se m\u011bli co nejd\u0159\u00edve spojit.<\/p>\n\n\n\n<p><strong>N\u00e1klady na pobyt v hostitelsk\u00e9 rodin\u011b:<\/strong><\/p>\n\n\n\n<p>N\u00e1klady na pobyt v hostitelsk\u00e9 rodin\u011b p\u0159edstavuj\u00ed zpravidla \u010d\u00e1stku 70,- eur za v\u00edkend. Konkr\u00e9tn\u00ed \u010d\u00e1stka z\u00e1le\u017e\u00ed na lokalit\u011b a na tom, zda lyceum nap\u0159. po\u017e\u00e1d\u00e1 o zprost\u0159edkov\u00e1n\u00ed hostitelsk\u00fdch rodin m\u00edstn\u00ed agenturu (v tomto p\u0159\u00edpad\u011b m\u016f\u017ee b\u00fdt cena i m\u00edrn\u011b vy\u0161\u0161\u00ed).<\/p>\n\n\n\n<p>Je na rodi\u010d\u00edch studenta a francouzsk\u00e9 hostitelsk\u00e9 rodin\u011b, aby se mezi sebou domluvili:<\/p>\n\n\n\n<ul class=\"wp-block-list\">\n<li>&nbsp;o jakou konkr\u00e9tn\u00ed \u010d\u00e1stku se bude jednat<\/li>\n\n\n\n<li>&nbsp;jak\u00fdm zp\u016fsobem se bude tato \u010d\u00e1stka hradit (zda v hotovosti, nebo bankovn\u00ed p\u0159evodem)<\/li>\n\n\n\n<li>&nbsp;v kolika spl\u00e1tk\u00e1ch (nap\u0159. ka\u017ed\u00fd t\u00fdden, ka\u017ed\u00fd m\u011bs\u00edc nebo \u010dtvrtletn\u011b)<\/li>\n<\/ul>\n<\/details>\n\n\n\n<details class=\"wp-block-details is-layout-flow wp-block-details-is-layout-flow\"><summary>Zdrav\u00ed a poji\u0161t\u011bn\u00ed<\/summary>\n<p>Ka\u017ed\u00e1 st\u0159edn\u00ed \u0161kola ve Francii m\u00e1 vlastn\u00ed o\u0161et\u0159ovnu (fr. infirmerie) pro p\u0159\u00edpad, kdyby se student\u016fm ud\u011blalo b\u011bhem dne nevolno nebo se zranili.<\/p>\n\n\n\n<p>V p\u0159\u00edpad\u011b zdravotn\u00edch probl\u00e9m\u016f se tedy o studenta postar\u00e1 kvalifikovan\u00fd o\u0161et\u0159uj\u00edc\u00ed person\u00e1l, vy\u017eaduje-li to zdravotn\u00ed stav studenta, je p\u0159ivol\u00e1n \u0161koln\u00ed l\u00e9ka\u0159. V p\u0159\u00edpad\u011b nutn\u00e9 hospitalizace \u010di jin\u00fdch z\u00e1krok\u016f je vy\u017eadov\u00e1n u nezletil\u00e9ho studenta tak\u00e9 souhlas jeho rodi\u010d\u016f.<\/p>\n\n\n\n<p>P\u0159ed odjezdem do Francie jsou studenti povinni p\u0159edlo\u017eit Francouzsk\u00e9 Alianci v Plzni kopii pojistn\u00e9 smlouvy, kter\u00e1 potvrzuje, \u017ee jim bylo sjedn\u00e1no na celou dobu jejich pobytu v zahrani\u010d\u00ed cestovn\u00ed poji\u0161t\u011bn\u00ed, a to v n\u00e1sleduj\u00edc\u00edm rozsahu:<\/p>\n\n\n\n<ul class=\"wp-block-list\">\n<li>&nbsp;l\u00e9\u010debn\u00e9 v\u00fdlohy v\u010d. Hospitalizace<\/li>\n\n\n\n<li>&nbsp;repatriace<\/li>\n\n\n\n<li>&nbsp;trval\u00e9 n\u00e1sledky \u00farazu a smrt \u00farazem<\/li>\n\n\n\n<li>&nbsp;odpov\u011bdnost za \u0161kodu<\/li>\n<\/ul>\n\n\n\n<p>Jako dopl\u0148kov\u00e9 poji\u0161t\u011bn\u00ed lze tak\u00e9 sjednat nap\u0159. poji\u0161t\u011bn\u00ed zavazadel, poji\u0161t\u011bn\u00ed osobn\u00edch doklad\u016f apod.<\/p>\n<\/details>\n\n\n\n<details class=\"wp-block-details is-layout-flow wp-block-details-is-layout-flow\"><summary>Studium na gymn\u00e1ziu ve Francii<\/summary>\n<h4 class=\"wp-block-heading\">Zn\u00e1mkov\u00e1n\u00ed a vysv\u011bd\u010den\u00ed<\/h4>\n\n\n\n<p>Vzhledem k tomu, \u017ee \u010desk\u00fd student bude \u0159\u00e1dn\u011b zaps\u00e1n ke studiu jako jeho francouz\u0161t\u00ed spolu\u017e\u00e1ci, bude m\u00edt tak\u00e9 stejn\u00e9 povinnosti jako oni, tzn. bude dost\u00e1vat dom\u00e1c\u00ed \u00fakoly a vykon\u00e1vat p\u00edsemn\u00e9\/\u00fastn\u00ed zkou\u0161ky v pr\u016fb\u011bhu \u0161koln\u00edho roku.<\/p>\n\n\n\n<p>\u0160koln\u00ed rok se ve Francii d\u011bl\u00ed na t\u0159i klasifika\u010dn\u00ed obdob\u00ed, tzv. trimestre, tzn. \u017ee studenti dostanou v pr\u016fb\u011bhu \u0161koln\u00edho roku celkem t\u0159i vysv\u011bd\u010den\u00ed (fr. bulletin scolaire).<\/p>\n\n\n\n<p>(p\u0159\u00edklad francouzsk\u00e9ho vysv\u011bd\u010den\u00ed)<\/p>\n\n\n\n<h4 class=\"wp-block-heading\">U\u010debnice<\/h4>\n\n\n\n<p>Ve v\u011bt\u0161in\u011b p\u0159\u00edpad\u016f zap\u016fj\u010duje \u0161kola u\u010debnice sv\u00fdm student\u016fm zdarma na cel\u00fd \u0161koln\u00ed rok p\u0159\u00edp. studenti slo\u017e\u00ed na za\u010d\u00e1tku \u0161koln\u00edho roku kauci, kter\u00e1 je jim vr\u00e1cena na konci \u0161koly, kdy se u\u010debnice vracej\u00ed. Pokud studenti nemaj\u00ed mo\u017enost bezplatn\u00e9 z\u00e1p\u016fj\u010dky, mohou si zakoupit ji\u017e pou\u017eit\u00e9 u\u010debnice v r\u00e1mci \u0161kolou organizovan\u00e9 burzy knih. Existuj\u00ed tak\u00e9 \u0161koly, kde studenti dostanou zdarma kartu s nabit\u00fdm kreditem, kter\u00e1 slou\u017e\u00ed k n\u00e1kupu nov\u00fdch u\u010debnic ve smluvn\u00edch knihkupectv\u00edch.<\/p>\n\n\n\n<h4 class=\"wp-block-heading\">N\u00e1vraty dom\u016f a pr\u00e1zdniny<\/h4>\n\n\n\n<p>\u010ce\u0161t\u00ed studenti se vracej\u00ed do \u010cesk\u00e9 republiky na \u0161koln\u00ed pr\u00e1zdniny. Celkem jsou ve Francii \u010dty\u0159i obdob\u00ed v\u011bt\u0161\u00edch pr\u00e1zdnin:<\/p>\n\n\n\n<ul class=\"wp-block-list\">\n<li>&nbsp;Du\u0161i\u010dky : 2 t\u00fddny<\/li>\n\n\n\n<li>&nbsp;V\u00e1noce : 2 t\u00fddny<\/li>\n\n\n\n<li>&nbsp;Zimn\u00ed : 2 t\u00fddny (\u00fanor-b\u0159ezen)<\/li>\n\n\n\n<li>&nbsp;Jaro : 2 t\u00fddny (duben-kv\u011bten)<\/li>\n<\/ul>\n\n\n\n<p>(Term\u00edny du\u0161i\u010dkov\u00fdch a v\u00e1no\u010dn\u00edch pr\u00e1zdnin jsou stejn\u00e9 pro celou Francii, zato zimn\u00ed a jarn\u00ed pr\u00e1zdniny se li\u0161\u00ed podle jednotliv\u00fdch akademi\u00ed \u2013 prostudujte si \u0161koln\u00ed&nbsp;<a href=\"https:\/\/www.vacances-scolaires-education.fr\/vacances-scolaires-2024-2025.html\" target=\"_blank\" rel=\"noreferrer noopener\">kalend\u00e1\u0159<\/a>).<\/p>\n\n\n\n<p>Upozor\u0148ujeme, \u017ee b\u011bhem \u0161koln\u00edch pr\u00e1zdnin intern\u00e1ty zav\u00edraj\u00ed, a studenti tak nemohou z\u016fstat ve Francii. \u010cty\u0159i p\u0159esuny do \u010cesk\u00e9 republiky a n\u00e1klady s nimi spojen\u00e9 doporu\u010dujeme rodi\u010d\u016fm pl\u00e1novat s \u010dasov\u00fdm p\u0159edstihem.<\/p>\n\n\n\n<p>N.B.: Ve Francii je \u0161koln\u00ed rok stanoven mnohem pevn\u011bji ne\u017e v \u010cesk\u00e9 republice. V\u011bt\u0161ina francouzsk\u00fdch \u0161kol tak netoleruje p\u0159\u00edli\u0161 \u010dastou absenci \u017e\u00e1k\u016f, a to plat\u00ed bez v\u00fdjimky i pro cizince. Doporu\u010dujeme v\u0161em rodi\u010d\u016fm, aby si harmonogram \u0161koln\u00edho roku prostudovali s p\u0159edstihem a v\u010das napl\u00e1novali p\u0159esuny sv\u00fdch d\u011bt\u00ed.<\/p>\n<\/details>\n\n\n\n<details class=\"wp-block-details is-layout-flow wp-block-details-is-layout-flow\"><summary>Studium v \u010cR (p\u0159eru\u0161en\u00ed studia \u010di IVP?)<\/summary>\n<p>Rozli\u0161uj\u00ed se dva p\u0159\u00edpady:<\/p>\n\n\n\n<ul class=\"wp-block-list\">\n<li>&nbsp;1. Student p\u0159eru\u0161\u00ed studium v \u010cR po dobu studia na lyceu ve Francii, tzn. \u017ee p\u0159estane b\u00fdt studentem sv\u00e9 kmenov\u00e9 \u0161koly. Po sv\u00e9m n\u00e1vratu do \u010cR student bu\u010f pokra\u010duje v tom ro\u010dn\u00edku, ve kter\u00e9m bylo vzd\u011bl\u00e1v\u00e1n\u00ed p\u0159eru\u0161eno, anebo pokra\u010duje se souhlasem \u0159editele \u0161koly ve vy\u0161\u0161\u00edm ro\u010dn\u00edku, prok\u00e1\u017ee-li odpov\u00eddaj\u00edc\u00ed znalosti (tzn. \u017ee pokra\u010duje se stejnou t\u0159\u00eddou, do kter\u00e9 chodil p\u0159edt\u00edm, ne\u017e odjel studovat do Francie). Odpov\u00eddaj\u00edc\u00ed znalosti se ov\u011b\u0159uj\u00ed formou rozd\u00edlov\u00fdch (\u201ekomision\u00e1ln\u00edch\u201c) zkou\u0161ek, a to v pr\u016fb\u011bhu \u0161koln\u00edho roku (nap\u0159. b\u011bhem pr\u00e1zdnin, kdy se student vrac\u00ed dom\u016f do \u010cR) nebo na konci letn\u00edch pr\u00e1zdnin resp. na za\u010d\u00e1tku nov\u00e9ho \u0161koln\u00edho roku. O tom, z jak\u00fdch p\u0159edm\u011bt\u016f student kon\u00e1 rozd\u00edlov\u00e9 zkou\u0161ky, rozhoduje \u0159editel \u0161koly. V\u0161echny pot\u0159ebn\u00e9 informace naleznete&nbsp;<a href=\"https:\/\/www.msmt.cz\/vzdelavani\/skolstvi-v-cr\/uznavani-kvalifikaci-studium-v-zahranici\" rel=\"noreferrer noopener\" target=\"_blank\">zde<\/a>.<\/li>\n\n\n\n<li>&nbsp;2. Student m\u00e1 individu\u00e1ln\u00ed vzd\u011bl\u00e1vac\u00ed pl\u00e1n, tzn. \u017ee studium v \u010cR nep\u0159eru\u0161uje a soub\u011b\u017en\u011b s v\u00fdukou na lyceu ve Francii pln\u00ed \u0161koln\u00ed povinnosti i v\u016f\u010di sv\u00e9 kmenov\u00e9 \u0161kole (nap\u0159. formou samostudia, e-mailov\u00fdch konzultac\u00ed s vyu\u010duj\u00edc\u00edm v \u010cR apod.). I v tomto p\u0159\u00edpad\u011b student kon\u00e1 rozd\u00edlov\u00e9 zkou\u0161ky z p\u0159edm\u011bt\u016f, kter\u00e9 stanov\u00ed \u0159editel \u0161koly.<\/li>\n<\/ul>\n\n\n\n<p>V ka\u017ed\u00e9m p\u0159\u00edpad\u011b je doporu\u010dov\u00e1no, aby si student, kter\u00fd od z\u00e1\u0159\u00ed nastoup\u00ed ke studiu na lyceum ve Francii, p\u0159edem dojednal s \u0159editelem sv\u00e9 \u0161koly, zda po dobu sv\u00e9ho studia na st\u0159edn\u00ed \u0161kole ve Francii bude p\u0159eru\u0161ovat studium v \u010cesk\u00e9 republice, nebo zda bude m\u00edt individu\u00e1ln\u00ed vzd\u011bl\u00e1vac\u00ed pl\u00e1n.<\/p>\n<\/details>\n<\/div><\/div>\n\n\n\n<div class=\"wp-block-group alignfull has-background\" style=\"background:linear-gradient(135deg,rgb(243,243,243) 0%,rgb(243,243,243) 100%)\"><div class=\"wp-block-group__inner-container is-layout-constrained wp-block-group-is-layout-constrained\">\n<div style=\"height:30px\" aria-hidden=\"true\" class=\"wp-block-spacer\"><\/div>\n\n\n\n<h2 class=\"wp-block-heading\"><mark style=\"background-color:rgba(0, 0, 0, 0)\" class=\"has-inline-color has-red-color\">Zku\u0161enosti<\/mark><\/h2>\n\n\n\n<div class=\"wp-block-columns is-layout-flex wp-container-core-columns-is-layout-9d6595d7 wp-block-columns-is-layout-flex\">\n<div class=\"wp-block-column is-layout-flow wp-block-column-is-layout-flow\" style=\"flex-basis:50%\">\n<h4 class=\"wp-block-heading has-text-align-center\">P\u0159\u00edb\u011bh Zory \u2013 \u0160koln\u00ed rok 2023-2024<\/h4>\n\n\n\n<p class=\"has-text-align-center\"><em>P\u0159e\u010dt\u011bte si p\u0159\u00edb\u011bh \u010desk\u00e9 studentky Zory, kter\u00e1 v roce 2023-2024 vycestovala na studijn\u00ed pobyt do Francie d\u00edky programu \u201eRok\u00a0ve\u00a0Francii\u201c.<\/em><\/p>\n\n\n\n<div class=\"wp-block-buttons is-content-justification-center is-layout-flex wp-container-core-buttons-is-layout-16018d1d wp-block-buttons-is-layout-flex\">\n<div class=\"wp-block-button\"><a class=\"wp-block-button__link wp-element-button\" href=\"https:\/\/www.alliancefrancaise.cz\/plzen\/rok-ve-francii-pribeh-zory-skolni-rok-2023-2024\/\">P\u0159e\u010d\u00edst sv\u011bdectv\u00ed<\/a><\/div>\n<\/div>\n<\/div>\n\n\n\n<div class=\"wp-block-column is-vertically-aligned-center is-layout-flow wp-block-column-is-layout-flow\" style=\"flex-basis:50%\"><\/div>\n<\/div>\n\n\n\n<div style=\"height:30px\" aria-hidden=\"true\" class=\"wp-block-spacer\"><\/div>\n<\/div><\/div>\n","protected":false},"excerpt":{"rendered":"<p>Co je Rok ve Francii ? \u010ce\u0161t\u00ed st\u0159edo\u0161kol\u00e1ci z Plze\u0148sk\u00e9ho kraje mohou odjet studovat na jeden \u0161koln\u00ed rok na partnerskou st\u0159edn\u00ed \u0161kolu do Francie. Bydl\u00ed zpravidla na intern\u00e1tu,&#8230;<\/p>\n","protected":false},"author":4,"featured_media":0,"parent":0,"menu_order":0,"comment_status":"closed","ping_status":"closed","template":"","meta":{"_acf_changed":false,"footnotes":""},"class_list":["post-7062","page","type-page","status-publish","hentry"],"acf":[],"_links":{"self":[{"href":"https:\/\/www.alliancefrancaise.cz\/plzen\/wp-json\/wp\/v2\/pages\/7062","targetHints":{"allow":["GET"]}}],"collection":[{"href":"https:\/\/www.alliancefrancaise.cz\/plzen\/wp-json\/wp\/v2\/pages"}],"about":[{"href":"https:\/\/www.alliancefrancaise.cz\/plzen\/wp-json\/wp\/v2\/types\/page"}],"author":[{"embeddable":true,"href":"https:\/\/www.alliancefrancaise.cz\/plzen\/wp-json\/wp\/v2\/users\/4"}],"replies":[{"embeddable":true,"href":"https:\/\/www.alliancefrancaise.cz\/plzen\/wp-json\/wp\/v2\/comments?post=7062"}],"version-history":[{"count":20,"href":"https:\/\/www.alliancefrancaise.cz\/plzen\/wp-json\/wp\/v2\/pages\/7062\/revisions"}],"predecessor-version":[{"id":16533,"href":"https:\/\/www.alliancefrancaise.cz\/plzen\/wp-json\/wp\/v2\/pages\/7062\/revisions\/16533"}],"wp:attachment":[{"href":"https:\/\/www.alliancefrancaise.cz\/plzen\/wp-json\/wp\/v2\/media?parent=7062"}],"curies":[{"name":"wp","href":"https:\/\/api.w.org\/{rel}","templated":true}]}}