{"id":7087,"date":"2024-03-07T09:32:56","date_gmt":"2024-03-07T08:32:56","guid":{"rendered":"https:\/\/www.alliancefrancaise.cz\/plzen\/?page_id=7087"},"modified":"2024-03-12T15:32:27","modified_gmt":"2024-03-12T14:32:27","slug":"preklady","status":"publish","type":"page","link":"https:\/\/www.alliancefrancaise.cz\/plzen\/preklady\/","title":{"rendered":"P\u0159eklady"},"content":{"rendered":"\n<div class=\"wp-block-group alignfull has-background\" style=\"background:linear-gradient(135deg,rgb(243,243,243) 0%,rgb(243,243,243) 100%)\"><div class=\"wp-block-group__inner-container is-layout-flow wp-block-group-is-layout-flow\">\n<div style=\"height:60px\" aria-hidden=\"true\" class=\"wp-block-spacer\"><\/div>\n\n\n\n<div class=\"wp-block-columns is-layout-flex wp-container-core-columns-is-layout-9d6595d7 wp-block-columns-is-layout-flex\">\n<div class=\"wp-block-column is-vertically-aligned-top is-layout-flow wp-block-column-is-layout-flow\"><div class=\"wp-block-image\">\n<figure class=\"alignleft size-full is-resized\"><img loading=\"lazy\" decoding=\"async\" width=\"1280\" height=\"853\" src=\"https:\/\/www.alliancefrancaise.cz\/plzen\/wp-content\/uploads\/2024\/03\/preklady.jpg\" alt=\"\" class=\"wp-image-7776\" style=\"object-fit:cover;width:530px;height:300px\" srcset=\"https:\/\/www.alliancefrancaise.cz\/plzen\/wp-content\/uploads\/2024\/03\/preklady.jpg 1280w, https:\/\/www.alliancefrancaise.cz\/plzen\/wp-content\/uploads\/2024\/03\/preklady-460x307.jpg 460w, https:\/\/www.alliancefrancaise.cz\/plzen\/wp-content\/uploads\/2024\/03\/preklady-768x512.jpg 768w, https:\/\/www.alliancefrancaise.cz\/plzen\/wp-content\/uploads\/2024\/03\/preklady-440x294.jpg 440w\" sizes=\"auto, (max-width: 1280px) 100vw, 1280px\" \/><\/figure>\n<\/div><\/div>\n\n\n\n<div class=\"wp-block-column is-vertically-aligned-center is-layout-flow wp-block-column-is-layout-flow\">\n<h2 class=\"wp-block-heading\"><strong>P\u0159eklady<\/strong><\/h2>\n\n\n\n<p>L\u2019Alliance Fran\u00e7aise de Plze\u0148 V\u00e1m nab\u00edz\u00ed p\u0159ekladatelsk\u00e9 slu\u017eby:<\/p>\n\n\n\n<ul class=\"wp-block-list\">\n<li>&nbsp;p\u0159eklady b\u011b\u017en\u00fdch i specializovan\u00fdch text\u016f: dopisy, \u010dl\u00e1nky, menu, pl\u00e1ny, prospekty, internetov\u00e9 str\u00e1nky ve francouz\u0161tin\u011b atd.<\/li>\n\n\n\n<li>&nbsp;korektury p\u0159eklad\u016f<\/li>\n\n\n\n<li>&nbsp;v\u0161echny na\u0161e p\u0159eklady jsou zkontrolov\u00e1ny a opraveny rodil\u00fdmi mluv\u010d\u00edmi (francouzsk\u00fdmi resp.\u010desk\u00fdmi).<\/li>\n<\/ul>\n<\/div>\n<\/div>\n\n\n\n<div style=\"height:30px\" aria-hidden=\"true\" class=\"wp-block-spacer\"><\/div>\n<\/div><\/div>\n\n\n\n<div class=\"wp-block-group alignfull has-white-background-color has-background\"><div class=\"wp-block-group__inner-container is-layout-flow wp-block-group-is-layout-flow\">\n<div style=\"height:30px\" aria-hidden=\"true\" class=\"wp-block-spacer\"><\/div>\n\n\n\n<div class=\"wp-block-columns is-layout-flex wp-container-core-columns-is-layout-9d6595d7 wp-block-columns-is-layout-flex\">\n<div class=\"wp-block-column is-vertically-aligned-center is-layout-flow wp-block-column-is-layout-flow\">\n<h2 class=\"wp-block-heading\"><strong>Tlumo\u010den\u00ed<\/strong><\/h2>\n\n\n\n<p>Nab\u00edz\u00edme V\u00e1m slu\u017eby tlumo\u010dn\u00edka na jednor\u00e1zov\u00e9 akce (sch\u016fze, konference, n\u00e1v\u0161t\u011bvy atd.)<\/p>\n\n\n\n<p>Cena tlumo\u010dnick\u00fdch slu\u017eeb se odv\u00edj\u00ed od konkr\u00e9tn\u00edch p\u0159\u00edpad\u016f a po\u017eadavk\u016f na specializaci tlumo\u010dn\u00edka.<\/p>\n\n\n\n<p>V p\u0159\u00edpad\u011b Va\u0161eho z\u00e1jmu V\u00e1m tuto cenu nez\u00e1vazn\u011b vypo\u010dteme. Pro dal\u0161\u00ed informace se na n\u00e1s kdykoliv obra\u0165te.<\/p>\n<\/div>\n\n\n\n<div class=\"wp-block-column is-vertically-aligned-center is-layout-flow wp-block-column-is-layout-flow\"><div class=\"wp-block-image\">\n<figure class=\"alignleft size-full is-resized\"><img loading=\"lazy\" decoding=\"async\" width=\"1280\" height=\"820\" src=\"https:\/\/www.alliancefrancaise.cz\/plzen\/wp-content\/uploads\/2024\/03\/tlumoceni.jpg\" alt=\"\" class=\"wp-image-7778\" style=\"object-fit:cover;width:530px;height:300px\" srcset=\"https:\/\/www.alliancefrancaise.cz\/plzen\/wp-content\/uploads\/2024\/03\/tlumoceni.jpg 1280w, https:\/\/www.alliancefrancaise.cz\/plzen\/wp-content\/uploads\/2024\/03\/tlumoceni-460x295.jpg 460w, https:\/\/www.alliancefrancaise.cz\/plzen\/wp-content\/uploads\/2024\/03\/tlumoceni-768x492.jpg 768w\" sizes=\"auto, (max-width: 1280px) 100vw, 1280px\" \/><\/figure>\n<\/div><\/div>\n<\/div>\n<\/div><\/div>\n","protected":false},"excerpt":{"rendered":"<p>P\u0159eklady L\u2019Alliance Fran\u00e7aise de Plze\u0148 V\u00e1m nab\u00edz\u00ed p\u0159ekladatelsk\u00e9 slu\u017eby: Tlumo\u010den\u00ed Nab\u00edz\u00edme V\u00e1m slu\u017eby tlumo\u010dn\u00edka na jednor\u00e1zov\u00e9 akce (sch\u016fze, konference, n\u00e1v\u0161t\u011bvy atd.) Cena tlumo\u010dnick\u00fdch slu\u017eeb se odv\u00edj\u00ed od konkr\u00e9tn\u00edch&#8230;<\/p>\n","protected":false},"author":4,"featured_media":0,"parent":0,"menu_order":0,"comment_status":"closed","ping_status":"closed","template":"","meta":{"_acf_changed":false,"footnotes":""},"class_list":["post-7087","page","type-page","status-publish","hentry"],"acf":[],"_links":{"self":[{"href":"https:\/\/www.alliancefrancaise.cz\/plzen\/wp-json\/wp\/v2\/pages\/7087","targetHints":{"allow":["GET"]}}],"collection":[{"href":"https:\/\/www.alliancefrancaise.cz\/plzen\/wp-json\/wp\/v2\/pages"}],"about":[{"href":"https:\/\/www.alliancefrancaise.cz\/plzen\/wp-json\/wp\/v2\/types\/page"}],"author":[{"embeddable":true,"href":"https:\/\/www.alliancefrancaise.cz\/plzen\/wp-json\/wp\/v2\/users\/4"}],"replies":[{"embeddable":true,"href":"https:\/\/www.alliancefrancaise.cz\/plzen\/wp-json\/wp\/v2\/comments?post=7087"}],"version-history":[{"count":3,"href":"https:\/\/www.alliancefrancaise.cz\/plzen\/wp-json\/wp\/v2\/pages\/7087\/revisions"}],"predecessor-version":[{"id":7780,"href":"https:\/\/www.alliancefrancaise.cz\/plzen\/wp-json\/wp\/v2\/pages\/7087\/revisions\/7780"}],"wp:attachment":[{"href":"https:\/\/www.alliancefrancaise.cz\/plzen\/wp-json\/wp\/v2\/media?parent=7087"}],"curies":[{"name":"wp","href":"https:\/\/api.w.org\/{rel}","templated":true}]}}