{"id":7152,"date":"2024-02-21T08:43:34","date_gmt":"2024-02-21T07:43:34","guid":{"rendered":"https:\/\/www.alliancefrancaise.cz\/plzen\/?page_id=7152"},"modified":"2024-03-14T08:54:07","modified_gmt":"2024-03-14T07:54:07","slug":"slevy-oxford","status":"publish","type":"page","link":"https:\/\/www.alliancefrancaise.cz\/plzen\/slevy-oxford\/","title":{"rendered":"Slevy Oxford Bookshop"},"content":{"rendered":"\n<div class=\"wp-block-columns is-layout-flex wp-container-core-columns-is-layout-9d6595d7 wp-block-columns-is-layout-flex\">\n<div class=\"wp-block-column is-layout-flow wp-block-column-is-layout-flow\"><div class=\"wp-block-image\">\n<figure class=\"aligncenter size-full is-resized\"><img loading=\"lazy\" decoding=\"async\" width=\"940\" height=\"788\" src=\"https:\/\/www.alliancefrancaise.cz\/plzen\/wp-content\/uploads\/2024\/02\/Lahodna-prosincova-nabidka_FB-1.png\" alt=\"\" class=\"wp-image-7156\" style=\"width:418px;height:auto\" srcset=\"https:\/\/www.alliancefrancaise.cz\/plzen\/wp-content\/uploads\/2024\/02\/Lahodna-prosincova-nabidka_FB-1.png 940w, https:\/\/www.alliancefrancaise.cz\/plzen\/wp-content\/uploads\/2024\/02\/Lahodna-prosincova-nabidka_FB-1-460x386.png 460w, https:\/\/www.alliancefrancaise.cz\/plzen\/wp-content\/uploads\/2024\/02\/Lahodna-prosincova-nabidka_FB-1-768x644.png 768w\" sizes=\"auto, (max-width: 940px) 100vw, 940px\" \/><\/figure>\n<\/div><\/div>\n\n\n\n<div class=\"wp-block-column is-vertically-aligned-center is-layout-flow wp-block-column-is-layout-flow\">\n<h2 class=\"wp-block-heading\"><mark style=\"background-color:rgba(0, 0, 0, 0)\" class=\"has-inline-color has-color-text-color\">Oxford Bookshop: 10% sleva<\/mark><\/h2>\n\n\n\n<p>\ud83d\udcda V r\u00e1mci spolupr\u00e1ce s knihkupectv\u00edm Oxford Bookshop Plze\u0148 dostanou na\u0161i \u010dlenov\u00e9&nbsp;<strong>slevu 10&nbsp;% na cel\u00fd n\u00e1kup<\/strong>. Sta\u010d\u00ed se jen prok\u00e1zat&nbsp;<strong>\u010dlenskou karti\u010dkou<\/strong>, kter\u00e1 je k vyzvednut\u00ed na recepci AF b\u011bhem otev\u00edra\u010dky.\ud83d\ude09<\/p>\n\n\n\n<ul class=\"wp-block-list\">\n<li>\u00a0<a href=\"https:\/\/www.megabooks.cz\/plzen\" target=\"_blank\" rel=\"noreferrer noopener\">https:\/\/www.megabooks.cz\/plzen<\/a><\/li>\n\n\n\n<li>\u00a0<a href=\"https:\/\/www.facebook.com\/Oxford-Bookshop-1829565913720610\/\" target=\"_blank\" rel=\"noreferrer noopener\">https:\/\/www.facebook.com\/Oxford-Bookshop<\/a><\/li>\n<\/ul>\n<\/div>\n<\/div>\n","protected":false},"excerpt":{"rendered":"<p>Oxford Bookshop: 10% sleva \ud83d\udcda V r\u00e1mci spolupr\u00e1ce s knihkupectv\u00edm Oxford Bookshop Plze\u0148 dostanou na\u0161i \u010dlenov\u00e9&nbsp;slevu 10&nbsp;% na cel\u00fd n\u00e1kup. Sta\u010d\u00ed se jen prok\u00e1zat&nbsp;\u010dlenskou karti\u010dkou, kter\u00e1 je k&#8230;<\/p>\n","protected":false},"author":4,"featured_media":0,"parent":0,"menu_order":0,"comment_status":"closed","ping_status":"closed","template":"","meta":{"_acf_changed":false,"footnotes":""},"class_list":["post-7152","page","type-page","status-publish","hentry"],"acf":[],"_links":{"self":[{"href":"https:\/\/www.alliancefrancaise.cz\/plzen\/wp-json\/wp\/v2\/pages\/7152","targetHints":{"allow":["GET"]}}],"collection":[{"href":"https:\/\/www.alliancefrancaise.cz\/plzen\/wp-json\/wp\/v2\/pages"}],"about":[{"href":"https:\/\/www.alliancefrancaise.cz\/plzen\/wp-json\/wp\/v2\/types\/page"}],"author":[{"embeddable":true,"href":"https:\/\/www.alliancefrancaise.cz\/plzen\/wp-json\/wp\/v2\/users\/4"}],"replies":[{"embeddable":true,"href":"https:\/\/www.alliancefrancaise.cz\/plzen\/wp-json\/wp\/v2\/comments?post=7152"}],"version-history":[{"count":5,"href":"https:\/\/www.alliancefrancaise.cz\/plzen\/wp-json\/wp\/v2\/pages\/7152\/revisions"}],"predecessor-version":[{"id":7881,"href":"https:\/\/www.alliancefrancaise.cz\/plzen\/wp-json\/wp\/v2\/pages\/7152\/revisions\/7881"}],"wp:attachment":[{"href":"https:\/\/www.alliancefrancaise.cz\/plzen\/wp-json\/wp\/v2\/media?parent=7152"}],"curies":[{"name":"wp","href":"https:\/\/api.w.org\/{rel}","templated":true}]}}