{"id":7159,"date":"2024-02-16T15:42:13","date_gmt":"2024-02-16T14:42:13","guid":{"rendered":"https:\/\/www.alliancefrancaise.cz\/plzen\/?page_id=7159"},"modified":"2024-03-20T15:18:28","modified_gmt":"2024-03-20T14:18:28","slug":"frantastique","status":"publish","type":"page","link":"https:\/\/www.alliancefrancaise.cz\/plzen\/frantastique\/","title":{"rendered":"Frantastique"},"content":{"rendered":"\n<div class=\"wp-block-group alignfull has-background\" style=\"background:linear-gradient(135deg,rgb(243,243,243) 0%,rgb(243,243,243) 100%)\"><div class=\"wp-block-group__inner-container is-layout-flow wp-block-group-is-layout-flow\">\n<div style=\"height:70px\" aria-hidden=\"true\" class=\"wp-block-spacer\"><\/div>\n\n\n\n<div class=\"wp-block-columns are-vertically-aligned-center is-layout-flex wp-container-core-columns-is-layout-9d6595d7 wp-block-columns-is-layout-flex\">\n<div class=\"wp-block-column is-layout-flow wp-block-column-is-layout-flow\" style=\"flex-basis:100%\">\n<p class=\"has-text-color\" style=\"color:#000000\"><em>Objevte Frantastique, snadno pou\u017eitelnou aplikaci pro prohlouben\u00ed a upevn\u011bn\u00ed znalost\u00ed francouz\u0161tiny vedle v\u00fduky. <strong>Registrac\u00ed na na\u0161ich webov\u00fdch str\u00e1nk\u00e1ch z\u00edsk\u00e1te jeden m\u011bs\u00edc zdarma<\/strong> bez jak\u00fdchkoli z\u00e1vazk\u016f, abyste objevili Frantastique. Zaregistrujte se p\u0159\u00edmo n\u00ed\u017ee.<\/em><\/p>\n<\/div>\n<\/div>\n\n\n\n<div class=\"wp-block-columns is-layout-flex wp-container-core-columns-is-layout-9d6595d7 wp-block-columns-is-layout-flex\">\n<div class=\"wp-block-column is-vertically-aligned-top is-layout-flow wp-block-column-is-layout-flow\">\n<h3 class=\"wp-block-heading\"><mark style=\"background-color:rgba(0, 0, 0, 0)\" class=\"has-inline-color has-red-color\">Frantastique, co to je?<\/mark><\/h3>\n\n\n\n<p>Je to snadno pou\u017eiteln\u00e1 aplikace, se kterou si m\u016f\u017eete roz\u0161\u00ed\u0159it znalosti francouz\u0161tiny, nad r\u00e1mec Va\u0161ich lekc\u00ed. Je p\u0159\u00edstupn\u00e1&nbsp;<strong>od \u00farovn\u011b A1 do \u00farovn\u011b C2<\/strong>&nbsp;na chytr\u00e9m telefonu, tabletu nebo po\u010d\u00edta\u010di.<\/p>\n<\/div>\n\n\n\n<div class=\"wp-block-column is-layout-flow wp-block-column-is-layout-flow\">\n<h3 class=\"wp-block-heading\"><mark style=\"background-color:rgba(0, 0, 0, 0)\" class=\"has-inline-color has-red-color\">Jak to funguje?<\/mark><\/h3>\n\n\n\n<p>V\u0161ichni m\u00e1me&nbsp;<strong>denn\u011b 15 minut<\/strong>&nbsp;voln\u00e9ho \u010dasu. M\u016f\u017eete je dob\u0159e vyu\u017e\u00edt t\u00edm, \u017ee se nau\u010d\u00edte jednu lekci s Frantastique. Ka\u017ed\u00fd den je nab\u00edzen z\u00e1bavn\u00fd a motivuj\u00edc\u00ed kurz dopln\u011bn\u00fd p\u00edsemn\u00fdm, zvukov\u00fdm nebo video obsahem. Ka\u017ed\u00fd kurz je personalizovan\u00fd a p\u0159izp\u016fsoben\u00fd Va\u0161\u00ed jazykov\u00e9 \u00farovni. Na konci cel\u00e9ho kurzu obdr\u017e\u00edte sv\u016fj certifikovan\u00fd diplom se v\u0161emi statistikami \u00farovn\u00ed, postupu a \u00fa\u010dasti.<\/p>\n<\/div>\n<\/div>\n\n\n\n<div style=\"height:40px\" aria-hidden=\"true\" class=\"wp-block-spacer\"><\/div>\n<\/div><\/div>\n\n\n\n<div id=\"a9-parent-iframe\" data-src=\"https:\/\/www.gymglish.com\/partner\/mfgcrewain\/61393\/iframe\"><\/div>\n    <script>\n        (function(){\n            var js = document.createElement('script');\n            js.type='text\/javascript';\n            js.src='https:\/\/www.gymglish.com\/static\/scripts\/partner-iframe.min.js';\n            var s = document.getElementsByTagName('script')[0];\n            s.parentNode.insertBefore(js, s);\n        })();\n    <\/script>\n","protected":false},"excerpt":{"rendered":"<p>Objevte Frantastique, snadno pou\u017eitelnou aplikaci pro prohlouben\u00ed a upevn\u011bn\u00ed znalost\u00ed francouz\u0161tiny vedle v\u00fduky. Registrac\u00ed na na\u0161ich webov\u00fdch str\u00e1nk\u00e1ch z\u00edsk\u00e1te jeden m\u011bs\u00edc zdarma bez jak\u00fdchkoli z\u00e1vazk\u016f, abyste objevili Frantastique&#8230;.<\/p>\n","protected":false},"author":4,"featured_media":0,"parent":0,"menu_order":0,"comment_status":"closed","ping_status":"closed","template":"","meta":{"_acf_changed":false,"footnotes":""},"class_list":["post-7159","page","type-page","status-publish","hentry"],"acf":[],"_links":{"self":[{"href":"https:\/\/www.alliancefrancaise.cz\/plzen\/wp-json\/wp\/v2\/pages\/7159","targetHints":{"allow":["GET"]}}],"collection":[{"href":"https:\/\/www.alliancefrancaise.cz\/plzen\/wp-json\/wp\/v2\/pages"}],"about":[{"href":"https:\/\/www.alliancefrancaise.cz\/plzen\/wp-json\/wp\/v2\/types\/page"}],"author":[{"embeddable":true,"href":"https:\/\/www.alliancefrancaise.cz\/plzen\/wp-json\/wp\/v2\/users\/4"}],"replies":[{"embeddable":true,"href":"https:\/\/www.alliancefrancaise.cz\/plzen\/wp-json\/wp\/v2\/comments?post=7159"}],"version-history":[{"count":14,"href":"https:\/\/www.alliancefrancaise.cz\/plzen\/wp-json\/wp\/v2\/pages\/7159\/revisions"}],"predecessor-version":[{"id":8131,"href":"https:\/\/www.alliancefrancaise.cz\/plzen\/wp-json\/wp\/v2\/pages\/7159\/revisions\/8131"}],"wp:attachment":[{"href":"https:\/\/www.alliancefrancaise.cz\/plzen\/wp-json\/wp\/v2\/media?parent=7159"}],"curies":[{"name":"wp","href":"https:\/\/api.w.org\/{rel}","templated":true}]}}