{"id":7171,"date":"2024-02-21T08:24:05","date_gmt":"2024-02-21T07:24:05","guid":{"rendered":"https:\/\/www.alliancefrancaise.cz\/plzen\/?page_id=7171"},"modified":"2025-01-15T15:26:13","modified_gmt":"2025-01-15T14:26:13","slug":"knihovna","status":"publish","type":"page","link":"https:\/\/www.alliancefrancaise.cz\/plzen\/knihovna\/","title":{"rendered":"Knihovna"},"content":{"rendered":"\n<div class=\"wp-block-group alignfull has-background\" style=\"background:linear-gradient(135deg,rgb(243,243,243) 0%,rgb(243,243,243) 100%)\"><div class=\"wp-block-group__inner-container is-layout-flow wp-block-group-is-layout-flow\">\n<div style=\"height:60px\" aria-hidden=\"true\" class=\"wp-block-spacer\"><\/div>\n\n\n\n<div class=\"wp-block-columns is-layout-flex wp-container-core-columns-is-layout-9d6595d7 wp-block-columns-is-layout-flex\">\n<div class=\"wp-block-column is-vertically-aligned-top is-layout-flow wp-block-column-is-layout-flow\">\n<figure class=\"wp-block-image size-full\"><img loading=\"lazy\" decoding=\"async\" width=\"600\" height=\"300\" src=\"https:\/\/www.alliancefrancaise.cz\/plzen\/wp-content\/uploads\/2024\/02\/knihovna.jpg\" alt=\"\" class=\"wp-image-7172\" srcset=\"https:\/\/www.alliancefrancaise.cz\/plzen\/wp-content\/uploads\/2024\/02\/knihovna.jpg 600w, https:\/\/www.alliancefrancaise.cz\/plzen\/wp-content\/uploads\/2024\/02\/knihovna-460x230.jpg 460w\" sizes=\"auto, (max-width: 600px) 100vw, 600px\" \/><\/figure>\n<\/div>\n\n\n\n<div class=\"wp-block-column is-vertically-aligned-center is-layout-flow wp-block-column-is-layout-flow\">\n<h2 class=\"wp-block-heading\">Ve Francouzsk\u00e9 alianci<\/h2>\n\n\n\n<p><strong>P\u0159ij\u010fte se pod\u00edvat do knihovny Alliance francaise de Plze\u0148!<\/strong><br>DVD, komiksy, zjednodu\u0161en\u00e1 \u010detba, rom\u00e1ny, kn\u00ed\u017eky pro d\u011bti,&#8230; U n\u00e1s najdete to prav\u00e9 bohatstv\u00ed z frankofonn\u00ed literatury!<\/p>\n<\/div>\n<\/div>\n\n\n\n<div style=\"height:30px\" aria-hidden=\"true\" class=\"wp-block-spacer\"><\/div>\n<\/div><\/div>\n\n\n\n<div class=\"wp-block-group alignfull has-white-background-color has-background\"><div class=\"wp-block-group__inner-container is-layout-flow wp-block-group-is-layout-flow\">\n<div style=\"height:30px\" aria-hidden=\"true\" class=\"wp-block-spacer\"><\/div>\n\n\n\n<div class=\"wp-block-columns is-layout-flex wp-container-core-columns-is-layout-9d6595d7 wp-block-columns-is-layout-flex\">\n<div class=\"wp-block-column is-vertically-aligned-center is-layout-flow wp-block-column-is-layout-flow\">\n<h2 class=\"wp-block-heading\">Cultureth\u00e8que<\/h2>\n\n\n\n<p>Jde o digit\u00e1ln\u00ed knihovnu, kter\u00e1 nab\u00edz\u00ed kolem 70 000 \u010dasopis\u016f, knih, komiks\u016f, \u017eiv\u00fdch koncert\u016f, audio nahr\u00e1vek, namluven\u00fdch knih, film\u016f, dokument\u016f a mnoho dal\u0161\u00edho.<\/p>\n\n\n\n<p>P\u0159\u00edstup v\u00e1m zajist\u00edme u n\u00e1s v Alliance Fran\u00e7aise de Plze\u0148. Ro\u010dn\u00ed p\u0159edplatn\u00e9 stoj\u00ed 150 K\u010d,&nbsp;<strong>pro na\u0161e \u010dleny zdarma!<\/strong><\/p>\n\n\n\n<p>Kontaktujte n\u00e1s na:\u00a0<a href=\"mailto:cgomez@alliancefrancaise.cz\">cgomez@alliancefrancaise.cz<\/a><\/p>\n<\/div>\n\n\n\n<div class=\"wp-block-column is-vertically-aligned-center is-layout-flow wp-block-column-is-layout-flow\">\n<figure class=\"wp-block-image size-full\"><img loading=\"lazy\" decoding=\"async\" width=\"640\" height=\"302\" src=\"https:\/\/www.alliancefrancaise.cz\/plzen\/wp-content\/uploads\/2024\/02\/culturtheque_bibilotheque-2-763e9-e1709047157319.png\" alt=\"\" class=\"wp-image-7174\" srcset=\"https:\/\/www.alliancefrancaise.cz\/plzen\/wp-content\/uploads\/2024\/02\/culturtheque_bibilotheque-2-763e9-e1709047157319.png 640w, https:\/\/www.alliancefrancaise.cz\/plzen\/wp-content\/uploads\/2024\/02\/culturtheque_bibilotheque-2-763e9-e1709047157319-460x217.png 460w\" sizes=\"auto, (max-width: 640px) 100vw, 640px\" \/><\/figure>\n<\/div>\n<\/div>\n\n\n\n<div style=\"height:40px\" aria-hidden=\"true\" class=\"wp-block-spacer\"><\/div>\n<\/div><\/div>\n\n\n\n<p><\/p>\n","protected":false},"excerpt":{"rendered":"<p>Ve Francouzsk\u00e9 alianci P\u0159ij\u010fte se pod\u00edvat do knihovny Alliance francaise de Plze\u0148!DVD, komiksy, zjednodu\u0161en\u00e1 \u010detba, rom\u00e1ny, kn\u00ed\u017eky pro d\u011bti,&#8230; U n\u00e1s najdete to prav\u00e9 bohatstv\u00ed z frankofonn\u00ed literatury!&#8230;<\/p>\n","protected":false},"author":4,"featured_media":0,"parent":0,"menu_order":0,"comment_status":"closed","ping_status":"closed","template":"","meta":{"_acf_changed":false,"footnotes":""},"class_list":["post-7171","page","type-page","status-publish","hentry"],"acf":[],"_links":{"self":[{"href":"https:\/\/www.alliancefrancaise.cz\/plzen\/wp-json\/wp\/v2\/pages\/7171","targetHints":{"allow":["GET"]}}],"collection":[{"href":"https:\/\/www.alliancefrancaise.cz\/plzen\/wp-json\/wp\/v2\/pages"}],"about":[{"href":"https:\/\/www.alliancefrancaise.cz\/plzen\/wp-json\/wp\/v2\/types\/page"}],"author":[{"embeddable":true,"href":"https:\/\/www.alliancefrancaise.cz\/plzen\/wp-json\/wp\/v2\/users\/4"}],"replies":[{"embeddable":true,"href":"https:\/\/www.alliancefrancaise.cz\/plzen\/wp-json\/wp\/v2\/comments?post=7171"}],"version-history":[{"count":11,"href":"https:\/\/www.alliancefrancaise.cz\/plzen\/wp-json\/wp\/v2\/pages\/7171\/revisions"}],"predecessor-version":[{"id":15309,"href":"https:\/\/www.alliancefrancaise.cz\/plzen\/wp-json\/wp\/v2\/pages\/7171\/revisions\/15309"}],"wp:attachment":[{"href":"https:\/\/www.alliancefrancaise.cz\/plzen\/wp-json\/wp\/v2\/media?parent=7171"}],"curies":[{"name":"wp","href":"https:\/\/api.w.org\/{rel}","templated":true}]}}