{"id":7386,"date":"2024-02-27T15:42:56","date_gmt":"2024-02-27T14:42:56","guid":{"rendered":"https:\/\/www.alliancefrancaise.cz\/plzen\/?page_id=7386"},"modified":"2025-06-11T10:18:20","modified_gmt":"2025-06-11T08:18:20","slug":"chci-se-stat-clenem","status":"publish","type":"page","link":"https:\/\/www.alliancefrancaise.cz\/plzen\/chci-se-stat-clenem\/","title":{"rendered":"\u010clenstv\u00ed a v\u00fdhody"},"content":{"rendered":"\n<div class=\"wp-block-group alignfull\"><div class=\"wp-block-group__inner-container is-layout-flow wp-block-group-is-layout-flow\">\n<div class=\"wp-block-columns is-layout-flex wp-container-core-columns-is-layout-9d6595d7 wp-block-columns-is-layout-flex\">\n<div class=\"wp-block-column is-vertically-aligned-top is-layout-flow wp-block-column-is-layout-flow\" style=\"flex-basis:30%\"><div class=\"wp-block-image\">\n<figure class=\"aligncenter size-full\"><img loading=\"lazy\" decoding=\"async\" width=\"1594\" height=\"886\" src=\"https:\/\/www.alliancefrancaise.cz\/plzen\/wp-content\/uploads\/2024\/02\/1.png\" alt=\"\" class=\"wp-image-7396\" srcset=\"https:\/\/www.alliancefrancaise.cz\/plzen\/wp-content\/uploads\/2024\/02\/1.png 1594w, https:\/\/www.alliancefrancaise.cz\/plzen\/wp-content\/uploads\/2024\/02\/1-460x256.png 460w, https:\/\/www.alliancefrancaise.cz\/plzen\/wp-content\/uploads\/2024\/02\/1-1360x756.png 1360w, https:\/\/www.alliancefrancaise.cz\/plzen\/wp-content\/uploads\/2024\/02\/1-768x427.png 768w\" sizes=\"auto, (max-width: 1594px) 100vw, 1594px\" \/><\/figure>\n<\/div><\/div>\n\n\n\n<div class=\"wp-block-column is-layout-flow wp-block-column-is-layout-flow\" style=\"flex-basis:35%\">\n<h2 class=\"wp-block-heading\">Pro\u010d se st\u00e1t \u010dlenem?<\/h2>\n\n\n\n<p>\u010clenstv\u00edm v Alliance Fran\u00e7aise de Plze\u0148 <strong>podpo\u0159\u00edte neziskovou organizaci<\/strong>, kter\u00e1 p\u0159isp\u00edv\u00e1 k \u0161\u00ed\u0159en\u00ed francouzsk\u00e9ho jazyka a francouzsk\u00e9 a frankofonn\u00ed kultury a k obohacov\u00e1n\u00ed vztah\u016f mezi \u010ceskou republikou a Franci\u00ed.<\/p>\n<\/div>\n\n\n\n<div class=\"wp-block-column is-layout-flow wp-block-column-is-layout-flow\" style=\"flex-basis:35%\">\n<h2 class=\"wp-block-heading\">Moje v\u00fdhody:<\/h2>\n\n\n\n<ul class=\"wp-block-list\">\n<li>zdarma registraci do&nbsp;<a href=\"https:\/\/www.alliancefrancaise.cz\/plzen\/knihovna\/\" data-type=\"page\" data-id=\"7171\"><strong>knihovny<\/strong> Alliance Fran\u00e7aise de Plze\u0148<\/a><\/li>\n\n\n\n<li>zdarma registraci do&nbsp;<a href=\"https:\/\/www.alliancefrancaise.cz\/plzen\/knihovna\/\" data-type=\"page\" data-id=\"7171\">digit\u00e1ln\u00ed knihovny <strong>Cultureth\u00e8que<\/strong><\/a><\/li>\n\n\n\n<li><a href=\"https:\/\/www.alliancefrancaise.cz\/plzen\/slevy\/\" data-type=\"page\" data-id=\"7152\">10&nbsp;% na cel\u00fd n\u00e1kup<\/a>&nbsp;v <strong>Oxford Bookshop<\/strong> Plze\u0148<\/li>\n\n\n\n<li><a href=\"https:\/\/www.alliancefrancaise.cz\/plzen\/sleva-ve-fine-france-plzen\/\" data-type=\"page\" data-id=\"8159\">10% slevu na n\u00e1kup a konzumaci ve <strong>Fine France<\/strong>, Plze\u0148<\/a><\/li>\n\n\n\n<li><strong>sn\u00ed\u017een\u00e9 ceny<\/strong> na n\u011bkter\u00e9 z na\u0161ich akc\u00ed<\/li>\n\n\n\n<li>\u00fa\u010dast a hlasov\u00e1n\u00ed na <strong>valn\u00e9 hromad\u011b<\/strong><\/li>\n<\/ul>\n<\/div>\n<\/div>\n\n\n\n<p>\u010clenov\u00e9 Alliance Fran\u00e7aise de Plze\u0148 se zavazuj\u00ed respektovat&nbsp;<a href=\"https:\/\/www.alliancefrancaise.cz\/plzen\/wp-content\/uploads\/2024\/02\/Stanovy_spolku-statut-AFPLZEN.pdf\" data-type=\"attachment\" data-id=\"6889\" target=\"_blank\" rel=\"noreferrer noopener\">Stanovy spolku<\/a>.<\/p>\n<\/div><\/div>\n\n\n\n<div class=\"wp-block-group alignfull has-background\" style=\"background:linear-gradient(135deg,rgb(243,243,243) 0%,rgb(243,243,243) 100%)\"><div class=\"wp-block-group__inner-container is-layout-constrained wp-block-group-is-layout-constrained\">\n<div style=\"height:30px\" aria-hidden=\"true\" class=\"wp-block-spacer\"><\/div>\n\n\n\n<div class=\"wp-block-columns is-layout-flex wp-container-core-columns-is-layout-9d6595d7 wp-block-columns-is-layout-flex\">\n<div class=\"wp-block-column is-layout-flow wp-block-column-is-layout-flow\">\n<h2 class=\"wp-block-heading\"><mark style=\"background-color:rgba(0, 0, 0, 0)\" class=\"has-inline-color has-red-color\">Jak se m\u016f\u017eu st\u00e1t \u010dlenem Alliance Fran\u00e7aise de Plze\u0148?<\/mark><\/h2>\n\n\n\n<div class=\"wp-block-columns is-layout-flex wp-container-core-columns-is-layout-9d6595d7 wp-block-columns-is-layout-flex\">\n<div class=\"wp-block-column is-layout-flow wp-block-column-is-layout-flow\">\n<p>To je snadn\u00e9! Sta\u010d\u00ed si st\u00e1hnout, vyplnit a podepsat tuto&nbsp;<a href=\"https:\/\/www.alliancefrancaise.cz\/plzen\/wp-content\/uploads\/2024\/02\/prihlaska_clena_spolku-inscription_membre-afplzen.pdf\" data-type=\"attachment\" data-id=\"6887\" target=\"_blank\" rel=\"noreferrer noopener\">p\u0159ihl\u00e1\u0161ku<\/a>&nbsp;a zaslat ji e-mailem na adresu&nbsp;<a href=\"mailto:direction.plzen@alliancefrancaise.cz\">direction.plzen@alliancefrancaise.cz<\/a>&nbsp;nebo ji odevzdat osobn\u011b na na\u0161em sekretari\u00e1tu b\u011bhem&nbsp;otev\u00edrac\u00edch hodin.<\/p>\n\n\n\n<p><strong>\u0158\u00e1dn\u00ed \u010dlenov\u00e9 hrad\u00ed \u010dlensk\u00e9 p\u0159\u00edsp\u011bvky.<\/strong><\/p>\n\n\n\n<p>V\u00fd\u0161i \u010dlensk\u00e9ho p\u0159\u00edsp\u011bvku stanov\u00ed V\u00fdbor spolku s platnost\u00ed v\u017edy pro obdob\u00ed <strong>od 1.z\u00e1\u0159\u00ed do 30. srpna n\u00e1sleduj\u00edc\u00edho kalend\u00e1\u0159n\u00edho roku p\u0159edem.<\/strong><\/p>\n\n\n\n<p><strong>V\u00fd\u0161e ro\u010dn\u00edho \u010dlensk\u00e9ho p\u0159\u00edsp\u011bvku \u010din\u00ed:<\/strong> &nbsp;300,- K\u010d<\/p>\n<\/div>\n\n\n\n<div class=\"wp-block-column is-layout-flow wp-block-column-is-layout-flow\">\n<p>\u010clensk\u00fd p\u0159\u00edsp\u011bvek lze uhradit v hotovosti na sekretari\u00e1tu, nebo bankovn\u00edm p\u0159evodem na \u00fa\u010det spolku:<\/p>\n\n\n\n<p><strong>\u010c\u00edslo \u00fa\u010dtu<\/strong>: 4934361\/0100<br><strong>Variabiln\u00ed symbol<\/strong>: 333<br><strong>Zpr\u00e1va pro p\u0159\u00edjemce<\/strong>: \u010clen + jm\u00e9no a p\u0159\u00edjmen\u00ed<\/p>\n<\/div>\n<\/div>\n\n\n\n<p>D\u011bkujeme v\u00e1m p\u0159edem za v\u00e1\u0161 p\u0159\u00edpadn\u00fd z\u00e1jem o \u010dlenstv\u00ed v na\u0161\u00ed Alliance Fran\u00e7aise de Plze\u0148 a v p\u0159\u00edpad\u011b dopl\u0148uj\u00edc\u00edch dotaz\u016f ohledn\u011b \u010dlenstv\u00ed, na\u0161ich aktivit apod. se nev\u00e1hejte na n\u00e1s kdykoliv obr\u00e1tit!<\/p>\n\n\n\n<div style=\"height:30px\" aria-hidden=\"true\" class=\"wp-block-spacer\"><\/div>\n<\/div>\n<\/div>\n<\/div><\/div>\n\n\n\n<div class=\"wp-block-group\"><div class=\"wp-block-group__inner-container is-layout-constrained wp-block-group-is-layout-constrained\">\n<h2 class=\"wp-block-heading\"><strong><mark style=\"background-color:rgba(0, 0, 0, 0)\" class=\"has-inline-color has-red-color\">Ke sta\u017een\u00ed:<\/mark><\/strong><\/h2>\n\n\n<div id=\"dokumenty-block_cf99b8a273343b5e5549b8dde60c895c\" class=\"dokumenty row mt-5\">\n    \n    <div class=\"col-md-3 col-6 boxDokumentu text-center animTop mb-5\">\n        <a class=\"text-decoration-none\" href=\"https:\/\/www.alliancefrancaise.cz\/plzen\/wp-content\/uploads\/2024\/02\/prihlaska_clena_spolku-inscription_membre-afplzen.pdf\" target=\"_blank\"\n            rel=\"noopener noreferrer\">\n            <div class=\"coverDokuemntu\"><img decoding=\"async\" src=\"https:\/\/www.alliancefrancaise.cz\/plzen\/wp-content\/themes\/propagon\/img\/svg\/icon-file.svg\" alt=\"soubor\"><\/div>\n            <div class=\"nazevDokumentu fw-bold mt-3\">P\u0159ihl\u00e1\u0161ka \u010dlena spolku Alliance Fran\u00e7aise de Plze\u0148<\/div>\n            <div class=\"text-body\">\n                115,68 KB            <\/div>\n        <\/a>\n    <\/div>\n    \n    <div class=\"col-md-3 col-6 boxDokumentu text-center animTop mb-5\">\n        <a class=\"text-decoration-none\" href=\"https:\/\/www.alliancefrancaise.cz\/plzen\/wp-content\/uploads\/2024\/02\/Stanovy_spolku-statut-AFPLZEN.pdf\" target=\"_blank\"\n            rel=\"noopener noreferrer\">\n            <div class=\"coverDokuemntu\"><img decoding=\"async\" src=\"https:\/\/www.alliancefrancaise.cz\/plzen\/wp-content\/themes\/propagon\/img\/svg\/icon-file.svg\" alt=\"soubor\"><\/div>\n            <div class=\"nazevDokumentu fw-bold mt-3\">Stanovy spolku<\/div>\n            <div class=\"text-body\">\n                2,24 MB            <\/div>\n        <\/a>\n    <\/div>\n    <\/div>\n<\/div><\/div>\n","protected":false},"excerpt":{"rendered":"<p>Pro\u010d se st\u00e1t \u010dlenem? \u010clenstv\u00edm v Alliance Fran\u00e7aise de Plze\u0148 podpo\u0159\u00edte neziskovou organizaci, kter\u00e1 p\u0159isp\u00edv\u00e1 k \u0161\u00ed\u0159en\u00ed francouzsk\u00e9ho jazyka a francouzsk\u00e9 a frankofonn\u00ed kultury a k obohacov\u00e1n\u00ed vztah\u016f&#8230;<\/p>\n","protected":false},"author":4,"featured_media":0,"parent":0,"menu_order":0,"comment_status":"closed","ping_status":"closed","template":"","meta":{"_acf_changed":false,"footnotes":""},"class_list":["post-7386","page","type-page","status-publish","hentry"],"acf":[],"_links":{"self":[{"href":"https:\/\/www.alliancefrancaise.cz\/plzen\/wp-json\/wp\/v2\/pages\/7386","targetHints":{"allow":["GET"]}}],"collection":[{"href":"https:\/\/www.alliancefrancaise.cz\/plzen\/wp-json\/wp\/v2\/pages"}],"about":[{"href":"https:\/\/www.alliancefrancaise.cz\/plzen\/wp-json\/wp\/v2\/types\/page"}],"author":[{"embeddable":true,"href":"https:\/\/www.alliancefrancaise.cz\/plzen\/wp-json\/wp\/v2\/users\/4"}],"replies":[{"embeddable":true,"href":"https:\/\/www.alliancefrancaise.cz\/plzen\/wp-json\/wp\/v2\/comments?post=7386"}],"version-history":[{"count":19,"href":"https:\/\/www.alliancefrancaise.cz\/plzen\/wp-json\/wp\/v2\/pages\/7386\/revisions"}],"predecessor-version":[{"id":15592,"href":"https:\/\/www.alliancefrancaise.cz\/plzen\/wp-json\/wp\/v2\/pages\/7386\/revisions\/15592"}],"wp:attachment":[{"href":"https:\/\/www.alliancefrancaise.cz\/plzen\/wp-json\/wp\/v2\/media?parent=7386"}],"curies":[{"name":"wp","href":"https:\/\/api.w.org\/{rel}","templated":true}]}}