{"id":8159,"date":"2024-04-16T09:50:01","date_gmt":"2024-04-16T07:50:01","guid":{"rendered":"https:\/\/www.alliancefrancaise.cz\/plzen\/?page_id=8159"},"modified":"2024-08-15T18:23:26","modified_gmt":"2024-08-15T16:23:26","slug":"sleva-ve-fine-france-plzen","status":"publish","type":"page","link":"https:\/\/www.alliancefrancaise.cz\/plzen\/sleva-ve-fine-france-plzen\/","title":{"rendered":"Sleva ve Fine France, Plze\u0148"},"content":{"rendered":"\n<div class=\"wp-block-group alignfull\"><div class=\"wp-block-group__inner-container is-layout-flow wp-block-group-is-layout-flow\">\n<div class=\"wp-block-columns is-layout-flex wp-container-core-columns-is-layout-9d6595d7 wp-block-columns-is-layout-flex\">\n<div class=\"wp-block-column is-vertically-aligned-top is-layout-flow wp-block-column-is-layout-flow\"><div class=\"wp-block-image\">\n<figure class=\"aligncenter size-full is-resized\"><img loading=\"lazy\" decoding=\"async\" width=\"823\" height=\"690\" src=\"https:\/\/www.alliancefrancaise.cz\/plzen\/wp-content\/uploads\/2024\/08\/2.png\" alt=\"10% sleva fine france\" class=\"wp-image-14801\" style=\"width:514px;height:auto\" srcset=\"https:\/\/www.alliancefrancaise.cz\/plzen\/wp-content\/uploads\/2024\/08\/2.png 823w, https:\/\/www.alliancefrancaise.cz\/plzen\/wp-content\/uploads\/2024\/08\/2-460x386.png 460w, https:\/\/www.alliancefrancaise.cz\/plzen\/wp-content\/uploads\/2024\/08\/2-768x644.png 768w\" sizes=\"auto, (max-width: 823px) 100vw, 823px\" \/><\/figure>\n<\/div><\/div>\n\n\n\n<div class=\"wp-block-column is-vertically-aligned-center is-layout-flow wp-block-column-is-layout-flow\">\n<p>Jste <a href=\"https:\/\/www.alliancefrancaise.cz\/plzen\/chci-se-stat-clenem\/\" data-type=\"page\" data-id=\"7386\">\u010dlenem<\/a> Alliance Francaise de Plze\u0148? D\u00edky spolupr\u00e1ci s majitelem baru <a href=\"https:\/\/www.sylwine.com\/\" target=\"_blank\" rel=\"noopener\">Fine France<\/a> Sylvain Prudhommes m\u016f\u017eete vyu\u017e\u00edt <strong>10% slevu na n\u00e1kup <\/strong>(lahve v\u00edna, s\u00fdry, atd.)<strong> a konzumaci v jeho podniku<strong><mark style=\"background-color:rgba(0, 0, 0, 0)\" class=\"has-inline-color has-red-color\">*<\/mark><\/strong><\/strong>.<\/p>\n\n\n\n<p>\u010clenskou kartu si m\u016f\u017eete vyzvednout na na\u0161\u00ed recepci.<\/p>\n\n\n\n<p><strong><mark style=\"background-color:rgba(0, 0, 0, 0)\" class=\"has-inline-color has-red-color\">*<\/mark><\/strong><em>nevztahuje se na konzumaci b\u011bhem akc\u00ed po\u0159\u00e1dan\u00fdch Alliance Francaise de Plze\u0148 (Rendez-vous francais &#8211; b\u00fdval\u00fd speak dating -, raclettov\u00fd ve\u010der, ochutn\u00e1vka v\u00edn, atd.)<\/em><\/p>\n\n\n\n<p><strong><mark style=\"background-color:rgba(0, 0, 0, 0)\" class=\"has-inline-color has-red-color\">*<\/mark><\/strong><em>nelze kombinovat s jinou slevou<\/em><\/p>\n<\/div>\n<\/div>\n<\/div><\/div>\n","protected":false},"excerpt":{"rendered":"<p>Jste \u010dlenem Alliance Francaise de Plze\u0148? D\u00edky spolupr\u00e1ci s majitelem baru Fine France Sylvain Prudhommes m\u016f\u017eete vyu\u017e\u00edt 10% slevu na n\u00e1kup (lahve v\u00edna, s\u00fdry, atd.) a konzumaci v&#8230;<\/p>\n","protected":false},"author":4,"featured_media":0,"parent":0,"menu_order":0,"comment_status":"closed","ping_status":"closed","template":"","meta":{"_acf_changed":false,"footnotes":""},"class_list":["post-8159","page","type-page","status-publish","hentry"],"acf":[],"_links":{"self":[{"href":"https:\/\/www.alliancefrancaise.cz\/plzen\/wp-json\/wp\/v2\/pages\/8159","targetHints":{"allow":["GET"]}}],"collection":[{"href":"https:\/\/www.alliancefrancaise.cz\/plzen\/wp-json\/wp\/v2\/pages"}],"about":[{"href":"https:\/\/www.alliancefrancaise.cz\/plzen\/wp-json\/wp\/v2\/types\/page"}],"author":[{"embeddable":true,"href":"https:\/\/www.alliancefrancaise.cz\/plzen\/wp-json\/wp\/v2\/users\/4"}],"replies":[{"embeddable":true,"href":"https:\/\/www.alliancefrancaise.cz\/plzen\/wp-json\/wp\/v2\/comments?post=8159"}],"version-history":[{"count":12,"href":"https:\/\/www.alliancefrancaise.cz\/plzen\/wp-json\/wp\/v2\/pages\/8159\/revisions"}],"predecessor-version":[{"id":14853,"href":"https:\/\/www.alliancefrancaise.cz\/plzen\/wp-json\/wp\/v2\/pages\/8159\/revisions\/14853"}],"wp:attachment":[{"href":"https:\/\/www.alliancefrancaise.cz\/plzen\/wp-json\/wp\/v2\/media?parent=8159"}],"curies":[{"name":"wp","href":"https:\/\/api.w.org\/{rel}","templated":true}]}}