{"id":90,"date":"2018-08-05T10:21:42","date_gmt":"2018-08-05T08:21:42","guid":{"rendered":"https:\/\/www.alliancefrancaise.cz\/plzen\/?page_id=90"},"modified":"2026-03-13T08:46:00","modified_gmt":"2026-03-13T07:46:00","slug":"kontakt","status":"publish","type":"page","link":"https:\/\/www.alliancefrancaise.cz\/plzen\/kontakt\/","title":{"rendered":"Kontakt"},"content":{"rendered":"\n<div class=\"wp-block-group\"><div class=\"wp-block-group__inner-container is-layout-constrained wp-block-group-is-layout-constrained\">\n<div class=\"wp-block-columns is-layout-flex wp-container-core-columns-is-layout-9d6595d7 wp-block-columns-is-layout-flex\">\n<div class=\"wp-block-column is-layout-flow wp-block-column-is-layout-flow\">\n<h2 class=\"wp-block-heading h3\">Kontaktn\u00ed \u00fadaje<\/h2>\n\n\n<ul id=\"kontakty-block_1ac1b8b779de3c070f111123e26aea9b\" class=\"kontakty\">\n        <li class=\"mb-4\">\n        <img loading=\"lazy\" decoding=\"async\" width=\"1\" height=\"1\" src=\"https:\/\/www.alliancefrancaise.cz\/plzen\/wp-content\/uploads\/2023\/06\/pin.svg\" class=\"ikonaKontaktu\" alt=\"pin picto\" \/>        <div class=\"textkontaktu\"><p>Alliance Fran\u00e7aise de Plze\u0148<br class=\"autobr\" \/>n\u00e1m\u011bst\u00ed Republiky 12<br class=\"autobr\" \/>301 00 Plze\u0148<\/p>\n<\/div>\n    <\/li>\n    <\/ul>\n\n\n\n<h2 class=\"wp-block-heading h3\"><strong>\u0158editelka<\/strong><\/h2>\n\n\n<ul id=\"kontakty-block_c74e910979d2308cd1b11fddc7eddb43\" class=\"kontakty\">\n        <li class=\"mb-4\">\n        <img loading=\"lazy\" decoding=\"async\" width=\"1\" height=\"1\" src=\"https:\/\/www.alliancefrancaise.cz\/plzen\/wp-content\/uploads\/2023\/06\/email.svg\" class=\"ikonaKontaktu\" alt=\"email picto\" \/>        <div class=\"textkontaktu\"><p><strong>Jana Kozlov\u00e1<\/strong><\/p>\n<p><a href=\"mailto:direction.plzen@alliancefrancaise.cz\" target=\"_blank\" rel=\"noopener\">direction.plzen@alliancefrancaise.cz<\/a><\/p>\n<\/div>\n    <\/li>\n    <\/ul>\n\n\n\n<h2 class=\"wp-block-heading h3\">Otev\u00edrac\u00ed&nbsp;doba&nbsp;recepce<\/h2>\n\n\n\n<p><\/p>\n\n\n<ul id=\"kontakty-block_58a53b3090c12c3803fd9d16a176d024\" class=\"kontakty\">\n        <li class=\"\">\n        <img loading=\"lazy\" decoding=\"async\" width=\"1\" height=\"1\" src=\"https:\/\/www.alliancefrancaise.cz\/plzen\/wp-content\/uploads\/2023\/06\/telefon.svg\" class=\"ikonaKontaktu\" alt=\"telefon picto\" \/>        <div class=\"textkontaktu\"><p>+420 377 237 358<\/p>\n<\/div>\n    <\/li>\n    <\/ul>\n\n\n\n<figure class=\"wp-block-table is-style-stripes\" style=\"font-size:15px\"><table><tbody><tr><td><strong><strong><mark style=\"background-color:rgba(0, 0, 0, 0)\" class=\"has-inline-color has-red-color\">POND\u011aL\u00cd<\/mark><\/strong><\/strong><\/td><td class=\"has-text-align-center\" data-align=\"center\"><strong>15:30 &#8211; 18:00<\/strong><\/td><\/tr><tr><td><strong><strong><mark style=\"background-color:rgba(0, 0, 0, 0)\" class=\"has-inline-color has-red-color\">\u00daTER\u00dd<\/mark><\/strong><\/strong><\/td><td class=\"has-text-align-center\" data-align=\"center\"><strong><strong>15:30 &#8211; 18:00<\/strong><\/strong><\/td><\/tr><tr><td><strong><strong><mark style=\"background-color:rgba(0, 0, 0, 0)\" class=\"has-inline-color has-red-color\">ST\u0158EDA<\/mark><\/strong><\/strong><\/td><td class=\"has-text-align-center\" data-align=\"center\"><strong>15:50 &#8211; 19:00<\/strong><\/td><\/tr><tr><td><strong><strong><mark style=\"background-color:rgba(0, 0, 0, 0)\" class=\"has-inline-color has-red-color\">\u010cTVRTEK<\/mark><\/strong><\/strong><\/td><td class=\"has-text-align-center\" data-align=\"center\"><strong>15:50 &#8211; 19:00<\/strong><\/td><\/tr><tr><td><strong><mark style=\"background-color:rgba(0, 0, 0, 0)\" class=\"has-inline-color has-red-color\">P\u00c1TEK<\/mark><\/strong><\/td><td class=\"has-text-align-center\" data-align=\"center\"><strong>zav\u0159eno<\/strong><\/td><\/tr><\/tbody><\/table><\/figure>\n\n\n\n<div style=\"height:30px\" aria-hidden=\"true\" class=\"wp-block-spacer\"><\/div>\n\n\n\n<div class=\"wp-block-columns is-layout-flex wp-container-core-columns-is-layout-9d6595d7 wp-block-columns-is-layout-flex\">\n<div class=\"wp-block-column is-layout-flow wp-block-column-is-layout-flow\">\n<div class=\"wp-block-group\"><div class=\"wp-block-group__inner-container is-layout-constrained wp-block-group-is-layout-constrained\">\n<h2 class=\"wp-block-heading h3\">Faktura\u010dn\u00ed \u00fadaje<\/h2>\n\n\n<ul id=\"kontakty-block_69a09429dd439c9f5d4c7f2f983f391c\" class=\"kontakty\">\n        <li class=\"mb-4\">\n                <div class=\"textkontaktu\"><p><strong>Alliance Fran\u00e7aise de Plze\u0148, z. s.<\/strong><br \/>\nn\u00e1m\u011bst\u00ed Republiky 105\/12, Vnit\u0159n\u00ed M\u011bsto, 301 00 Plze\u0148<\/p>\n<p>&nbsp;<\/p>\n<p><strong>I\u010cO:<\/strong> 00520012<br \/>\n<strong>DI\u010c:<\/strong> CZ00520012<br \/>\n<strong>Nejsme pl\u00e1tci DPH.<\/strong><\/p>\n<\/div>\n    <\/li>\n    <\/ul>\n<\/div><\/div>\n<\/div>\n\n\n\n<div class=\"wp-block-column is-layout-flow wp-block-column-is-layout-flow\">\n<div class=\"wp-block-group\"><div class=\"wp-block-group__inner-container is-layout-constrained wp-block-group-is-layout-constrained\">\n<h2 class=\"wp-block-heading h3\">Bankovn\u00ed spojen\u00ed<\/h2>\n\n\n<ul id=\"kontakty-block_e809d0948a5284fa04c9ecc1c5687650\" class=\"kontakty\">\n        <li class=\"mb-4\">\n                <div class=\"textkontaktu\"><p><strong>\u010c\u00edslo \u00fa\u010dtu:<\/strong> 4934361\/0100<br \/>\n<strong>Banka:<\/strong> Komer\u010dn\u00ed banka<br \/>\n<strong>IBAN:<\/strong> CZ1101000000000004934361<br \/>\n<strong>BIC\/SWIFT:<\/strong> KOMBCZPPXXX<\/p>\n<\/div>\n    <\/li>\n    <\/ul>\n<\/div><\/div>\n<\/div>\n<\/div>\n<\/div>\n\n\n\n<div class=\"wp-block-column is-layout-flow wp-block-column-is-layout-flow\">\n<iframe src=\"https:\/\/www.google.com\/maps\/embed?pb=!1m14!1m8!1m3!1d10312.332437131445!2d13.3786142!3d49.74688!3m2!1i1024!2i768!4f13.1!3m3!1m2!1s0x0%3A0x64fabae2a380847a!2sAlliance%20fran%C3%A7aise%20de%20Plzen!5e0!3m2!1scs!2scz!4v1658312415598!5m2!1scs!2scz\" width=\"100%\" height=\"450\" style=\"border:0;\" allowfullscreen=\"\" loading=\"lazy\" referrerpolicy=\"no-referrer-when-downgrade\"><\/iframe>\n\n\n\n<div style=\"height:30px\" aria-hidden=\"true\" class=\"wp-block-spacer\"><\/div>\n\n\n\n<div class=\"wp-block-group\"><div class=\"wp-block-group__inner-container is-layout-constrained wp-block-group-is-layout-constrained\">\n<h2 class=\"wp-block-heading h3\" id=\"newsletter-kontakt\">Newsletter<\/h2>\n\n\n\n<p>Pokud si p\u0159ejete dost\u00e1vat na\u0161e m\u011bs\u00ed\u010dn\u00ed zpravodaje, vypl\u0148te pros\u00edm n\u00ed\u017ee uveden\u00fd formul\u00e1\u0159!<\/p>\n\n\n\n<div id=\"mc_embed_shell\">\n      <link href=\"\/\/cdn-images.mailchimp.com\/embedcode\/classic-061523.css\" rel=\"stylesheet\" type=\"text\/css\">\n  <style type=\"text\/css\">\n        #mc_embed_signup{background:#fff; false;clear:left; font:14px Helvetica,Arial,sans-serif; width: 100%;}\n        \/* Add your own Mailchimp form style overrides in your site stylesheet or in this style block.\n           We recommend moving this block and the preceding CSS link to the HEAD of your HTML file. *\/\n<\/style>\n<div id=\"mc_embed_signup\">\n    <form action=\"https:\/\/alliancefrancaise.us20.list-manage.com\/subscribe\/post?u=2709918f8e3710f56258da961&amp;id=542c20adb2&amp;f_id=00d87ceaf0\" method=\"post\" id=\"mc-embedded-subscribe-form\" name=\"mc-embedded-subscribe-form\" class=\"validate\" target=\"_blank\">\n        <div id=\"mc_embed_signup_scroll\"><h2>Dost\u00e1vejte n\u00e1\u0161 newsletter!<\/h2>\n            <div class=\"indicates-required\"><span class=\"asterisk\">*<\/span> indicates required<\/div>\n            <div class=\"mc-field-group\"><label for=\"mce-EMAIL\">E-mail<span class=\"asterisk\">*<\/span><\/label><input type=\"email\" name=\"EMAIL\" class=\"required email\" id=\"mce-EMAIL\" required=\"\" value=\"\"><\/div><div class=\"mc-field-group\"><label for=\"mce-FNAME\">Jm\u00e9no <\/label><input type=\"text\" name=\"FNAME\" class=\" text\" id=\"mce-FNAME\" value=\"\"><\/div><div class=\"mc-field-group\"><label for=\"mce-LNAME\">P\u0159\u00edjmen\u00ed <\/label><input type=\"text\" name=\"LNAME\" class=\" text\" id=\"mce-LNAME\" value=\"\"><\/div>\n<div hidden=\"\"><input type=\"hidden\" name=\"tags\" value=\"3502819\"><\/div>\n        <div id=\"mce-responses\" class=\"clear foot\">\n            <div class=\"response\" id=\"mce-error-response\" style=\"display: none;\"><\/div>\n            <div class=\"response\" id=\"mce-success-response\" style=\"display: none;\"><\/div>\n        <\/div>\n    <div aria-hidden=\"true\" style=\"position: absolute; left: -5000px;\">\n        \/* real people should not fill this in and expect good things &#8211; do not remove this or risk form bot signups *\/\n        <input type=\"text\" name=\"b_2709918f8e3710f56258da961_542c20adb2\" tabindex=\"-1\" value=\"\">\n    <\/div>\n        <div class=\"optionalParent\">\n            <div class=\"clear foot\">\n                <input type=\"submit\" name=\"subscribe\" id=\"mc-embedded-subscribe\" class=\"button\" value=\"Potvrdit\">\n                <p style=\"margin: 0px auto;\"><a href=\"http:\/\/eepurl.com\/iK5zaA\" title=\"Avec Mailchimp, les campagnes de marketing par e-mail sont un jeu d&#039;enfant\" target=\"_blank\" rel=\"noopener\"><span style=\"display: inline-block; background-color: transparent; border-radius: 4px;\"><img decoding=\"async\" class=\"refferal_badge\" src=\"https:\/\/digitalasset.intuit.com\/render\/content\/dam\/intuit\/mc-fe\/en_us\/images\/intuit-mc-rewards-text-dark.svg\" alt=\"Intuit&nbsp;Mailchimp\" style=\"width: 220px; height: 40px; display: flex; padding: 2px 0px; justify-content: center; align-items: center;\"><\/span><\/a><\/p>\n            <\/div>\n        <\/div>\n    <\/div>\n<\/form>\n<\/div>\n<script type=\"text\/javascript\" src=\"\/\/s3.amazonaws.com\/downloads.mailchimp.com\/js\/mc-validate.js\"><\/script><script type=\"text\/javascript\">(function($) {window.fnames = new Array(); window.ftypes = new Array();fnames[0]='EMAIL';ftypes[0]='email';fnames[1]='FNAME';ftypes[1]='text';fnames[2]='LNAME';ftypes[2]='text';fnames[3]='ADDRESS';ftypes[3]='address';fnames[4]='PHONE';ftypes[4]='phone';fnames[5]='BIRTHDAY';ftypes[5]='birthday';}(jQuery));var $mcj = jQuery.noConflict(true);<\/script><\/div>\n<\/div><\/div>\n<\/div>\n<\/div>\n<\/div><\/div>\n","protected":false},"excerpt":{"rendered":"<p>Kontaktn\u00ed \u00fadaje \u0158editelka Otev\u00edrac\u00ed&nbsp;doba&nbsp;recepce POND\u011aL\u00cd 15:30 &#8211; 18:00 \u00daTER\u00dd 15:30 &#8211; 18:00 ST\u0158EDA 15:50 &#8211; 19:00 \u010cTVRTEK 15:50 &#8211; 19:00 P\u00c1TEK zav\u0159eno Faktura\u010dn\u00ed \u00fadaje Bankovn\u00ed spojen\u00ed Newsletter Pokud&#8230;<\/p>\n","protected":false},"author":1,"featured_media":0,"parent":0,"menu_order":0,"comment_status":"closed","ping_status":"closed","template":"","meta":{"_acf_changed":false,"footnotes":""},"class_list":["post-90","page","type-page","status-publish","hentry"],"acf":[],"_links":{"self":[{"href":"https:\/\/www.alliancefrancaise.cz\/plzen\/wp-json\/wp\/v2\/pages\/90","targetHints":{"allow":["GET"]}}],"collection":[{"href":"https:\/\/www.alliancefrancaise.cz\/plzen\/wp-json\/wp\/v2\/pages"}],"about":[{"href":"https:\/\/www.alliancefrancaise.cz\/plzen\/wp-json\/wp\/v2\/types\/page"}],"author":[{"embeddable":true,"href":"https:\/\/www.alliancefrancaise.cz\/plzen\/wp-json\/wp\/v2\/users\/1"}],"replies":[{"embeddable":true,"href":"https:\/\/www.alliancefrancaise.cz\/plzen\/wp-json\/wp\/v2\/comments?post=90"}],"version-history":[{"count":20,"href":"https:\/\/www.alliancefrancaise.cz\/plzen\/wp-json\/wp\/v2\/pages\/90\/revisions"}],"predecessor-version":[{"id":16502,"href":"https:\/\/www.alliancefrancaise.cz\/plzen\/wp-json\/wp\/v2\/pages\/90\/revisions\/16502"}],"wp:attachment":[{"href":"https:\/\/www.alliancefrancaise.cz\/plzen\/wp-json\/wp\/v2\/media?parent=90"}],"curies":[{"name":"wp","href":"https:\/\/api.w.org\/{rel}","templated":true}]}}